{"id":4663,"date":"2024-02-26T09:43:49","date_gmt":"2024-02-26T09:43:49","guid":{"rendered":"https:\/\/scc-export.com\/pure-air-lavender-deodorant-wax\/"},"modified":"2024-10-16T07:12:08","modified_gmt":"2024-10-16T07:12:08","slug":"sap-thom-khu-mui-pure-air-huong-hoa-oai-huong","status":"publish","type":"product","link":"https:\/\/scc-export.com\/vi\/sap-thom-khu-mui-pure-air-huong-hoa-oai-huong\/","title":{"rendered":"S\u00e1p th\u01a1m kh\u1eed m\u00f9i Pure Air h\u01b0\u01a1ng Hoa O\u1ea3i H\u01b0\u01a1ng"},"content":{"rendered":"","protected":false},"excerpt":{"rendered":"<p>S\u00e1p th\u01a1m kh\u1eed m\u00f9i Pure Air h\u01b0\u01a1ng Hoa O\u1ea3i H\u01b0\u01a1ng l\u00e0 s\u1ef1 k\u1ebft h\u1ee3p ho\u00e0n h\u1ea3o gi\u1eefa h\u01b0\u01a1ng hoa o\u1ea3i h\u01b0\u01a1ng t\u1ef1 nhi\u00ean v\u00e0 c\u00f4ng ngh\u1ec7 kh\u1eed m\u00f9i t\u1eeb M\u1ef9, mang l\u1ea1i h\u01b0\u01a1ng th\u01a1m t\u01b0\u01a1i m\u00e1t v\u00e0 d\u1ec5 ch\u1ecbu cho c\u0103n nh\u00e0 c\u1ee7a b\u1ea1n<\/p>\n","protected":false},"featured_media":1265,"comment_status":"open","ping_status":"closed","template":"","meta":{"_acf_changed":false,"seo_booster_metabox":""},"product_brand":[],"product_cat":[172],"product_tag":[174],"products":[275],"fragrance":[],"capacity":[283],"class_list":{"0":"post-4663","1":"product","2":"type-product","3":"status-publish","4":"has-post-thumbnail","6":"product_cat-pure-air","7":"product_tag-sap-thom","8":"products-sap-khu-mui-pure-air","9":"capacity-danh-muc-sap-khu-mui-180g","11":"first","12":"instock","13":"shipping-taxable","14":"purchasable","15":"product-type-simple"},"acf":[],"_links":{"self":[{"href":"https:\/\/scc-export.com\/vi\/wp-json\/wp\/v2\/product\/4663","targetHints":{"allow":["GET"]}}],"collection":[{"href":"https:\/\/scc-export.com\/vi\/wp-json\/wp\/v2\/product"}],"about":[{"href":"https:\/\/scc-export.com\/vi\/wp-json\/wp\/v2\/types\/product"}],"replies":[{"embeddable":true,"href":"https:\/\/scc-export.com\/vi\/wp-json\/wp\/v2\/comments?post=4663"}],"version-history":[{"count":0,"href":"https:\/\/scc-export.com\/vi\/wp-json\/wp\/v2\/product\/4663\/revisions"}],"wp:featuredmedia":[{"embeddable":true,"href":"https:\/\/scc-export.com\/vi\/wp-json\/wp\/v2\/media\/1265"}],"wp:attachment":[{"href":"https:\/\/scc-export.com\/vi\/wp-json\/wp\/v2\/media?parent=4663"}],"wp:term":[{"taxonomy":"product_brand","embeddable":true,"href":"https:\/\/scc-export.com\/vi\/wp-json\/wp\/v2\/product_brand?post=4663"},{"taxonomy":"product_cat","embeddable":true,"href":"https:\/\/scc-export.com\/vi\/wp-json\/wp\/v2\/product_cat?post=4663"},{"taxonomy":"product_tag","embeddable":true,"href":"https:\/\/scc-export.com\/vi\/wp-json\/wp\/v2\/product_tag?post=4663"},{"taxonomy":"products","embeddable":true,"href":"https:\/\/scc-export.com\/vi\/wp-json\/wp\/v2\/products?post=4663"},{"taxonomy":"fragrance","embeddable":true,"href":"https:\/\/scc-export.com\/vi\/wp-json\/wp\/v2\/fragrance?post=4663"},{"taxonomy":"capacity","embeddable":true,"href":"https:\/\/scc-export.com\/vi\/wp-json\/wp\/v2\/capacity?post=4663"}],"curies":[{"name":"wp","href":"https:\/\/api.w.org\/{rel}","templated":true}]}}