{"id":4667,"date":"2024-02-26T09:43:48","date_gmt":"2024-02-26T09:43:48","guid":{"rendered":"https:\/\/scc-export.com\/fresh-black-locust-conditioner\/"},"modified":"2024-10-16T07:12:09","modified_gmt":"2024-10-16T07:12:09","slug":"dau-xa-fresh-bo-ket","status":"publish","type":"product","link":"https:\/\/scc-export.com\/vi\/dau-xa-fresh-bo-ket\/","title":{"rendered":"D\u1ea7u x\u1ea3 Fresh B\u1ed3 K\u1ebft"},"content":{"rendered":"<p>&nbsp;<\/p>\n<div id=\"eJOY__extension_root\" class=\"eJOY__extension_root_class\" style=\"all: unset;\"><\/div>\n","protected":false},"excerpt":{"rendered":"<p>D\u1ea7u x\u1ea3 Fresh B\u1ed3 K\u1ebft s\u1eed d\u1ee5ng c\u00f4ng th\u1ee9c ph\u1ed1i ch\u1ebf truy\u1ec1n th\u1ed1ng \u0111\u1eb7c bi\u1ec7t, k\u1ebft h\u1ee3p tinh ch\u1ea5t t\u1eeb tr\u00e1i b\u1ed3 k\u1ebft \u0111en t\u1ef1 nhi\u00ean nguy\u00ean ch\u1ea5t , d\u1ea7u h\u1ea1t chia v\u1edbi nhi\u1ec1u d\u01b0\u1ee1ng ch\u1ea5t gi\u00fap t\u00f3c su\u00f4n m\u1ec1m, b\u00f3ng m\u01b0\u1ee3t v\u00e0 \u0111en t\u1ef1 nhi\u00ean.<\/p>\n","protected":false},"featured_media":1235,"comment_status":"open","ping_status":"closed","template":"","meta":{"_acf_changed":false,"seo_booster_metabox":""},"product_brand":[],"product_cat":[177],"product_tag":[178],"products":[251],"fragrance":[],"capacity":[295],"class_list":{"0":"post-4667","1":"product","2":"type-product","3":"status-publish","4":"has-post-thumbnail","6":"product_cat-fresh","7":"product_tag-dau-xa","8":"products-dau-xa-fresh","9":"capacity-danh-muc-dau-xa-320g","11":"first","12":"instock","13":"shipping-taxable","14":"purchasable","15":"product-type-simple"},"acf":[],"_links":{"self":[{"href":"https:\/\/scc-export.com\/vi\/wp-json\/wp\/v2\/product\/4667","targetHints":{"allow":["GET"]}}],"collection":[{"href":"https:\/\/scc-export.com\/vi\/wp-json\/wp\/v2\/product"}],"about":[{"href":"https:\/\/scc-export.com\/vi\/wp-json\/wp\/v2\/types\/product"}],"replies":[{"embeddable":true,"href":"https:\/\/scc-export.com\/vi\/wp-json\/wp\/v2\/comments?post=4667"}],"version-history":[{"count":0,"href":"https:\/\/scc-export.com\/vi\/wp-json\/wp\/v2\/product\/4667\/revisions"}],"wp:featuredmedia":[{"embeddable":true,"href":"https:\/\/scc-export.com\/vi\/wp-json\/wp\/v2\/media\/1235"}],"wp:attachment":[{"href":"https:\/\/scc-export.com\/vi\/wp-json\/wp\/v2\/media?parent=4667"}],"wp:term":[{"taxonomy":"product_brand","embeddable":true,"href":"https:\/\/scc-export.com\/vi\/wp-json\/wp\/v2\/product_brand?post=4667"},{"taxonomy":"product_cat","embeddable":true,"href":"https:\/\/scc-export.com\/vi\/wp-json\/wp\/v2\/product_cat?post=4667"},{"taxonomy":"product_tag","embeddable":true,"href":"https:\/\/scc-export.com\/vi\/wp-json\/wp\/v2\/product_tag?post=4667"},{"taxonomy":"products","embeddable":true,"href":"https:\/\/scc-export.com\/vi\/wp-json\/wp\/v2\/products?post=4667"},{"taxonomy":"fragrance","embeddable":true,"href":"https:\/\/scc-export.com\/vi\/wp-json\/wp\/v2\/fragrance?post=4667"},{"taxonomy":"capacity","embeddable":true,"href":"https:\/\/scc-export.com\/vi\/wp-json\/wp\/v2\/capacity?post=4667"}],"curies":[{"name":"wp","href":"https:\/\/api.w.org\/{rel}","templated":true}]}}