{"id":4674,"date":"2024-02-26T09:43:48","date_gmt":"2024-02-26T09:43:48","guid":{"rendered":"https:\/\/scc-export.com\/pure-air-rose-room-spray\/"},"modified":"2024-10-16T07:12:09","modified_gmt":"2024-10-16T07:12:09","slug":"xit-phong-pure-air-huong-hoa-hong","status":"publish","type":"product","link":"https:\/\/scc-export.com\/vi\/xit-phong-pure-air-huong-hoa-hong\/","title":{"rendered":"X\u1ecbt ph\u00f2ng Pure Air h\u01b0\u01a1ng Hoa H\u1ed3ng"},"content":{"rendered":"","protected":false},"excerpt":{"rendered":"<p>X\u1ecbt ph\u00f2ng Pure Air h\u01b0\u01a1ng Hoa H\u1ed3ng l\u00e0 s\u1ef1 k\u1ebft h\u1ee3p ho\u00e0n h\u1ea3o gi\u1eefa h\u01b0\u01a1ng hoa h\u1ed3ng t\u1ef1 nhi\u00ean v\u00e0 c\u00f4ng ngh\u1ec7 kh\u1eed m\u00f9i \u0111\u1ebfn t\u1eeb M\u1ef9, mang l\u1ea1i h\u01b0\u01a1ng th\u01a1m tho\u00e1ng m\u00e1t, tho\u1ea3i m\u00e1i, trong l\u00e0nh, d\u1ec5 ch\u1ecbu cho c\u0103n nh\u00e0 c\u1ee7a b\u1ea1n<\/p>\n","protected":false},"featured_media":1245,"comment_status":"open","ping_status":"closed","template":"","meta":{"_acf_changed":false,"seo_booster_metabox":""},"product_brand":[],"product_cat":[172],"product_tag":[170],"products":[247],"fragrance":[],"capacity":[289],"class_list":{"0":"post-4674","1":"product","2":"type-product","3":"status-publish","4":"has-post-thumbnail","6":"product_cat-pure-air","7":"product_tag-xit-phong","8":"products-xit-phong-pure-air","9":"capacity-danh-muc-xit-phong-280ml","11":"first","12":"instock","13":"shipping-taxable","14":"purchasable","15":"product-type-simple"},"acf":[],"_links":{"self":[{"href":"https:\/\/scc-export.com\/vi\/wp-json\/wp\/v2\/product\/4674","targetHints":{"allow":["GET"]}}],"collection":[{"href":"https:\/\/scc-export.com\/vi\/wp-json\/wp\/v2\/product"}],"about":[{"href":"https:\/\/scc-export.com\/vi\/wp-json\/wp\/v2\/types\/product"}],"replies":[{"embeddable":true,"href":"https:\/\/scc-export.com\/vi\/wp-json\/wp\/v2\/comments?post=4674"}],"version-history":[{"count":0,"href":"https:\/\/scc-export.com\/vi\/wp-json\/wp\/v2\/product\/4674\/revisions"}],"wp:featuredmedia":[{"embeddable":true,"href":"https:\/\/scc-export.com\/vi\/wp-json\/wp\/v2\/media\/1245"}],"wp:attachment":[{"href":"https:\/\/scc-export.com\/vi\/wp-json\/wp\/v2\/media?parent=4674"}],"wp:term":[{"taxonomy":"product_brand","embeddable":true,"href":"https:\/\/scc-export.com\/vi\/wp-json\/wp\/v2\/product_brand?post=4674"},{"taxonomy":"product_cat","embeddable":true,"href":"https:\/\/scc-export.com\/vi\/wp-json\/wp\/v2\/product_cat?post=4674"},{"taxonomy":"product_tag","embeddable":true,"href":"https:\/\/scc-export.com\/vi\/wp-json\/wp\/v2\/product_tag?post=4674"},{"taxonomy":"products","embeddable":true,"href":"https:\/\/scc-export.com\/vi\/wp-json\/wp\/v2\/products?post=4674"},{"taxonomy":"fragrance","embeddable":true,"href":"https:\/\/scc-export.com\/vi\/wp-json\/wp\/v2\/fragrance?post=4674"},{"taxonomy":"capacity","embeddable":true,"href":"https:\/\/scc-export.com\/vi\/wp-json\/wp\/v2\/capacity?post=4674"}],"curies":[{"name":"wp","href":"https:\/\/api.w.org\/{rel}","templated":true}]}}