{"id":4684,"date":"2024-06-04T09:14:29","date_gmt":"2024-06-04T09:14:29","guid":{"rendered":"https:\/\/scc-export.com\/spring-rosy-powder-room-spray\/"},"modified":"2024-10-16T07:12:06","modified_gmt":"2024-10-16T07:12:06","slug":"xit-phong-spring-huong-hong-phan","status":"publish","type":"product","link":"https:\/\/scc-export.com\/vi\/xit-phong-spring-huong-hong-phan\/","title":{"rendered":"X\u1ecbt ph\u00f2ng Spring h\u01b0\u01a1ng H\u1ed3ng Ph\u1ea5n"},"content":{"rendered":"","protected":false},"excerpt":{"rendered":"<p>X\u1ecbt ph\u00f2ng Spring h\u01b0\u01a1ng H\u1ed3ng Ph\u1ea5n gi\u00fap lo\u1ea1i b\u1ecf m\u00f9i h\u00f4i kh\u00f3 ch\u1ecbu, mang l\u1ea1i kh\u00f4ng gian t\u01b0\u01a1i m\u00e1t v\u00e0 trong l\u00e0nh cho c\u0103n nh\u00e0 c\u1ee7a b\u1ea1n<\/p>\n","protected":false},"featured_media":1301,"comment_status":"open","ping_status":"closed","template":"","meta":{"_acf_changed":false,"seo_booster_metabox":""},"product_brand":[],"product_cat":[169],"product_tag":[170],"products":[239],"fragrance":[],"capacity":[299],"class_list":{"0":"post-4684","1":"product","2":"type-product","3":"status-publish","4":"has-post-thumbnail","6":"product_cat-spring","7":"product_tag-xit-phong","8":"products-xit-phong-spring","9":"capacity-danh-muc-xit-phong-400ml","11":"first","12":"instock","13":"shipping-taxable","14":"purchasable","15":"product-type-simple"},"acf":[],"_links":{"self":[{"href":"https:\/\/scc-export.com\/vi\/wp-json\/wp\/v2\/product\/4684","targetHints":{"allow":["GET"]}}],"collection":[{"href":"https:\/\/scc-export.com\/vi\/wp-json\/wp\/v2\/product"}],"about":[{"href":"https:\/\/scc-export.com\/vi\/wp-json\/wp\/v2\/types\/product"}],"replies":[{"embeddable":true,"href":"https:\/\/scc-export.com\/vi\/wp-json\/wp\/v2\/comments?post=4684"}],"version-history":[{"count":0,"href":"https:\/\/scc-export.com\/vi\/wp-json\/wp\/v2\/product\/4684\/revisions"}],"wp:featuredmedia":[{"embeddable":true,"href":"https:\/\/scc-export.com\/vi\/wp-json\/wp\/v2\/media\/1301"}],"wp:attachment":[{"href":"https:\/\/scc-export.com\/vi\/wp-json\/wp\/v2\/media?parent=4684"}],"wp:term":[{"taxonomy":"product_brand","embeddable":true,"href":"https:\/\/scc-export.com\/vi\/wp-json\/wp\/v2\/product_brand?post=4684"},{"taxonomy":"product_cat","embeddable":true,"href":"https:\/\/scc-export.com\/vi\/wp-json\/wp\/v2\/product_cat?post=4684"},{"taxonomy":"product_tag","embeddable":true,"href":"https:\/\/scc-export.com\/vi\/wp-json\/wp\/v2\/product_tag?post=4684"},{"taxonomy":"products","embeddable":true,"href":"https:\/\/scc-export.com\/vi\/wp-json\/wp\/v2\/products?post=4684"},{"taxonomy":"fragrance","embeddable":true,"href":"https:\/\/scc-export.com\/vi\/wp-json\/wp\/v2\/fragrance?post=4684"},{"taxonomy":"capacity","embeddable":true,"href":"https:\/\/scc-export.com\/vi\/wp-json\/wp\/v2\/capacity?post=4684"}],"curies":[{"name":"wp","href":"https:\/\/api.w.org\/{rel}","templated":true}]}}