{"id":4689,"date":"2024-02-26T09:43:47","date_gmt":"2024-02-26T09:43:47","guid":{"rendered":"https:\/\/scc-export.com\/fresh-grapefruit-essential-oil-shampoo\/"},"modified":"2024-10-16T07:12:11","modified_gmt":"2024-10-16T07:12:11","slug":"dau-goi-fresh-tinh-dau-buoi","status":"publish","type":"product","link":"https:\/\/scc-export.com\/vi\/dau-goi-fresh-tinh-dau-buoi\/","title":{"rendered":"D\u1ea7u g\u1ed9i Fresh Tinh d\u1ea7u B\u01b0\u1edfi"},"content":{"rendered":"<p>&nbsp;<\/p>\n<div id=\"eJOY__extension_root\" class=\"eJOY__extension_root_class\" style=\"all: unset;\"><\/div>\n","protected":false},"excerpt":{"rendered":"<p>D\u1ea7u g\u1ed9i Fresh Tinh d\u1ea7u B\u01b0\u1edfi v\u1edbi c\u00f4ng th\u1ee9c c\u1ea3i ti\u1ebfn m\u1edbi t\u1eeb Tinh d\u1ea7u B\u01b0\u1edfi h\u1ed3ng \u0111\u01b0\u1ee3c b\u1ed5 sung th\u00eam Pro Vitamin B5 v\u00e0 ba th\u00e0nh ph\u1ea7n ch\u00ednh trong tinh ch\u1ea5t Fresh Ng\u0103n ng\u1eeba g\u00e3y r\u1ee5ng, l\u00e0m s\u1ea1ch b\u1ee5i b\u1ea9n tr\u00ean t\u00f3c, t\u0103ng c\u01b0\u1eddng \u0111\u1ed9 ch\u1eafc kh\u1ecfe cho m\u00e1i t\u00f3c c\u1ee7a b\u1ea1n, gi\u00fap b\u1ea1n t\u1ef1 tin b\u1ee9t ph\u00e1 su\u1ed1t c\u1ea3 ng\u00e0y.<\/p>\n<div id=\"eJOY__extension_root\" class=\"eJOY__extension_root_class\" style=\"all: unset;\"><\/div>\n","protected":false},"featured_media":1221,"comment_status":"open","ping_status":"closed","template":"","meta":{"_acf_changed":false,"seo_booster_metabox":""},"product_brand":[],"product_cat":[177],"product_tag":[184],"products":[271],"fragrance":[],"capacity":[285],"class_list":{"0":"post-4689","1":"product","2":"type-product","3":"status-publish","4":"has-post-thumbnail","6":"product_cat-fresh","7":"product_tag-dau-goi","8":"products-dau-goi-fresh","9":"capacity-danh-muc-dau-goi-180g","11":"first","12":"instock","13":"shipping-taxable","14":"purchasable","15":"product-type-simple"},"acf":[],"_links":{"self":[{"href":"https:\/\/scc-export.com\/vi\/wp-json\/wp\/v2\/product\/4689","targetHints":{"allow":["GET"]}}],"collection":[{"href":"https:\/\/scc-export.com\/vi\/wp-json\/wp\/v2\/product"}],"about":[{"href":"https:\/\/scc-export.com\/vi\/wp-json\/wp\/v2\/types\/product"}],"replies":[{"embeddable":true,"href":"https:\/\/scc-export.com\/vi\/wp-json\/wp\/v2\/comments?post=4689"}],"version-history":[{"count":0,"href":"https:\/\/scc-export.com\/vi\/wp-json\/wp\/v2\/product\/4689\/revisions"}],"wp:featuredmedia":[{"embeddable":true,"href":"https:\/\/scc-export.com\/vi\/wp-json\/wp\/v2\/media\/1221"}],"wp:attachment":[{"href":"https:\/\/scc-export.com\/vi\/wp-json\/wp\/v2\/media?parent=4689"}],"wp:term":[{"taxonomy":"product_brand","embeddable":true,"href":"https:\/\/scc-export.com\/vi\/wp-json\/wp\/v2\/product_brand?post=4689"},{"taxonomy":"product_cat","embeddable":true,"href":"https:\/\/scc-export.com\/vi\/wp-json\/wp\/v2\/product_cat?post=4689"},{"taxonomy":"product_tag","embeddable":true,"href":"https:\/\/scc-export.com\/vi\/wp-json\/wp\/v2\/product_tag?post=4689"},{"taxonomy":"products","embeddable":true,"href":"https:\/\/scc-export.com\/vi\/wp-json\/wp\/v2\/products?post=4689"},{"taxonomy":"fragrance","embeddable":true,"href":"https:\/\/scc-export.com\/vi\/wp-json\/wp\/v2\/fragrance?post=4689"},{"taxonomy":"capacity","embeddable":true,"href":"https:\/\/scc-export.com\/vi\/wp-json\/wp\/v2\/capacity?post=4689"}],"curies":[{"name":"wp","href":"https:\/\/api.w.org\/{rel}","templated":true}]}}