{"id":4691,"date":"2024-02-26T09:43:47","date_gmt":"2024-02-26T09:43:47","guid":{"rendered":"https:\/\/scc-export.com\/fresh-7-nutrients-shampoo\/"},"modified":"2024-10-16T07:12:10","modified_gmt":"2024-10-16T07:12:10","slug":"dau-goi-fresh-7-duong-chat-thien-nhien","status":"publish","type":"product","link":"https:\/\/scc-export.com\/vi\/dau-goi-fresh-7-duong-chat-thien-nhien\/","title":{"rendered":"D\u1ea7u g\u1ed9i Fresh 7 D\u01b0\u1ee1ng ch\u1ea5t thi\u00ean nhi\u00ean"},"content":{"rendered":"<p>&nbsp;<\/p>\n<div id=\"eJOY__extension_root\" class=\"eJOY__extension_root_class\" style=\"all: unset;\"><\/div>\n","protected":false},"excerpt":{"rendered":"<p>D\u1ea7u g\u1ed9i Fresh 7 d\u01b0\u1ee1ng ch\u1ea5t thi\u00ean nhi\u00ean l\u00e0 s\u1ef1 k\u1ebft h\u1ee3p gi\u1eefa b\u1ea3y d\u01b0\u1ee1ng ch\u1ea5t thi\u00ean nhi\u00ean gi\u00fap gi\u1eef cho m\u00e1i t\u00f3c ch\u1eafc kh\u1ecfe, ph\u1ee5c h\u1ed3i h\u01b0 t\u1ed5n v\u00e0 t\u0103ng \u0111\u1ed9 b\u00f3ng m\u01b0\u1ee3t cho t\u00f3c, gi\u00fap m\u00e1i t\u00f3c b\u1ed3ng b\u1ec1nh v\u00e0 kh\u1ecfe m\u1ea1nh<\/p>\n<div id=\"eJOY__extension_root\" class=\"eJOY__extension_root_class\" style=\"all: unset;\"><\/div>\n","protected":false},"featured_media":1225,"comment_status":"open","ping_status":"closed","template":"","meta":{"_acf_changed":false,"seo_booster_metabox":""},"product_brand":[],"product_cat":[177],"product_tag":[184],"products":[271],"fragrance":[],"capacity":[285],"class_list":{"0":"post-4691","1":"product","2":"type-product","3":"status-publish","4":"has-post-thumbnail","6":"product_cat-fresh","7":"product_tag-dau-goi","8":"products-dau-goi-fresh","9":"capacity-danh-muc-dau-goi-180g","11":"first","12":"instock","13":"shipping-taxable","14":"purchasable","15":"product-type-simple"},"acf":[],"_links":{"self":[{"href":"https:\/\/scc-export.com\/vi\/wp-json\/wp\/v2\/product\/4691","targetHints":{"allow":["GET"]}}],"collection":[{"href":"https:\/\/scc-export.com\/vi\/wp-json\/wp\/v2\/product"}],"about":[{"href":"https:\/\/scc-export.com\/vi\/wp-json\/wp\/v2\/types\/product"}],"replies":[{"embeddable":true,"href":"https:\/\/scc-export.com\/vi\/wp-json\/wp\/v2\/comments?post=4691"}],"version-history":[{"count":0,"href":"https:\/\/scc-export.com\/vi\/wp-json\/wp\/v2\/product\/4691\/revisions"}],"wp:featuredmedia":[{"embeddable":true,"href":"https:\/\/scc-export.com\/vi\/wp-json\/wp\/v2\/media\/1225"}],"wp:attachment":[{"href":"https:\/\/scc-export.com\/vi\/wp-json\/wp\/v2\/media?parent=4691"}],"wp:term":[{"taxonomy":"product_brand","embeddable":true,"href":"https:\/\/scc-export.com\/vi\/wp-json\/wp\/v2\/product_brand?post=4691"},{"taxonomy":"product_cat","embeddable":true,"href":"https:\/\/scc-export.com\/vi\/wp-json\/wp\/v2\/product_cat?post=4691"},{"taxonomy":"product_tag","embeddable":true,"href":"https:\/\/scc-export.com\/vi\/wp-json\/wp\/v2\/product_tag?post=4691"},{"taxonomy":"products","embeddable":true,"href":"https:\/\/scc-export.com\/vi\/wp-json\/wp\/v2\/products?post=4691"},{"taxonomy":"fragrance","embeddable":true,"href":"https:\/\/scc-export.com\/vi\/wp-json\/wp\/v2\/fragrance?post=4691"},{"taxonomy":"capacity","embeddable":true,"href":"https:\/\/scc-export.com\/vi\/wp-json\/wp\/v2\/capacity?post=4691"}],"curies":[{"name":"wp","href":"https:\/\/api.w.org\/{rel}","templated":true}]}}