{"id":4693,"date":"2024-02-26T09:43:47","date_gmt":"2024-02-26T09:43:47","guid":{"rendered":"https:\/\/scc-export.com\/fresh-black-locust-shampoo\/"},"modified":"2024-10-16T07:12:10","modified_gmt":"2024-10-16T07:12:10","slug":"dau-goi-fresh-bo-ket","status":"publish","type":"product","link":"https:\/\/scc-export.com\/vi\/dau-goi-fresh-bo-ket\/","title":{"rendered":"D\u1ea7u g\u1ed9i Fresh B\u1ed3 K\u1ebft"},"content":{"rendered":"<p>&nbsp;<\/p>\n<div id=\"eJOY__extension_root\" class=\"eJOY__extension_root_class\" style=\"all: unset;\"><\/div>\n","protected":false},"excerpt":{"rendered":"<p>D\u1ea7u g\u1ed9i Fresh B\u1ed3 K\u1ebft v\u1edbi t\u00ean g\u1ecdi th\u00e2n th\u01b0\u01a1ng \u201cB\u1ed3 k\u1ebft n\u1eafp h\u1ed3ng\u201d. Tr\u1ea3i qua h\u01a1n 30 n\u0103m ph\u00e1t tri\u1ec3n tr\u00ean th\u1ecb tr\u01b0\u1eddng, nh\u1eadn \u0111\u01b0\u1ee3c s\u1ef1 \u1ee7ng h\u1ed9 v\u00e0 tin t\u01b0\u1edfng c\u1ee7a kh\u00e1ch h\u00e0ng kh\u1eafp n\u01a1i, d\u1ea7u g\u1ed9i Fresh B\u1ed3 K\u1ebft v\u1eabn gi\u1eef \u0111\u01b0\u1ee3c gi\u00e1 tr\u1ecb s\u1ea3n ph\u1ea9m 100% t\u1eeb thi\u00ean nhi\u00ean c\u00f9ng c\u00f4ng th\u1ee9c chi\u1ebft xu\u1ea5t t\u1eeb tr\u00e1i b\u1ed3 k\u1ebft t\u1ef1 nhi\u00ean gi\u00fap nu\u00f4i d\u01b0\u1ee1ng m\u00e1i t\u00f3c ch\u1eafc kh\u1ecfe, su\u00f4n m\u01b0\u1ee3t.<\/p>\n<div id=\"eJOY__extension_root\" class=\"eJOY__extension_root_class\" style=\"all: unset;\"><\/div>\n","protected":false},"featured_media":1229,"comment_status":"open","ping_status":"closed","template":"","meta":{"_acf_changed":false,"seo_booster_metabox":""},"product_brand":[],"product_cat":[177],"product_tag":[184],"products":[271],"fragrance":[],"capacity":[285],"class_list":{"0":"post-4693","1":"product","2":"type-product","3":"status-publish","4":"has-post-thumbnail","6":"product_cat-fresh","7":"product_tag-dau-goi","8":"products-dau-goi-fresh","9":"capacity-danh-muc-dau-goi-180g","11":"first","12":"instock","13":"shipping-taxable","14":"purchasable","15":"product-type-simple"},"acf":[],"_links":{"self":[{"href":"https:\/\/scc-export.com\/vi\/wp-json\/wp\/v2\/product\/4693","targetHints":{"allow":["GET"]}}],"collection":[{"href":"https:\/\/scc-export.com\/vi\/wp-json\/wp\/v2\/product"}],"about":[{"href":"https:\/\/scc-export.com\/vi\/wp-json\/wp\/v2\/types\/product"}],"replies":[{"embeddable":true,"href":"https:\/\/scc-export.com\/vi\/wp-json\/wp\/v2\/comments?post=4693"}],"version-history":[{"count":0,"href":"https:\/\/scc-export.com\/vi\/wp-json\/wp\/v2\/product\/4693\/revisions"}],"wp:featuredmedia":[{"embeddable":true,"href":"https:\/\/scc-export.com\/vi\/wp-json\/wp\/v2\/media\/1229"}],"wp:attachment":[{"href":"https:\/\/scc-export.com\/vi\/wp-json\/wp\/v2\/media?parent=4693"}],"wp:term":[{"taxonomy":"product_brand","embeddable":true,"href":"https:\/\/scc-export.com\/vi\/wp-json\/wp\/v2\/product_brand?post=4693"},{"taxonomy":"product_cat","embeddable":true,"href":"https:\/\/scc-export.com\/vi\/wp-json\/wp\/v2\/product_cat?post=4693"},{"taxonomy":"product_tag","embeddable":true,"href":"https:\/\/scc-export.com\/vi\/wp-json\/wp\/v2\/product_tag?post=4693"},{"taxonomy":"products","embeddable":true,"href":"https:\/\/scc-export.com\/vi\/wp-json\/wp\/v2\/products?post=4693"},{"taxonomy":"fragrance","embeddable":true,"href":"https:\/\/scc-export.com\/vi\/wp-json\/wp\/v2\/fragrance?post=4693"},{"taxonomy":"capacity","embeddable":true,"href":"https:\/\/scc-export.com\/vi\/wp-json\/wp\/v2\/capacity?post=4693"}],"curies":[{"name":"wp","href":"https:\/\/api.w.org\/{rel}","templated":true}]}}