{"id":4695,"date":"2024-02-26T09:43:47","date_gmt":"2024-02-26T09:43:47","guid":{"rendered":"https:\/\/scc-export.com\/fresh-grapefruit-essential-oil-conditioner\/"},"modified":"2024-10-16T07:12:10","modified_gmt":"2024-10-16T07:12:10","slug":"dau-xa-fresh-tinh-dau-buoi","status":"publish","type":"product","link":"https:\/\/scc-export.com\/vi\/dau-xa-fresh-tinh-dau-buoi\/","title":{"rendered":"D\u1ea7u x\u1ea3 Fresh Tinh d\u1ea7u B\u01b0\u1edfi"},"content":{"rendered":"<p>&nbsp;<\/p>\n<div id=\"eJOY__extension_root\" class=\"eJOY__extension_root_class\" style=\"all: unset;\"><\/div>\n","protected":false},"excerpt":{"rendered":"<p>D\u1ea7u x\u1ea3 Fresh Tinh D\u1ea7u B\u01b0\u1edfi \u0111\u01b0\u1ee3c chi\u1ebft xu\u1ea5t t\u1eeb tinh ch\u1ea5t B\u01b0\u1edfi Ruby c\u00f9ng d\u01b0\u1ee1ng ch\u1ea5t t\u1ef1 nhi\u00ean Pro-V B5 v\u00e0 Hairdian AP-GL. B\u01b0\u1edfi Ruby c\u00f3 h\u00e0m h\u01b0\u1ee3ng vitamin C cao v\u00e0 ch\u1ee9a Lycopene gi\u00fap ng\u0103n ng\u1eeba l\u00e3o h\u00f3a t\u00f3c &#8211; \u0111\u00e2y l\u00e0 \u0111i\u1ec1u m\u00e0 b\u01b0\u1edfi tr\u1eafng kh\u00f4ng c\u00f3 \u0111\u01b0\u1ee3c<\/p>\n<div id=\"eJOY__extension_root\" class=\"eJOY__extension_root_class\" style=\"all: unset;\"><\/div>\n","protected":false},"featured_media":1233,"comment_status":"open","ping_status":"closed","template":"","meta":{"_acf_changed":false,"seo_booster_metabox":""},"product_brand":[],"product_cat":[177],"product_tag":[178],"products":[251],"fragrance":[],"capacity":[295],"class_list":{"0":"post-4695","1":"product","2":"type-product","3":"status-publish","4":"has-post-thumbnail","6":"product_cat-fresh","7":"product_tag-dau-xa","8":"products-dau-xa-fresh","9":"capacity-danh-muc-dau-xa-320g","11":"first","12":"instock","13":"shipping-taxable","14":"purchasable","15":"product-type-simple"},"acf":[],"_links":{"self":[{"href":"https:\/\/scc-export.com\/vi\/wp-json\/wp\/v2\/product\/4695","targetHints":{"allow":["GET"]}}],"collection":[{"href":"https:\/\/scc-export.com\/vi\/wp-json\/wp\/v2\/product"}],"about":[{"href":"https:\/\/scc-export.com\/vi\/wp-json\/wp\/v2\/types\/product"}],"replies":[{"embeddable":true,"href":"https:\/\/scc-export.com\/vi\/wp-json\/wp\/v2\/comments?post=4695"}],"version-history":[{"count":0,"href":"https:\/\/scc-export.com\/vi\/wp-json\/wp\/v2\/product\/4695\/revisions"}],"wp:featuredmedia":[{"embeddable":true,"href":"https:\/\/scc-export.com\/vi\/wp-json\/wp\/v2\/media\/1233"}],"wp:attachment":[{"href":"https:\/\/scc-export.com\/vi\/wp-json\/wp\/v2\/media?parent=4695"}],"wp:term":[{"taxonomy":"product_brand","embeddable":true,"href":"https:\/\/scc-export.com\/vi\/wp-json\/wp\/v2\/product_brand?post=4695"},{"taxonomy":"product_cat","embeddable":true,"href":"https:\/\/scc-export.com\/vi\/wp-json\/wp\/v2\/product_cat?post=4695"},{"taxonomy":"product_tag","embeddable":true,"href":"https:\/\/scc-export.com\/vi\/wp-json\/wp\/v2\/product_tag?post=4695"},{"taxonomy":"products","embeddable":true,"href":"https:\/\/scc-export.com\/vi\/wp-json\/wp\/v2\/products?post=4695"},{"taxonomy":"fragrance","embeddable":true,"href":"https:\/\/scc-export.com\/vi\/wp-json\/wp\/v2\/fragrance?post=4695"},{"taxonomy":"capacity","embeddable":true,"href":"https:\/\/scc-export.com\/vi\/wp-json\/wp\/v2\/capacity?post=4695"}],"curies":[{"name":"wp","href":"https:\/\/api.w.org\/{rel}","templated":true}]}}