{"id":4697,"date":"2024-02-26T09:43:46","date_gmt":"2024-02-26T09:43:46","guid":{"rendered":"https:\/\/scc-export.com\/fantasy-fresh-deodorant-spray\/"},"modified":"2024-10-16T07:12:11","modified_gmt":"2024-10-16T07:12:11","slug":"xit-khu-mui-fantasy-huong-tuoi-moi","status":"publish","type":"product","link":"https:\/\/scc-export.com\/vi\/xit-khu-mui-fantasy-huong-tuoi-moi\/","title":{"rendered":"X\u1ecbt kh\u1eed m\u00f9i Fantasy h\u01b0\u01a1ng T\u01b0\u01a1i M\u1edbi"},"content":{"rendered":"<p>&nbsp;<\/p>\n<div id=\"eJOY__extension_root\" class=\"eJOY__extension_root_class\" style=\"all: unset;\"><\/div>\n","protected":false},"excerpt":{"rendered":"<p>X\u1ecbt kh\u1eed m\u00f9i Fantasy h\u01b0\u01a1ng T\u01b0\u01a1i m\u1edbi v\u1edbi chi\u1ebft xu\u1ea5t Tr\u00e0 xanh t\u1eeb \u0110\u1ea3o JEJU, H\u00e0n Qu\u1ed1c gi\u00fap ng\u1eeba th\u00e2m, gi\u1ea3m ti\u1ebft m\u1ed3 h\u00f4i, ng\u0103n m\u00f9i h\u00f4i v\u00e0 kh\u00e1ng khu\u1ea9n cho v\u00f9ng da n\u00e1ch. Ngo\u00e0i ra c\u00f2n c\u00f3 chi\u1ebft xu\u1ea5t Nha \u0110am gi\u00fap nu\u00f4i d\u01b0\u1ee1ng, ph\u1ee5c h\u1ed3i v\u00e0 l\u00e0m s\u00e1ng da to\u00e0n di\u1ec7n<\/p>\n<div id=\"eJOY__extension_root\" class=\"eJOY__extension_root_class\" style=\"all: unset;\"><\/div>\n","protected":false},"featured_media":1213,"comment_status":"open","ping_status":"closed","template":"","meta":{"_acf_changed":false,"seo_booster_metabox":""},"product_brand":[],"product_cat":[181],"product_tag":[182],"products":[233],"fragrance":[],"capacity":[291],"class_list":{"0":"post-4697","1":"product","2":"type-product","3":"status-publish","4":"has-post-thumbnail","6":"product_cat-fantasy","7":"product_tag-xit-khu-mui","8":"products-xit-khu-mui-fantasy","9":"capacity-danh-muc-xit-khu-mui-30ml","11":"first","12":"instock","13":"shipping-taxable","14":"purchasable","15":"product-type-simple"},"acf":[],"_links":{"self":[{"href":"https:\/\/scc-export.com\/vi\/wp-json\/wp\/v2\/product\/4697","targetHints":{"allow":["GET"]}}],"collection":[{"href":"https:\/\/scc-export.com\/vi\/wp-json\/wp\/v2\/product"}],"about":[{"href":"https:\/\/scc-export.com\/vi\/wp-json\/wp\/v2\/types\/product"}],"replies":[{"embeddable":true,"href":"https:\/\/scc-export.com\/vi\/wp-json\/wp\/v2\/comments?post=4697"}],"version-history":[{"count":0,"href":"https:\/\/scc-export.com\/vi\/wp-json\/wp\/v2\/product\/4697\/revisions"}],"wp:featuredmedia":[{"embeddable":true,"href":"https:\/\/scc-export.com\/vi\/wp-json\/wp\/v2\/media\/1213"}],"wp:attachment":[{"href":"https:\/\/scc-export.com\/vi\/wp-json\/wp\/v2\/media?parent=4697"}],"wp:term":[{"taxonomy":"product_brand","embeddable":true,"href":"https:\/\/scc-export.com\/vi\/wp-json\/wp\/v2\/product_brand?post=4697"},{"taxonomy":"product_cat","embeddable":true,"href":"https:\/\/scc-export.com\/vi\/wp-json\/wp\/v2\/product_cat?post=4697"},{"taxonomy":"product_tag","embeddable":true,"href":"https:\/\/scc-export.com\/vi\/wp-json\/wp\/v2\/product_tag?post=4697"},{"taxonomy":"products","embeddable":true,"href":"https:\/\/scc-export.com\/vi\/wp-json\/wp\/v2\/products?post=4697"},{"taxonomy":"fragrance","embeddable":true,"href":"https:\/\/scc-export.com\/vi\/wp-json\/wp\/v2\/fragrance?post=4697"},{"taxonomy":"capacity","embeddable":true,"href":"https:\/\/scc-export.com\/vi\/wp-json\/wp\/v2\/capacity?post=4697"}],"curies":[{"name":"wp","href":"https:\/\/api.w.org\/{rel}","templated":true}]}}