{"id":4717,"date":"2024-02-26T09:43:22","date_gmt":"2024-02-26T09:43:22","guid":{"rendered":"https:\/\/scc-export.com\/dynik-swimming-at-riverside-deodorant-roll\/"},"modified":"2024-10-16T07:12:14","modified_gmt":"2024-10-16T07:12:14","slug":"lan-khu-mui-dynik-swimming-at-riverside","status":"publish","type":"product","link":"https:\/\/scc-export.com\/vi\/lan-khu-mui-dynik-swimming-at-riverside\/","title":{"rendered":"L\u0103n kh\u1eed m\u00f9i Dynik Swimming At Riverside"},"content":{"rendered":"<p>&nbsp;<\/p>\n<div id=\"eJOY__extension_root\" class=\"eJOY__extension_root_class\" style=\"all: unset;\"><\/div>\n","protected":false},"excerpt":{"rendered":"<p>L\u0103n kh\u1eed m\u00f9i Dynik Swimming At Riverside l\u00e0 s\u1ea3n ph\u1ea9m kh\u1eed m\u00f9i cho nam gi\u1edbi, v\u1edbi m\u00f9i h\u01b0\u01a1ng m\u1ea1nh m\u1ebd, quy\u1ebfn r\u0169, b\u00ed \u1ea9n. Ngo\u00e0i ra c\u00f2n mang l\u1ea1i c\u1ea3m gi\u00e1c kh\u00f4 tho\u00e1ng l\u00e2u d\u00e0i &#8211; Duy tr\u00ec h\u01b0\u01a1ng th\u01a1m nam t\u00ednh, kh\u1eed m\u00f9i h\u00f4i v\u00e0 kh\u00f4ng g\u00e2y \u1ed1 v\u00e0ng tr\u00ean \u00e1o.<\/p>\n<div id=\"eJOY__extension_root\" class=\"eJOY__extension_root_class\" style=\"all: unset;\"><\/div>\n","protected":false},"featured_media":1173,"comment_status":"open","ping_status":"closed","template":"","meta":{"_acf_changed":false,"seo_booster_metabox":""},"product_brand":[],"product_cat":[191],"product_tag":[192],"products":[241],"fragrance":[],"capacity":[303],"class_list":{"0":"post-4717","1":"product","2":"type-product","3":"status-publish","4":"has-post-thumbnail","6":"product_cat-dynik","7":"product_tag-lan-khu-mui","8":"products-lan-khu-mui-dynik","9":"capacity-danh-muc-lan-khu-mui-50ml","11":"first","12":"instock","13":"shipping-taxable","14":"purchasable","15":"product-type-simple"},"acf":[],"_links":{"self":[{"href":"https:\/\/scc-export.com\/vi\/wp-json\/wp\/v2\/product\/4717","targetHints":{"allow":["GET"]}}],"collection":[{"href":"https:\/\/scc-export.com\/vi\/wp-json\/wp\/v2\/product"}],"about":[{"href":"https:\/\/scc-export.com\/vi\/wp-json\/wp\/v2\/types\/product"}],"replies":[{"embeddable":true,"href":"https:\/\/scc-export.com\/vi\/wp-json\/wp\/v2\/comments?post=4717"}],"version-history":[{"count":0,"href":"https:\/\/scc-export.com\/vi\/wp-json\/wp\/v2\/product\/4717\/revisions"}],"wp:featuredmedia":[{"embeddable":true,"href":"https:\/\/scc-export.com\/vi\/wp-json\/wp\/v2\/media\/1173"}],"wp:attachment":[{"href":"https:\/\/scc-export.com\/vi\/wp-json\/wp\/v2\/media?parent=4717"}],"wp:term":[{"taxonomy":"product_brand","embeddable":true,"href":"https:\/\/scc-export.com\/vi\/wp-json\/wp\/v2\/product_brand?post=4717"},{"taxonomy":"product_cat","embeddable":true,"href":"https:\/\/scc-export.com\/vi\/wp-json\/wp\/v2\/product_cat?post=4717"},{"taxonomy":"product_tag","embeddable":true,"href":"https:\/\/scc-export.com\/vi\/wp-json\/wp\/v2\/product_tag?post=4717"},{"taxonomy":"products","embeddable":true,"href":"https:\/\/scc-export.com\/vi\/wp-json\/wp\/v2\/products?post=4717"},{"taxonomy":"fragrance","embeddable":true,"href":"https:\/\/scc-export.com\/vi\/wp-json\/wp\/v2\/fragrance?post=4717"},{"taxonomy":"capacity","embeddable":true,"href":"https:\/\/scc-export.com\/vi\/wp-json\/wp\/v2\/capacity?post=4717"}],"curies":[{"name":"wp","href":"https:\/\/api.w.org\/{rel}","templated":true}]}}