{"id":4731,"date":"2024-02-26T09:43:20","date_gmt":"2024-02-26T09:43:20","guid":{"rendered":"https:\/\/scc-export.com\/fresh-shower-gel-rose-fragrance\/"},"modified":"2024-10-16T07:12:17","modified_gmt":"2024-10-16T07:12:17","slug":"sua-tam-fresh-huong-hoa-hong","status":"publish","type":"product","link":"https:\/\/scc-export.com\/vi\/sua-tam-fresh-huong-hoa-hong\/","title":{"rendered":"S\u1eefa t\u1eafm Fresh h\u01b0\u01a1ng Hoa H\u1ed3ng"},"content":{"rendered":"<p>&nbsp;<\/p>\n<div id=\"eJOY__extension_root\" class=\"eJOY__extension_root_class\" style=\"all: unset;\"><\/div>\n","protected":false},"excerpt":{"rendered":"<p>S\u1eefa t\u1eafm Fresh h\u01b0\u01a1ng Hoa H\u1ed3ng \u0111\u01b0\u1ee3c l\u00e0m t\u1eeb 100% S\u1eefa D\u00ea nh\u1eadp kh\u1ea9u t\u1eeb T\u00e2y Ban Nha c\u00f9ng v\u1edbi h\u00e0m l\u01b0\u1ee3ng Vitamin A, Protein, v\u00e0 Axit b\u00e9o d\u1ed3i d\u00e0o. S\u1eefa t\u1eafm Fresh h\u01b0\u01a1ng Hoa H\u1ed3ng c\u00f3 m\u00f9i h\u01b0\u01a1ng nh\u1eb9 nh\u00e0ng, kh\u00f4ng qu\u00e1 n\u1ed3ng nh\u01b0ng \u0111\u1ee7 khi\u1ebfn ng\u01b0\u1eddi \u0111\u1ed1i di\u1ec7n ng\u00e2y ng\u1ea5t, gi\u00fap l\u00e0n da tr\u1edf n\u00ean m\u1ecbn m\u00e0ng, h\u1ed3ng h\u00e0o, \u1ea9m m\u1ecbn v\u00e0 tr\u00e1nh \u0111\u01b0\u1ee3c c\u00e1c d\u1ea5u hi\u1ec7u l\u00e3o h\u00f3a da.<\/p>\n<div id=\"eJOY__extension_root\" class=\"eJOY__extension_root_class\" style=\"all: unset;\"><\/div>\n","protected":false},"featured_media":1129,"comment_status":"open","ping_status":"closed","template":"","meta":{"_acf_changed":false,"seo_booster_metabox":""},"product_brand":[],"product_cat":[177],"product_tag":[198],"products":[243],"fragrance":[],"capacity":[307],"class_list":{"0":"post-4731","1":"product","2":"type-product","3":"status-publish","4":"has-post-thumbnail","6":"product_cat-fresh","7":"product_tag-sua-tam","8":"products-sua-tam-fresh","9":"capacity-danh-muc-sua-tam-650g","11":"first","12":"instock","13":"shipping-taxable","14":"purchasable","15":"product-type-simple"},"acf":[],"_links":{"self":[{"href":"https:\/\/scc-export.com\/vi\/wp-json\/wp\/v2\/product\/4731","targetHints":{"allow":["GET"]}}],"collection":[{"href":"https:\/\/scc-export.com\/vi\/wp-json\/wp\/v2\/product"}],"about":[{"href":"https:\/\/scc-export.com\/vi\/wp-json\/wp\/v2\/types\/product"}],"replies":[{"embeddable":true,"href":"https:\/\/scc-export.com\/vi\/wp-json\/wp\/v2\/comments?post=4731"}],"version-history":[{"count":0,"href":"https:\/\/scc-export.com\/vi\/wp-json\/wp\/v2\/product\/4731\/revisions"}],"wp:featuredmedia":[{"embeddable":true,"href":"https:\/\/scc-export.com\/vi\/wp-json\/wp\/v2\/media\/1129"}],"wp:attachment":[{"href":"https:\/\/scc-export.com\/vi\/wp-json\/wp\/v2\/media?parent=4731"}],"wp:term":[{"taxonomy":"product_brand","embeddable":true,"href":"https:\/\/scc-export.com\/vi\/wp-json\/wp\/v2\/product_brand?post=4731"},{"taxonomy":"product_cat","embeddable":true,"href":"https:\/\/scc-export.com\/vi\/wp-json\/wp\/v2\/product_cat?post=4731"},{"taxonomy":"product_tag","embeddable":true,"href":"https:\/\/scc-export.com\/vi\/wp-json\/wp\/v2\/product_tag?post=4731"},{"taxonomy":"products","embeddable":true,"href":"https:\/\/scc-export.com\/vi\/wp-json\/wp\/v2\/products?post=4731"},{"taxonomy":"fragrance","embeddable":true,"href":"https:\/\/scc-export.com\/vi\/wp-json\/wp\/v2\/fragrance?post=4731"},{"taxonomy":"capacity","embeddable":true,"href":"https:\/\/scc-export.com\/vi\/wp-json\/wp\/v2\/capacity?post=4731"}],"curies":[{"name":"wp","href":"https:\/\/api.w.org\/{rel}","templated":true}]}}