{"id":4735,"date":"2024-02-26T09:43:20","date_gmt":"2024-02-26T09:43:20","guid":{"rendered":"https:\/\/scc-export.com\/fresh-shower-gel-ylang-ylang-fragrance\/"},"modified":"2024-10-16T07:12:17","modified_gmt":"2024-10-16T07:12:17","slug":"sua-tam-fresh-huong-hoa-ngoc-lan-tay","status":"publish","type":"product","link":"https:\/\/scc-export.com\/vi\/sua-tam-fresh-huong-hoa-ngoc-lan-tay\/","title":{"rendered":"S\u1eefa t\u1eafm Fresh h\u01b0\u01a1ng Hoa Ng\u1ecdc Lan T\u00e2y"},"content":{"rendered":"<p>&nbsp;<\/p>\n<div id=\"eJOY__extension_root\" class=\"eJOY__extension_root_class\" style=\"all: unset;\"><\/div>\n","protected":false},"excerpt":{"rendered":"<p>S\u1eefa t\u1eafm Fresh h\u01b0\u01a1ng Hoa Ng\u1ecdc Lan T\u00e2y \u0111\u01b0\u1ee3c l\u00e0m t\u1eeb 100% S\u1eefa D\u00ea nh\u1eadp kh\u1ea9u t\u1eeb T\u00e2y Ban Nha c\u00f9ng v\u1edbi h\u00e0m l\u01b0\u1ee3ng Vitamin A, Protein, v\u00e0 Axit b\u00e9o d\u1ed3i d\u00e0o. Hoa Ng\u1ecdc Lan T\u00e2y c\u00f3 ngu\u1ed3n g\u1ed1c t\u1eeb \u1ea4n \u0110\u1ed9 v\u00e0 c\u0169ng n\u1ed5i ti\u1ebfng v\u1edbi h\u01b0\u01a1ng th\u01a1m ng\u1ecdt ng\u00e0o, quy\u1ebfn r\u0169. \u0110\u00e2y l\u00e0 s\u1ef1 l\u1ef1a ch\u1ecdn l\u00fd t\u01b0\u1edfng \u0111\u1ec3 mang l\u1ea1i h\u01b0\u01a1ng th\u01a1m n\u1ed3ng n\u00e0n, quy\u1ebfn r\u0169<\/p>\n<div id=\"eJOY__extension_root\" class=\"eJOY__extension_root_class\" style=\"all: unset;\"><\/div>\n","protected":false},"featured_media":1133,"comment_status":"open","ping_status":"closed","template":"","meta":{"_acf_changed":false,"seo_booster_metabox":""},"product_brand":[],"product_cat":[177],"product_tag":[198],"products":[243],"fragrance":[],"capacity":[307],"class_list":{"0":"post-4735","1":"product","2":"type-product","3":"status-publish","4":"has-post-thumbnail","6":"product_cat-fresh","7":"product_tag-sua-tam","8":"products-sua-tam-fresh","9":"capacity-danh-muc-sua-tam-650g","11":"first","12":"instock","13":"shipping-taxable","14":"purchasable","15":"product-type-simple"},"acf":[],"_links":{"self":[{"href":"https:\/\/scc-export.com\/vi\/wp-json\/wp\/v2\/product\/4735","targetHints":{"allow":["GET"]}}],"collection":[{"href":"https:\/\/scc-export.com\/vi\/wp-json\/wp\/v2\/product"}],"about":[{"href":"https:\/\/scc-export.com\/vi\/wp-json\/wp\/v2\/types\/product"}],"replies":[{"embeddable":true,"href":"https:\/\/scc-export.com\/vi\/wp-json\/wp\/v2\/comments?post=4735"}],"version-history":[{"count":0,"href":"https:\/\/scc-export.com\/vi\/wp-json\/wp\/v2\/product\/4735\/revisions"}],"wp:featuredmedia":[{"embeddable":true,"href":"https:\/\/scc-export.com\/vi\/wp-json\/wp\/v2\/media\/1133"}],"wp:attachment":[{"href":"https:\/\/scc-export.com\/vi\/wp-json\/wp\/v2\/media?parent=4735"}],"wp:term":[{"taxonomy":"product_brand","embeddable":true,"href":"https:\/\/scc-export.com\/vi\/wp-json\/wp\/v2\/product_brand?post=4735"},{"taxonomy":"product_cat","embeddable":true,"href":"https:\/\/scc-export.com\/vi\/wp-json\/wp\/v2\/product_cat?post=4735"},{"taxonomy":"product_tag","embeddable":true,"href":"https:\/\/scc-export.com\/vi\/wp-json\/wp\/v2\/product_tag?post=4735"},{"taxonomy":"products","embeddable":true,"href":"https:\/\/scc-export.com\/vi\/wp-json\/wp\/v2\/products?post=4735"},{"taxonomy":"fragrance","embeddable":true,"href":"https:\/\/scc-export.com\/vi\/wp-json\/wp\/v2\/fragrance?post=4735"},{"taxonomy":"capacity","embeddable":true,"href":"https:\/\/scc-export.com\/vi\/wp-json\/wp\/v2\/capacity?post=4735"}],"curies":[{"name":"wp","href":"https:\/\/api.w.org\/{rel}","templated":true}]}}