{"id":4740,"date":"2024-02-26T09:43:20","date_gmt":"2024-02-26T09:43:20","guid":{"rendered":"https:\/\/scc-export.com\/cindy-bloom-aroma-flower-soap\/"},"modified":"2024-10-16T07:12:16","modified_gmt":"2024-10-16T07:12:16","slug":"xa-bong-cindy-bloom-aroma-flower","status":"publish","type":"product","link":"https:\/\/scc-export.com\/vi\/xa-bong-cindy-bloom-aroma-flower\/","title":{"rendered":"X\u00e0 b\u00f4ng Cindy Bloom Aroma Flower"},"content":{"rendered":"<p>&nbsp;<\/p>\n<div id=\"eJOY__extension_root\" class=\"eJOY__extension_root_class\" style=\"all: unset;\"><\/div>\n","protected":false},"excerpt":{"rendered":"<p>X\u00e0 b\u00f4ng Cindy Bloom Aroma Flower l\u00e0 s\u1ea3n ph\u1ea9m x\u00e0 ph\u00f2ng v\u1edbi h\u01b0\u01a1ng th\u01a1m d\u1ecbu nh\u1eb9, ng\u1ecdt ng\u00e0o. S\u1ea3n ph\u1ea9m l\u00e0 s\u1ef1 k\u1ebft h\u1ee3p gi\u1eefa m\u00f9i h\u01b0\u01a1ng n\u01b0\u1edbc hoa ng\u1ecdt ng\u00e0o v\u00e0 b\u01a1 h\u1ea1t m\u1ee1, gi\u00fap l\u00e0n da lu\u00f4n m\u1ec1m m\u1ea1i, m\u1ecbn m\u00e0ng v\u00e0 th\u01a1m m\u00e1t su\u1ed1t ng\u00e0y d\u00e0i<\/p>\n<div id=\"eJOY__extension_root\" class=\"eJOY__extension_root_class\" style=\"all: unset;\"><\/div>\n","protected":false},"featured_media":1141,"comment_status":"open","ping_status":"closed","template":"","meta":{"_acf_changed":false,"seo_booster_metabox":""},"product_brand":[],"product_cat":[196],"product_tag":[194],"products":[225],"fragrance":[],"capacity":[309],"class_list":{"0":"post-4740","1":"product","2":"type-product","3":"status-publish","4":"has-post-thumbnail","6":"product_cat-cindy-bloom","7":"product_tag-xa-bong","8":"products-xa-bong-cindy-bloom","9":"capacity-danh-muc-xa-phong-90g","11":"first","12":"instock","13":"shipping-taxable","14":"purchasable","15":"product-type-simple"},"acf":[],"_links":{"self":[{"href":"https:\/\/scc-export.com\/vi\/wp-json\/wp\/v2\/product\/4740","targetHints":{"allow":["GET"]}}],"collection":[{"href":"https:\/\/scc-export.com\/vi\/wp-json\/wp\/v2\/product"}],"about":[{"href":"https:\/\/scc-export.com\/vi\/wp-json\/wp\/v2\/types\/product"}],"replies":[{"embeddable":true,"href":"https:\/\/scc-export.com\/vi\/wp-json\/wp\/v2\/comments?post=4740"}],"version-history":[{"count":0,"href":"https:\/\/scc-export.com\/vi\/wp-json\/wp\/v2\/product\/4740\/revisions"}],"wp:featuredmedia":[{"embeddable":true,"href":"https:\/\/scc-export.com\/vi\/wp-json\/wp\/v2\/media\/1141"}],"wp:attachment":[{"href":"https:\/\/scc-export.com\/vi\/wp-json\/wp\/v2\/media?parent=4740"}],"wp:term":[{"taxonomy":"product_brand","embeddable":true,"href":"https:\/\/scc-export.com\/vi\/wp-json\/wp\/v2\/product_brand?post=4740"},{"taxonomy":"product_cat","embeddable":true,"href":"https:\/\/scc-export.com\/vi\/wp-json\/wp\/v2\/product_cat?post=4740"},{"taxonomy":"product_tag","embeddable":true,"href":"https:\/\/scc-export.com\/vi\/wp-json\/wp\/v2\/product_tag?post=4740"},{"taxonomy":"products","embeddable":true,"href":"https:\/\/scc-export.com\/vi\/wp-json\/wp\/v2\/products?post=4740"},{"taxonomy":"fragrance","embeddable":true,"href":"https:\/\/scc-export.com\/vi\/wp-json\/wp\/v2\/fragrance?post=4740"},{"taxonomy":"capacity","embeddable":true,"href":"https:\/\/scc-export.com\/vi\/wp-json\/wp\/v2\/capacity?post=4740"}],"curies":[{"name":"wp","href":"https:\/\/api.w.org\/{rel}","templated":true}]}}