{"id":4751,"date":"2024-02-26T09:43:19","date_gmt":"2024-02-26T09:43:19","guid":{"rendered":"https:\/\/scc-export.com\/cindy-bloom-romantic-muse-shower-gel\/"},"modified":"2024-10-16T07:12:17","modified_gmt":"2024-10-16T07:12:17","slug":"sua-tam-cindy-bloom-romantic-muse","status":"publish","type":"product","link":"https:\/\/scc-export.com\/vi\/sua-tam-cindy-bloom-romantic-muse\/","title":{"rendered":"S\u1eefa t\u1eafm Cindy Bloom Romantic Muse"},"content":{"rendered":"<p>&nbsp;<\/p>\n<div id=\"eJOY__extension_root\" class=\"eJOY__extension_root_class\" style=\"all: unset;\"><\/div>\n","protected":false},"excerpt":{"rendered":"<p>S\u1eefa t\u1eafm Cindy Bloom Romantic Muse l\u00e0 lo\u1ea1i s\u1eefa t\u1eafm v\u1edbi h\u01b0\u01a1ng th\u01a1m quy\u1ebfn r\u0169, l\u00f4i cu\u1ed1n. \u0110\u00e2y l\u00e0 s\u1ef1 k\u1ebft h\u1ee3p gi\u1eefa h\u01b0\u01a1ng n\u01b0\u1edbc hoa ng\u1ecdt ng\u00e0o, tinh t\u1ebf c\u00f9ng chi\u1ebft xu\u1ea5t Nh\u1ee5y Hoa Ngh\u1ec7 T\u00e2y.<\/p>\n<div id=\"eJOY__extension_root\" class=\"eJOY__extension_root_class\" style=\"all: unset;\"><\/div>\n","protected":false},"featured_media":1121,"comment_status":"open","ping_status":"closed","template":"","meta":{"_acf_changed":false,"seo_booster_metabox":""},"product_brand":[],"product_cat":[196],"product_tag":[198],"products":[231],"fragrance":[],"capacity":[305],"class_list":{"0":"post-4751","1":"product","2":"type-product","3":"status-publish","4":"has-post-thumbnail","6":"product_cat-cindy-bloom","7":"product_tag-sua-tam","8":"products-sua-tam-cindy-bloom","9":"capacity-danh-muc-sua-tam-640g","11":"first","12":"instock","13":"shipping-taxable","14":"purchasable","15":"product-type-simple"},"acf":[],"_links":{"self":[{"href":"https:\/\/scc-export.com\/vi\/wp-json\/wp\/v2\/product\/4751","targetHints":{"allow":["GET"]}}],"collection":[{"href":"https:\/\/scc-export.com\/vi\/wp-json\/wp\/v2\/product"}],"about":[{"href":"https:\/\/scc-export.com\/vi\/wp-json\/wp\/v2\/types\/product"}],"replies":[{"embeddable":true,"href":"https:\/\/scc-export.com\/vi\/wp-json\/wp\/v2\/comments?post=4751"}],"version-history":[{"count":0,"href":"https:\/\/scc-export.com\/vi\/wp-json\/wp\/v2\/product\/4751\/revisions"}],"wp:featuredmedia":[{"embeddable":true,"href":"https:\/\/scc-export.com\/vi\/wp-json\/wp\/v2\/media\/1121"}],"wp:attachment":[{"href":"https:\/\/scc-export.com\/vi\/wp-json\/wp\/v2\/media?parent=4751"}],"wp:term":[{"taxonomy":"product_brand","embeddable":true,"href":"https:\/\/scc-export.com\/vi\/wp-json\/wp\/v2\/product_brand?post=4751"},{"taxonomy":"product_cat","embeddable":true,"href":"https:\/\/scc-export.com\/vi\/wp-json\/wp\/v2\/product_cat?post=4751"},{"taxonomy":"product_tag","embeddable":true,"href":"https:\/\/scc-export.com\/vi\/wp-json\/wp\/v2\/product_tag?post=4751"},{"taxonomy":"products","embeddable":true,"href":"https:\/\/scc-export.com\/vi\/wp-json\/wp\/v2\/products?post=4751"},{"taxonomy":"fragrance","embeddable":true,"href":"https:\/\/scc-export.com\/vi\/wp-json\/wp\/v2\/fragrance?post=4751"},{"taxonomy":"capacity","embeddable":true,"href":"https:\/\/scc-export.com\/vi\/wp-json\/wp\/v2\/capacity?post=4751"}],"curies":[{"name":"wp","href":"https:\/\/api.w.org\/{rel}","templated":true}]}}