{"id":4755,"date":"2024-02-26T09:43:18","date_gmt":"2024-02-26T09:43:18","guid":{"rendered":"https:\/\/scc-export.com\/orientica-the-journey\/"},"modified":"2024-10-16T07:12:19","modified_gmt":"2024-10-16T07:12:19","slug":"nuoc-hoa-orientica-the-journey","status":"publish","type":"product","link":"https:\/\/scc-export.com\/vi\/nuoc-hoa-orientica-the-journey\/","title":{"rendered":"N\u01b0\u1edbc hoa Orientica The Journey"},"content":{"rendered":"<p>&nbsp;<\/p>\n<div id=\"eJOY__extension_root\" class=\"eJOY__extension_root_class\" style=\"all: unset;\"><\/div>\n","protected":false},"excerpt":{"rendered":"<p>H\u01b0\u01a1ng th\u01a1m c\u1ee7a n\u01b0\u1edbc hoa Orientica The Journey l\u00e0 s\u1ef1 k\u1ebft h\u1ee3p tinh t\u1ebf c\u1ee7a nh\u1eefng th\u00e0nh ph\u1ea7n m\u00f9i h\u01b0\u01a1ng \u0111\u1ed9c \u0111\u00e1o v\u00e0 quy\u1ebfn r\u0169, th\u1ec3 hi\u1ec7n tinh th\u1ea7n m\u1ea1nh m\u1ebd v\u00e0 quy\u1ebft t\u00e2m c\u1ee7a nh\u1eefng ng\u01b0\u1eddi l\u1ea1c quan trong h\u00e0nh tr\u00ecnh b\u1ea5t t\u1eadn.<\/p>\n<div id=\"eJOY__extension_root\" class=\"eJOY__extension_root_class\" style=\"all: unset;\"><\/div>\n","protected":false},"featured_media":1101,"comment_status":"closed","ping_status":"closed","template":"","meta":{"_acf_changed":false,"seo_booster_metabox":""},"product_brand":[],"product_cat":[201],"product_tag":[202],"products":[255],"fragrance":[],"capacity":[277],"class_list":{"0":"post-4755","1":"product","2":"type-product","3":"status-publish","4":"has-post-thumbnail","6":"product_cat-orientica","7":"product_tag-nuoc-hoa-cao-cap","8":"products-nuoc-hoa-orientica","9":"capacity-danh-muc-nuoc-hoa-50ml","11":"first","12":"instock","13":"shipping-taxable","14":"purchasable","15":"product-type-simple"},"acf":[],"_links":{"self":[{"href":"https:\/\/scc-export.com\/vi\/wp-json\/wp\/v2\/product\/4755","targetHints":{"allow":["GET"]}}],"collection":[{"href":"https:\/\/scc-export.com\/vi\/wp-json\/wp\/v2\/product"}],"about":[{"href":"https:\/\/scc-export.com\/vi\/wp-json\/wp\/v2\/types\/product"}],"replies":[{"embeddable":true,"href":"https:\/\/scc-export.com\/vi\/wp-json\/wp\/v2\/comments?post=4755"}],"version-history":[{"count":0,"href":"https:\/\/scc-export.com\/vi\/wp-json\/wp\/v2\/product\/4755\/revisions"}],"wp:featuredmedia":[{"embeddable":true,"href":"https:\/\/scc-export.com\/vi\/wp-json\/wp\/v2\/media\/1101"}],"wp:attachment":[{"href":"https:\/\/scc-export.com\/vi\/wp-json\/wp\/v2\/media?parent=4755"}],"wp:term":[{"taxonomy":"product_brand","embeddable":true,"href":"https:\/\/scc-export.com\/vi\/wp-json\/wp\/v2\/product_brand?post=4755"},{"taxonomy":"product_cat","embeddable":true,"href":"https:\/\/scc-export.com\/vi\/wp-json\/wp\/v2\/product_cat?post=4755"},{"taxonomy":"product_tag","embeddable":true,"href":"https:\/\/scc-export.com\/vi\/wp-json\/wp\/v2\/product_tag?post=4755"},{"taxonomy":"products","embeddable":true,"href":"https:\/\/scc-export.com\/vi\/wp-json\/wp\/v2\/products?post=4755"},{"taxonomy":"fragrance","embeddable":true,"href":"https:\/\/scc-export.com\/vi\/wp-json\/wp\/v2\/fragrance?post=4755"},{"taxonomy":"capacity","embeddable":true,"href":"https:\/\/scc-export.com\/vi\/wp-json\/wp\/v2\/capacity?post=4755"}],"curies":[{"name":"wp","href":"https:\/\/api.w.org\/{rel}","templated":true}]}}