{"id":4758,"date":"2024-02-26T09:43:18","date_gmt":"2024-02-26T09:43:18","guid":{"rendered":"https:\/\/scc-export.com\/orientica-shangri-la\/"},"modified":"2024-10-16T07:12:19","modified_gmt":"2024-10-16T07:12:19","slug":"nuoc-hoa-orientica-shangri-la","status":"publish","type":"product","link":"https:\/\/scc-export.com\/vi\/nuoc-hoa-orientica-shangri-la\/","title":{"rendered":"N\u01b0\u1edbc hoa Orientica Shangri-La"},"content":{"rendered":"<p>&nbsp;<\/p>\n<div id=\"eJOY__extension_root\" class=\"eJOY__extension_root_class\" style=\"all: unset;\"><\/div>\n","protected":false},"excerpt":{"rendered":"<p>N\u01b0\u1edbc hoa Orientica Shangri-La c\u00f3 m\u00f9i h\u01b0\u01a1ng ch\u1ee7 \u0111i\u1ec3m Leather \u0111\u1ed9c \u0111\u00e1o v\u1eeba g\u1ee3i c\u1ea3m v\u1eeba b\u1ea5t ng\u1edd, ng\u1ecdt ng\u00e0o v\u00e0 m\u1ea1nh m\u1ebd. Th\u00edch h\u1ee3p cho nh\u1eefng ai t\u1ef1 tin \u0111\u1ee9ng l\u00ean l\u00e0 ch\u00ednh m\u00ecnh, kh\u00f4ng ng\u1ea1i \u0111i ng\u01b0\u1ee3c l\u1ea1i s\u1ed1 \u0111\u00f4ng v\u00e0 \u0111\u1ecbnh ki\u1ebfn, theo \u0111u\u1ed5i h\u00e0nh tr\u00ecnh v\u1ec1 mi\u1ec1n \u0111\u1ea5t h\u1ee9a.<\/p>\n<div id=\"eJOY__extension_root\" class=\"eJOY__extension_root_class\" style=\"all: unset;\"><\/div>\n","protected":false},"featured_media":1095,"comment_status":"closed","ping_status":"closed","template":"","meta":{"_acf_changed":false,"seo_booster_metabox":""},"product_brand":[],"product_cat":[201],"product_tag":[202],"products":[255],"fragrance":[],"capacity":[277],"class_list":{"0":"post-4758","1":"product","2":"type-product","3":"status-publish","4":"has-post-thumbnail","6":"product_cat-orientica","7":"product_tag-nuoc-hoa-cao-cap","8":"products-nuoc-hoa-orientica","9":"capacity-danh-muc-nuoc-hoa-50ml","11":"first","12":"instock","13":"shipping-taxable","14":"purchasable","15":"product-type-simple"},"acf":[],"_links":{"self":[{"href":"https:\/\/scc-export.com\/vi\/wp-json\/wp\/v2\/product\/4758","targetHints":{"allow":["GET"]}}],"collection":[{"href":"https:\/\/scc-export.com\/vi\/wp-json\/wp\/v2\/product"}],"about":[{"href":"https:\/\/scc-export.com\/vi\/wp-json\/wp\/v2\/types\/product"}],"replies":[{"embeddable":true,"href":"https:\/\/scc-export.com\/vi\/wp-json\/wp\/v2\/comments?post=4758"}],"version-history":[{"count":0,"href":"https:\/\/scc-export.com\/vi\/wp-json\/wp\/v2\/product\/4758\/revisions"}],"wp:featuredmedia":[{"embeddable":true,"href":"https:\/\/scc-export.com\/vi\/wp-json\/wp\/v2\/media\/1095"}],"wp:attachment":[{"href":"https:\/\/scc-export.com\/vi\/wp-json\/wp\/v2\/media?parent=4758"}],"wp:term":[{"taxonomy":"product_brand","embeddable":true,"href":"https:\/\/scc-export.com\/vi\/wp-json\/wp\/v2\/product_brand?post=4758"},{"taxonomy":"product_cat","embeddable":true,"href":"https:\/\/scc-export.com\/vi\/wp-json\/wp\/v2\/product_cat?post=4758"},{"taxonomy":"product_tag","embeddable":true,"href":"https:\/\/scc-export.com\/vi\/wp-json\/wp\/v2\/product_tag?post=4758"},{"taxonomy":"products","embeddable":true,"href":"https:\/\/scc-export.com\/vi\/wp-json\/wp\/v2\/products?post=4758"},{"taxonomy":"fragrance","embeddable":true,"href":"https:\/\/scc-export.com\/vi\/wp-json\/wp\/v2\/fragrance?post=4758"},{"taxonomy":"capacity","embeddable":true,"href":"https:\/\/scc-export.com\/vi\/wp-json\/wp\/v2\/capacity?post=4758"}],"curies":[{"name":"wp","href":"https:\/\/api.w.org\/{rel}","templated":true}]}}