{"id":4759,"date":"2024-02-26T09:42:56","date_gmt":"2024-02-26T09:42:56","guid":{"rendered":"https:\/\/scc-export.com\/orientica-monsoon\/"},"modified":"2024-10-16T07:12:19","modified_gmt":"2024-10-16T07:12:19","slug":"nuoc-hoa-orientica-monsoon","status":"publish","type":"product","link":"https:\/\/scc-export.com\/vi\/nuoc-hoa-orientica-monsoon\/","title":{"rendered":"N\u01b0\u1edbc hoa Orientica Monsoon"},"content":{"rendered":"<p>&nbsp;<\/p>\n<div id=\"eJOY__extension_root\" class=\"eJOY__extension_root_class\" style=\"all: unset;\"><\/div>\n","protected":false},"excerpt":{"rendered":"<p>N\u01b0\u1edbc hoa Orientica Monsoon mang l\u1ea1i m\u1ed9t h\u01b0\u01a1ng th\u01a1m \u0111\u1eb7c bi\u1ec7t, v\u1edbi s\u1ef1 c\u00e2n b\u1eb1ng gi\u1eefa c\u00e1c h\u01b0\u01a1ng hoa, h\u01b0\u01a1ng \u0111\u1ea5t v\u00e0 h\u01b0\u01a1ng \u0111\u1ed9ng v\u1eadt. T\u1eeb s\u1ef1 t\u01b0\u01a1i m\u1edbi c\u1ee7a h\u01b0\u01a1ng \u0111\u1ea7u \u0111\u1ebfn s\u1ef1 \u1ea5m \u00e1p v\u00e0 l\u00e2u d\u00e0i c\u1ee7a h\u01b0\u01a1ng cu\u1ed1i, t\u1ea1o n\u00ean m\u1ed9t h\u01b0\u01a1ng th\u01a1m v\u1eeba l\u00e3ng m\u1ea1n, hoang d\u00e3, ng\u1ecdt ng\u00e0o v\u00e0 \u0111\u1ea7y n\u0103ng l\u01b0\u1ee3ng.<\/p>\n<div id=\"eJOY__extension_root\" class=\"eJOY__extension_root_class\" style=\"all: unset;\"><\/div>\n","protected":false},"featured_media":1089,"comment_status":"closed","ping_status":"closed","template":"","meta":{"_acf_changed":false,"seo_booster_metabox":""},"product_brand":[],"product_cat":[201],"product_tag":[202],"products":[255],"fragrance":[],"capacity":[277],"class_list":{"0":"post-4759","1":"product","2":"type-product","3":"status-publish","4":"has-post-thumbnail","6":"product_cat-orientica","7":"product_tag-nuoc-hoa-cao-cap","8":"products-nuoc-hoa-orientica","9":"capacity-danh-muc-nuoc-hoa-50ml","11":"first","12":"instock","13":"shipping-taxable","14":"purchasable","15":"product-type-simple"},"acf":[],"_links":{"self":[{"href":"https:\/\/scc-export.com\/vi\/wp-json\/wp\/v2\/product\/4759","targetHints":{"allow":["GET"]}}],"collection":[{"href":"https:\/\/scc-export.com\/vi\/wp-json\/wp\/v2\/product"}],"about":[{"href":"https:\/\/scc-export.com\/vi\/wp-json\/wp\/v2\/types\/product"}],"replies":[{"embeddable":true,"href":"https:\/\/scc-export.com\/vi\/wp-json\/wp\/v2\/comments?post=4759"}],"version-history":[{"count":0,"href":"https:\/\/scc-export.com\/vi\/wp-json\/wp\/v2\/product\/4759\/revisions"}],"wp:featuredmedia":[{"embeddable":true,"href":"https:\/\/scc-export.com\/vi\/wp-json\/wp\/v2\/media\/1089"}],"wp:attachment":[{"href":"https:\/\/scc-export.com\/vi\/wp-json\/wp\/v2\/media?parent=4759"}],"wp:term":[{"taxonomy":"product_brand","embeddable":true,"href":"https:\/\/scc-export.com\/vi\/wp-json\/wp\/v2\/product_brand?post=4759"},{"taxonomy":"product_cat","embeddable":true,"href":"https:\/\/scc-export.com\/vi\/wp-json\/wp\/v2\/product_cat?post=4759"},{"taxonomy":"product_tag","embeddable":true,"href":"https:\/\/scc-export.com\/vi\/wp-json\/wp\/v2\/product_tag?post=4759"},{"taxonomy":"products","embeddable":true,"href":"https:\/\/scc-export.com\/vi\/wp-json\/wp\/v2\/products?post=4759"},{"taxonomy":"fragrance","embeddable":true,"href":"https:\/\/scc-export.com\/vi\/wp-json\/wp\/v2\/fragrance?post=4759"},{"taxonomy":"capacity","embeddable":true,"href":"https:\/\/scc-export.com\/vi\/wp-json\/wp\/v2\/capacity?post=4759"}],"curies":[{"name":"wp","href":"https:\/\/api.w.org\/{rel}","templated":true}]}}