{"id":4764,"date":"2024-03-26T09:42:55","date_gmt":"2024-03-26T09:42:55","guid":{"rendered":"https:\/\/scc-export.com\/notes-of-mekong-the-myth\/"},"modified":"2024-10-16T07:12:06","modified_gmt":"2024-10-16T07:12:06","slug":"nuoc-hoa-notes-of-mekong-the-myth","status":"publish","type":"product","link":"https:\/\/scc-export.com\/vi\/nuoc-hoa-notes-of-mekong-the-myth\/","title":{"rendered":"N\u01b0\u1edbc hoa Notes of Mekong The Myth"},"content":{"rendered":"<p>&nbsp;<\/p>\n<div id=\"eJOY__extension_root\" class=\"eJOY__extension_root_class\" style=\"all: unset;\"><\/div>\n","protected":false},"excerpt":{"rendered":"<p>N\u01b0\u1edbc hoa Notes of Mekong The Myth mang m\u00f9i h\u01b0\u01a1ng \u0111\u1ed9c \u0111\u00e1o v\u00e0 quy\u1ebfn r\u0169, th\u1ec3 hi\u1ec7n s\u1ef1 k\u1ebft h\u1ee3p tinh t\u1ebf gi\u1eefa c\u00e1c y\u1ebfu t\u1ed1 t\u01b0\u01a1i m\u00e1t, \u1ea5m \u00e1p v\u00e0 \u0111\u1ed9c \u0111\u00e1o. H\u01b0\u01a1ng th\u01a1m n\u00e0y ph\u00f9 h\u1ee3p v\u1edbi nh\u1eefng ai y\u00eau th\u00edch m\u00f9i h\u01b0\u01a1ng \u0111a chi\u1ec1u v\u00e0 huy\u1ec1n b\u00ed.<\/p>\n<div id=\"eJOY__extension_root\" class=\"eJOY__extension_root_class\" style=\"all: unset;\"><\/div>\n","protected":false},"featured_media":1079,"comment_status":"closed","ping_status":"closed","template":"","meta":{"_acf_changed":false,"seo_booster_metabox":""},"product_brand":[],"product_cat":[204],"product_tag":[202],"products":[259],"fragrance":[],"capacity":[293],"class_list":{"0":"post-4764","1":"product","2":"type-product","3":"status-publish","4":"has-post-thumbnail","6":"product_cat-notes-of-mekong","7":"product_tag-nuoc-hoa-cao-cap","8":"products-nuoc-hoa-notes-of-mekong","9":"capacity-danh-muc-nuoc-hoa-30ml","11":"first","12":"instock","13":"shipping-taxable","14":"purchasable","15":"product-type-simple"},"acf":[],"_links":{"self":[{"href":"https:\/\/scc-export.com\/vi\/wp-json\/wp\/v2\/product\/4764","targetHints":{"allow":["GET"]}}],"collection":[{"href":"https:\/\/scc-export.com\/vi\/wp-json\/wp\/v2\/product"}],"about":[{"href":"https:\/\/scc-export.com\/vi\/wp-json\/wp\/v2\/types\/product"}],"replies":[{"embeddable":true,"href":"https:\/\/scc-export.com\/vi\/wp-json\/wp\/v2\/comments?post=4764"}],"version-history":[{"count":0,"href":"https:\/\/scc-export.com\/vi\/wp-json\/wp\/v2\/product\/4764\/revisions"}],"wp:featuredmedia":[{"embeddable":true,"href":"https:\/\/scc-export.com\/vi\/wp-json\/wp\/v2\/media\/1079"}],"wp:attachment":[{"href":"https:\/\/scc-export.com\/vi\/wp-json\/wp\/v2\/media?parent=4764"}],"wp:term":[{"taxonomy":"product_brand","embeddable":true,"href":"https:\/\/scc-export.com\/vi\/wp-json\/wp\/v2\/product_brand?post=4764"},{"taxonomy":"product_cat","embeddable":true,"href":"https:\/\/scc-export.com\/vi\/wp-json\/wp\/v2\/product_cat?post=4764"},{"taxonomy":"product_tag","embeddable":true,"href":"https:\/\/scc-export.com\/vi\/wp-json\/wp\/v2\/product_tag?post=4764"},{"taxonomy":"products","embeddable":true,"href":"https:\/\/scc-export.com\/vi\/wp-json\/wp\/v2\/products?post=4764"},{"taxonomy":"fragrance","embeddable":true,"href":"https:\/\/scc-export.com\/vi\/wp-json\/wp\/v2\/fragrance?post=4764"},{"taxonomy":"capacity","embeddable":true,"href":"https:\/\/scc-export.com\/vi\/wp-json\/wp\/v2\/capacity?post=4764"}],"curies":[{"name":"wp","href":"https:\/\/api.w.org\/{rel}","templated":true}]}}