{"id":4766,"date":"2024-02-26T09:42:55","date_gmt":"2024-02-26T09:42:55","guid":{"rendered":"https:\/\/scc-export.com\/notes-of-mekong-the-twilight\/"},"modified":"2024-10-16T07:12:20","modified_gmt":"2024-10-16T07:12:20","slug":"nuoc-hoa-notes-of-mekong-the-twilight","status":"publish","type":"product","link":"https:\/\/scc-export.com\/vi\/nuoc-hoa-notes-of-mekong-the-twilight\/","title":{"rendered":"N\u01b0\u1edbc hoa Notes of Mekong The Twilight"},"content":{"rendered":"<p>&nbsp;<\/p>\n<div id=\"eJOY__extension_root\" class=\"eJOY__extension_root_class\" style=\"all: unset;\"><\/div>\n","protected":false},"excerpt":{"rendered":"<p>H\u01b0\u01a1ng th\u01a1m c\u1ee7a n\u01b0\u1edbc hoa Notes of Mekong The Twilight l\u00e0 s\u1ef1 h\u00f2a quy\u1ec7n h\u00e0i h\u00f2a gi\u1eefa c\u00e1c y\u1ebfu t\u1ed1 sang tr\u1ecdng, quy\u1ebfn r\u0169 v\u00e0 \u1ea5m \u00e1p, t\u1ea1o n\u00ean tr\u1ea3i nghi\u1ec7m n\u01b0\u1edbc hoa \u0111\u1ed9c \u0111\u00e1o v\u00e0 quy\u1ebfn r\u0169.<\/p>\n<div id=\"eJOY__extension_root\" class=\"eJOY__extension_root_class\" style=\"all: unset;\"><\/div>\n","protected":false},"featured_media":1075,"comment_status":"closed","ping_status":"closed","template":"","meta":{"_acf_changed":false,"seo_booster_metabox":""},"product_brand":[],"product_cat":[204],"product_tag":[202],"products":[259],"fragrance":[],"capacity":[293],"class_list":{"0":"post-4766","1":"product","2":"type-product","3":"status-publish","4":"has-post-thumbnail","6":"product_cat-notes-of-mekong","7":"product_tag-nuoc-hoa-cao-cap","8":"products-nuoc-hoa-notes-of-mekong","9":"capacity-danh-muc-nuoc-hoa-30ml","11":"first","12":"instock","13":"shipping-taxable","14":"purchasable","15":"product-type-simple"},"acf":[],"_links":{"self":[{"href":"https:\/\/scc-export.com\/vi\/wp-json\/wp\/v2\/product\/4766","targetHints":{"allow":["GET"]}}],"collection":[{"href":"https:\/\/scc-export.com\/vi\/wp-json\/wp\/v2\/product"}],"about":[{"href":"https:\/\/scc-export.com\/vi\/wp-json\/wp\/v2\/types\/product"}],"replies":[{"embeddable":true,"href":"https:\/\/scc-export.com\/vi\/wp-json\/wp\/v2\/comments?post=4766"}],"version-history":[{"count":0,"href":"https:\/\/scc-export.com\/vi\/wp-json\/wp\/v2\/product\/4766\/revisions"}],"wp:featuredmedia":[{"embeddable":true,"href":"https:\/\/scc-export.com\/vi\/wp-json\/wp\/v2\/media\/1075"}],"wp:attachment":[{"href":"https:\/\/scc-export.com\/vi\/wp-json\/wp\/v2\/media?parent=4766"}],"wp:term":[{"taxonomy":"product_brand","embeddable":true,"href":"https:\/\/scc-export.com\/vi\/wp-json\/wp\/v2\/product_brand?post=4766"},{"taxonomy":"product_cat","embeddable":true,"href":"https:\/\/scc-export.com\/vi\/wp-json\/wp\/v2\/product_cat?post=4766"},{"taxonomy":"product_tag","embeddable":true,"href":"https:\/\/scc-export.com\/vi\/wp-json\/wp\/v2\/product_tag?post=4766"},{"taxonomy":"products","embeddable":true,"href":"https:\/\/scc-export.com\/vi\/wp-json\/wp\/v2\/products?post=4766"},{"taxonomy":"fragrance","embeddable":true,"href":"https:\/\/scc-export.com\/vi\/wp-json\/wp\/v2\/fragrance?post=4766"},{"taxonomy":"capacity","embeddable":true,"href":"https:\/\/scc-export.com\/vi\/wp-json\/wp\/v2\/capacity?post=4766"}],"curies":[{"name":"wp","href":"https:\/\/api.w.org\/{rel}","templated":true}]}}