{"id":4769,"date":"2024-02-26T09:42:55","date_gmt":"2024-02-26T09:42:55","guid":{"rendered":"https:\/\/scc-export.com\/notes-of-mekong-the-dark-forest\/"},"modified":"2024-10-16T07:12:20","modified_gmt":"2024-10-16T07:12:20","slug":"nuoc-hoa-notes-of-mekong-the-dark-forest","status":"publish","type":"product","link":"https:\/\/scc-export.com\/vi\/nuoc-hoa-notes-of-mekong-the-dark-forest\/","title":{"rendered":"N\u01b0\u1edbc hoa Notes of Mekong The Dark Forest"},"content":{"rendered":"<p>&nbsp;<\/p>\n<div id=\"eJOY__extension_root\" class=\"eJOY__extension_root_class\" style=\"all: unset;\"><\/div>\n","protected":false},"excerpt":{"rendered":"<p>N\u01b0\u1edbc hoa Notes of Mekong The Dark Forest th\u1ec3 hi\u1ec7n s\u1ef1 c\u00e2n b\u1eb1ng gi\u1eefa c\u00e1c y\u1ebfu t\u1ed1 t\u01b0\u01a1i m\u00e1t, \u1ea5m \u00e1p v\u00e0 \u0111\u1ed9c \u0111\u00e1o t\u1ea1o n\u00ean t\u1ed5ng th\u1ec3 h\u01b0\u01a1ng th\u01a1m kh\u00e1c bi\u1ec7t, \u1ea5n t\u01b0\u1ee3ng, kh\u00e1 ph\u00f9 h\u1ee3p v\u1edbi nh\u1eefng ng\u01b0\u1eddi \u0111\u00e0n \u00f4ng ho\u1eb7c ph\u1ee5 n\u1eef c\u00f3 c\u00e1 t\u00ednh ri\u00eang, th\u00edch nh\u1eefng m\u00f9i h\u01b0\u01a1ng \u0111\u1ed9c \u0111\u00e1o v\u00e0 \u0111\u1eb7c bi\u1ec7t<\/p>\n<div id=\"eJOY__extension_root\" class=\"eJOY__extension_root_class\" style=\"all: unset;\"><\/div>\n","protected":false},"featured_media":1071,"comment_status":"closed","ping_status":"closed","template":"","meta":{"_acf_changed":false,"seo_booster_metabox":""},"product_brand":[],"product_cat":[204],"product_tag":[202],"products":[259],"fragrance":[],"capacity":[293],"class_list":{"0":"post-4769","1":"product","2":"type-product","3":"status-publish","4":"has-post-thumbnail","6":"product_cat-notes-of-mekong","7":"product_tag-nuoc-hoa-cao-cap","8":"products-nuoc-hoa-notes-of-mekong","9":"capacity-danh-muc-nuoc-hoa-30ml","11":"first","12":"instock","13":"shipping-taxable","14":"purchasable","15":"product-type-simple"},"acf":[],"_links":{"self":[{"href":"https:\/\/scc-export.com\/vi\/wp-json\/wp\/v2\/product\/4769","targetHints":{"allow":["GET"]}}],"collection":[{"href":"https:\/\/scc-export.com\/vi\/wp-json\/wp\/v2\/product"}],"about":[{"href":"https:\/\/scc-export.com\/vi\/wp-json\/wp\/v2\/types\/product"}],"replies":[{"embeddable":true,"href":"https:\/\/scc-export.com\/vi\/wp-json\/wp\/v2\/comments?post=4769"}],"version-history":[{"count":0,"href":"https:\/\/scc-export.com\/vi\/wp-json\/wp\/v2\/product\/4769\/revisions"}],"wp:featuredmedia":[{"embeddable":true,"href":"https:\/\/scc-export.com\/vi\/wp-json\/wp\/v2\/media\/1071"}],"wp:attachment":[{"href":"https:\/\/scc-export.com\/vi\/wp-json\/wp\/v2\/media?parent=4769"}],"wp:term":[{"taxonomy":"product_brand","embeddable":true,"href":"https:\/\/scc-export.com\/vi\/wp-json\/wp\/v2\/product_brand?post=4769"},{"taxonomy":"product_cat","embeddable":true,"href":"https:\/\/scc-export.com\/vi\/wp-json\/wp\/v2\/product_cat?post=4769"},{"taxonomy":"product_tag","embeddable":true,"href":"https:\/\/scc-export.com\/vi\/wp-json\/wp\/v2\/product_tag?post=4769"},{"taxonomy":"products","embeddable":true,"href":"https:\/\/scc-export.com\/vi\/wp-json\/wp\/v2\/products?post=4769"},{"taxonomy":"fragrance","embeddable":true,"href":"https:\/\/scc-export.com\/vi\/wp-json\/wp\/v2\/fragrance?post=4769"},{"taxonomy":"capacity","embeddable":true,"href":"https:\/\/scc-export.com\/vi\/wp-json\/wp\/v2\/capacity?post=4769"}],"curies":[{"name":"wp","href":"https:\/\/api.w.org\/{rel}","templated":true}]}}