{"id":4771,"date":"2024-01-26T09:42:55","date_gmt":"2024-01-26T09:42:55","guid":{"rendered":"https:\/\/scc-export.com\/notes-of-mekong-the-delta\/"},"modified":"2024-10-16T07:15:22","modified_gmt":"2024-10-16T07:15:22","slug":"nuoc-hoa-notes-of-mekong-the-delta","status":"publish","type":"product","link":"https:\/\/scc-export.com\/vi\/nuoc-hoa-notes-of-mekong-the-delta\/","title":{"rendered":"N\u01b0\u1edbc hoa Notes of Mekong The Delta"},"content":{"rendered":"<p>&nbsp;<\/p>\n<div id=\"eJOY__extension_root\" class=\"eJOY__extension_root_class\" style=\"all: unset;\"><\/div>\n","protected":false},"excerpt":{"rendered":"<p>N\u01b0\u1edbc hoa Notes of Mekong The Delta th\u1ec3 hi\u1ec7n m\u00f9i h\u01b0\u01a1ng d\u1ecbu d\u00e0ng, ng\u1ecdt ng\u00e0o v\u00e0 thanh l\u1ecbch. B\u1eaft \u0111\u1ea7u v\u1edbi n\u1ed1t h\u01b0\u01a1ng ng\u1ecdt ng\u00e0o, sau \u0111\u00f3 d\u1ea7n d\u1ea7n chuy\u1ec3n sang h\u01b0\u01a1ng gi\u1eefa c\u1ee7a hoa m\u00f9a xu\u00e2n. Cu\u1ed1i c\u00f9ng, k\u1ebft th\u00fac b\u1eb1ng s\u1ef1 k\u1ebft h\u1ee3p gi\u1eefa g\u1ed7 v\u00e0 h\u1ed5 ph\u00e1ch, duy tr\u00ec n\u00e9t tinh t\u1ebf nh\u01b0ng \u0111\u1ea7y m\u00ea ho\u1eb7c.<\/p>\n<div id=\"eJOY__extension_root\" class=\"eJOY__extension_root_class\" style=\"all: unset;\"><\/div>\n","protected":false},"featured_media":1067,"comment_status":"closed","ping_status":"closed","template":"","meta":{"_acf_changed":false,"seo_booster_metabox":""},"product_brand":[],"product_cat":[204],"product_tag":[202],"products":[259],"fragrance":[],"capacity":[293],"class_list":{"0":"post-4771","1":"product","2":"type-product","3":"status-publish","4":"has-post-thumbnail","6":"product_cat-notes-of-mekong","7":"product_tag-nuoc-hoa-cao-cap","8":"products-nuoc-hoa-notes-of-mekong","9":"capacity-danh-muc-nuoc-hoa-30ml","11":"first","12":"instock","13":"shipping-taxable","14":"purchasable","15":"product-type-simple"},"acf":[],"_links":{"self":[{"href":"https:\/\/scc-export.com\/vi\/wp-json\/wp\/v2\/product\/4771","targetHints":{"allow":["GET"]}}],"collection":[{"href":"https:\/\/scc-export.com\/vi\/wp-json\/wp\/v2\/product"}],"about":[{"href":"https:\/\/scc-export.com\/vi\/wp-json\/wp\/v2\/types\/product"}],"replies":[{"embeddable":true,"href":"https:\/\/scc-export.com\/vi\/wp-json\/wp\/v2\/comments?post=4771"}],"version-history":[{"count":0,"href":"https:\/\/scc-export.com\/vi\/wp-json\/wp\/v2\/product\/4771\/revisions"}],"wp:featuredmedia":[{"embeddable":true,"href":"https:\/\/scc-export.com\/vi\/wp-json\/wp\/v2\/media\/1067"}],"wp:attachment":[{"href":"https:\/\/scc-export.com\/vi\/wp-json\/wp\/v2\/media?parent=4771"}],"wp:term":[{"taxonomy":"product_brand","embeddable":true,"href":"https:\/\/scc-export.com\/vi\/wp-json\/wp\/v2\/product_brand?post=4771"},{"taxonomy":"product_cat","embeddable":true,"href":"https:\/\/scc-export.com\/vi\/wp-json\/wp\/v2\/product_cat?post=4771"},{"taxonomy":"product_tag","embeddable":true,"href":"https:\/\/scc-export.com\/vi\/wp-json\/wp\/v2\/product_tag?post=4771"},{"taxonomy":"products","embeddable":true,"href":"https:\/\/scc-export.com\/vi\/wp-json\/wp\/v2\/products?post=4771"},{"taxonomy":"fragrance","embeddable":true,"href":"https:\/\/scc-export.com\/vi\/wp-json\/wp\/v2\/fragrance?post=4771"},{"taxonomy":"capacity","embeddable":true,"href":"https:\/\/scc-export.com\/vi\/wp-json\/wp\/v2\/capacity?post=4771"}],"curies":[{"name":"wp","href":"https:\/\/api.w.org\/{rel}","templated":true}]}}