{"id":4774,"date":"2024-02-26T09:42:54","date_gmt":"2024-02-26T09:42:54","guid":{"rendered":"https:\/\/scc-export.com\/garden-of-the-muse-rose\/"},"modified":"2024-10-16T07:12:21","modified_gmt":"2024-10-16T07:12:21","slug":"nuoc-hoa-garden-of-the-muse-rose","status":"publish","type":"product","link":"https:\/\/scc-export.com\/vi\/nuoc-hoa-garden-of-the-muse-rose\/","title":{"rendered":"N\u01b0\u1edbc hoa Garden of The Muse Rose"},"content":{"rendered":"<p>&nbsp;<\/p>\n<div id=\"eJOY__extension_root\" class=\"eJOY__extension_root_class\" style=\"all: unset;\"><\/div>\n","protected":false},"excerpt":{"rendered":"<p>N\u01b0\u1edbc hoa Garden of The Muse Rose mang \u0111\u1ebfn h\u01b0\u01a1ng th\u01a1m nh\u1eb9 nh\u00e0ng, tinh t\u1ebf nh\u01b0ng v\u00f4 c\u00f9ng quy\u1ebfn r\u0169 v\u00e0 s\u00e2u s\u1eafc, th\u00edch h\u1ee3p cho nh\u1eefng ai y\u00eau th\u00edch s\u1ef1 k\u1ebft h\u1ee3p gi\u1eefa h\u01b0\u01a1ng tr\u00e1i c\u00e2y, h\u01b0\u01a1ng hoa v\u00e0 h\u01b0\u01a1ng g\u1ed7.<\/p>\n<div id=\"eJOY__extension_root\" class=\"eJOY__extension_root_class\" style=\"all: unset;\"><\/div>\n","protected":false},"featured_media":1045,"comment_status":"closed","ping_status":"closed","template":"","meta":{"_acf_changed":false,"seo_booster_metabox":""},"product_brand":[],"product_cat":[206],"product_tag":[202],"products":[235],"fragrance":[],"capacity":[277],"class_list":{"0":"post-4774","1":"product","2":"type-product","3":"status-publish","4":"has-post-thumbnail","6":"product_cat-garden-of-the-muse","7":"product_tag-nuoc-hoa-cao-cap","8":"products-nuoc-hoa-garden-of-the-muse","9":"capacity-danh-muc-nuoc-hoa-50ml","11":"first","12":"instock","13":"shipping-taxable","14":"purchasable","15":"product-type-simple"},"acf":[],"_links":{"self":[{"href":"https:\/\/scc-export.com\/vi\/wp-json\/wp\/v2\/product\/4774","targetHints":{"allow":["GET"]}}],"collection":[{"href":"https:\/\/scc-export.com\/vi\/wp-json\/wp\/v2\/product"}],"about":[{"href":"https:\/\/scc-export.com\/vi\/wp-json\/wp\/v2\/types\/product"}],"replies":[{"embeddable":true,"href":"https:\/\/scc-export.com\/vi\/wp-json\/wp\/v2\/comments?post=4774"}],"version-history":[{"count":0,"href":"https:\/\/scc-export.com\/vi\/wp-json\/wp\/v2\/product\/4774\/revisions"}],"wp:featuredmedia":[{"embeddable":true,"href":"https:\/\/scc-export.com\/vi\/wp-json\/wp\/v2\/media\/1045"}],"wp:attachment":[{"href":"https:\/\/scc-export.com\/vi\/wp-json\/wp\/v2\/media?parent=4774"}],"wp:term":[{"taxonomy":"product_brand","embeddable":true,"href":"https:\/\/scc-export.com\/vi\/wp-json\/wp\/v2\/product_brand?post=4774"},{"taxonomy":"product_cat","embeddable":true,"href":"https:\/\/scc-export.com\/vi\/wp-json\/wp\/v2\/product_cat?post=4774"},{"taxonomy":"product_tag","embeddable":true,"href":"https:\/\/scc-export.com\/vi\/wp-json\/wp\/v2\/product_tag?post=4774"},{"taxonomy":"products","embeddable":true,"href":"https:\/\/scc-export.com\/vi\/wp-json\/wp\/v2\/products?post=4774"},{"taxonomy":"fragrance","embeddable":true,"href":"https:\/\/scc-export.com\/vi\/wp-json\/wp\/v2\/fragrance?post=4774"},{"taxonomy":"capacity","embeddable":true,"href":"https:\/\/scc-export.com\/vi\/wp-json\/wp\/v2\/capacity?post=4774"}],"curies":[{"name":"wp","href":"https:\/\/api.w.org\/{rel}","templated":true}]}}