{"id":4781,"date":"2024-02-26T09:42:54","date_gmt":"2024-02-26T09:42:54","guid":{"rendered":"https:\/\/scc-export.com\/notes-of-mekong-the-source\/"},"modified":"2024-10-16T07:12:20","modified_gmt":"2024-10-16T07:12:20","slug":"nuoc-hoa-notes-of-mekong-the-source","status":"publish","type":"product","link":"https:\/\/scc-export.com\/vi\/nuoc-hoa-notes-of-mekong-the-source\/","title":{"rendered":"N\u01b0\u1edbc hoa Notes of Mekong The Source"},"content":{"rendered":"<p>&nbsp;<\/p>\n<div id=\"eJOY__extension_root\" class=\"eJOY__extension_root_class\" style=\"all: unset;\"><\/div>\n","protected":false},"excerpt":{"rendered":"<p>N\u01b0\u1edbc hoa Notes of Mekong The Source mang \u0111\u1ebfn s\u1ef1 h\u00f2a quy\u1ec7n h\u00e0i h\u00f2a gi\u1eefa h\u01b0\u01a1ng th\u01a1m c\u1ee7a n\u01b0\u1edbc \u00e9p tr\u00e1i c\u00e2y t\u01b0\u01a1i m\u00e1t, ng\u1ecdt ng\u00e0o k\u1ebft h\u1ee3p v\u1edbi tinh ch\u1ea5t m\u00f9i h\u01b0\u01a1ng c\u1ee7a l\u00e1 xanh, hoa t\u01b0\u01a1i v\u00e0 g\u1ed7 \u1ea9m. Ph\u00f9 h\u1ee3p v\u1edbi nh\u1eefng ai th\u00edch phong c\u00e1ch tr\u1ebb trung, ng\u1ecdt ng\u00e0o v\u00e0 trong s\u00e1ng.<\/p>\n<div id=\"eJOY__extension_root\" class=\"eJOY__extension_root_class\" style=\"all: unset;\"><\/div>\n","protected":false},"featured_media":1061,"comment_status":"closed","ping_status":"closed","template":"","meta":{"_acf_changed":false,"seo_booster_metabox":""},"product_brand":[],"product_cat":[204],"product_tag":[202],"products":[259],"fragrance":[],"capacity":[293],"class_list":{"0":"post-4781","1":"product","2":"type-product","3":"status-publish","4":"has-post-thumbnail","6":"product_cat-notes-of-mekong","7":"product_tag-nuoc-hoa-cao-cap","8":"products-nuoc-hoa-notes-of-mekong","9":"capacity-danh-muc-nuoc-hoa-30ml","11":"first","12":"instock","13":"shipping-taxable","14":"purchasable","15":"product-type-simple"},"acf":[],"_links":{"self":[{"href":"https:\/\/scc-export.com\/vi\/wp-json\/wp\/v2\/product\/4781","targetHints":{"allow":["GET"]}}],"collection":[{"href":"https:\/\/scc-export.com\/vi\/wp-json\/wp\/v2\/product"}],"about":[{"href":"https:\/\/scc-export.com\/vi\/wp-json\/wp\/v2\/types\/product"}],"replies":[{"embeddable":true,"href":"https:\/\/scc-export.com\/vi\/wp-json\/wp\/v2\/comments?post=4781"}],"version-history":[{"count":0,"href":"https:\/\/scc-export.com\/vi\/wp-json\/wp\/v2\/product\/4781\/revisions"}],"wp:featuredmedia":[{"embeddable":true,"href":"https:\/\/scc-export.com\/vi\/wp-json\/wp\/v2\/media\/1061"}],"wp:attachment":[{"href":"https:\/\/scc-export.com\/vi\/wp-json\/wp\/v2\/media?parent=4781"}],"wp:term":[{"taxonomy":"product_brand","embeddable":true,"href":"https:\/\/scc-export.com\/vi\/wp-json\/wp\/v2\/product_brand?post=4781"},{"taxonomy":"product_cat","embeddable":true,"href":"https:\/\/scc-export.com\/vi\/wp-json\/wp\/v2\/product_cat?post=4781"},{"taxonomy":"product_tag","embeddable":true,"href":"https:\/\/scc-export.com\/vi\/wp-json\/wp\/v2\/product_tag?post=4781"},{"taxonomy":"products","embeddable":true,"href":"https:\/\/scc-export.com\/vi\/wp-json\/wp\/v2\/products?post=4781"},{"taxonomy":"fragrance","embeddable":true,"href":"https:\/\/scc-export.com\/vi\/wp-json\/wp\/v2\/fragrance?post=4781"},{"taxonomy":"capacity","embeddable":true,"href":"https:\/\/scc-export.com\/vi\/wp-json\/wp\/v2\/capacity?post=4781"}],"curies":[{"name":"wp","href":"https:\/\/api.w.org\/{rel}","templated":true}]}}