{"id":4786,"date":"2024-02-26T09:42:53","date_gmt":"2024-02-26T09:42:53","guid":{"rendered":"https:\/\/scc-export.com\/fantasy-rainbow-beat\/"},"modified":"2024-10-16T07:12:22","modified_gmt":"2024-10-16T07:12:22","slug":"nuoc-hoa-fantasy-rainbow-beat","status":"publish","type":"product","link":"https:\/\/scc-export.com\/vi\/nuoc-hoa-fantasy-rainbow-beat\/","title":{"rendered":"N\u01b0\u1edbc hoa Fantasy Rainbow Beat"},"content":{"rendered":"<p>&nbsp;<\/p>\n<div id=\"eJOY__extension_root\" class=\"eJOY__extension_root_class\" style=\"all: unset;\"><\/div>\n","protected":false},"excerpt":{"rendered":"<p>N\u01b0\u1edbc hoa Fantasy Rainbow Beat mang m\u00f9i h\u01b0\u01a1ng k\u1ebft h\u1ee3p gi\u1eefa s\u1ef1 t\u01b0\u01a1i m\u00e1t, quy\u1ebfn r\u0169 v\u00e0 \u1ea5m \u00e1p, r\u1ea5t ph\u00f9 h\u1ee3p cho nh\u1eefng c\u00f4 g\u00e1i c\u00e1 t\u00ednh, y\u00eau b\u1ea3n th\u00e2n v\u00e0 lu\u00f4n t\u1ef1 tin v\u00e0o ch\u00ednh m\u00ecnh.<\/p>\n<div id=\"eJOY__extension_root\" class=\"eJOY__extension_root_class\" style=\"all: unset;\"><\/div>\n","protected":false},"featured_media":1015,"comment_status":"open","ping_status":"closed","template":"","meta":{"_acf_changed":false,"seo_booster_metabox":""},"product_brand":[],"product_cat":[181],"product_tag":[208],"products":[257],"fragrance":[],"capacity":[293],"class_list":{"0":"post-4786","1":"product","2":"type-product","3":"status-publish","4":"has-post-thumbnail","6":"product_cat-fantasy","7":"product_tag-nuoc-hoa-trung-cap","8":"products-nuoc-hoa-genz-fantasy","9":"capacity-danh-muc-nuoc-hoa-30ml","11":"first","12":"instock","13":"shipping-taxable","14":"purchasable","15":"product-type-simple"},"acf":[],"_links":{"self":[{"href":"https:\/\/scc-export.com\/vi\/wp-json\/wp\/v2\/product\/4786","targetHints":{"allow":["GET"]}}],"collection":[{"href":"https:\/\/scc-export.com\/vi\/wp-json\/wp\/v2\/product"}],"about":[{"href":"https:\/\/scc-export.com\/vi\/wp-json\/wp\/v2\/types\/product"}],"replies":[{"embeddable":true,"href":"https:\/\/scc-export.com\/vi\/wp-json\/wp\/v2\/comments?post=4786"}],"version-history":[{"count":0,"href":"https:\/\/scc-export.com\/vi\/wp-json\/wp\/v2\/product\/4786\/revisions"}],"wp:featuredmedia":[{"embeddable":true,"href":"https:\/\/scc-export.com\/vi\/wp-json\/wp\/v2\/media\/1015"}],"wp:attachment":[{"href":"https:\/\/scc-export.com\/vi\/wp-json\/wp\/v2\/media?parent=4786"}],"wp:term":[{"taxonomy":"product_brand","embeddable":true,"href":"https:\/\/scc-export.com\/vi\/wp-json\/wp\/v2\/product_brand?post=4786"},{"taxonomy":"product_cat","embeddable":true,"href":"https:\/\/scc-export.com\/vi\/wp-json\/wp\/v2\/product_cat?post=4786"},{"taxonomy":"product_tag","embeddable":true,"href":"https:\/\/scc-export.com\/vi\/wp-json\/wp\/v2\/product_tag?post=4786"},{"taxonomy":"products","embeddable":true,"href":"https:\/\/scc-export.com\/vi\/wp-json\/wp\/v2\/products?post=4786"},{"taxonomy":"fragrance","embeddable":true,"href":"https:\/\/scc-export.com\/vi\/wp-json\/wp\/v2\/fragrance?post=4786"},{"taxonomy":"capacity","embeddable":true,"href":"https:\/\/scc-export.com\/vi\/wp-json\/wp\/v2\/capacity?post=4786"}],"curies":[{"name":"wp","href":"https:\/\/api.w.org\/{rel}","templated":true}]}}