{"id":4792,"date":"2024-02-26T09:42:53","date_gmt":"2024-02-26T09:42:53","guid":{"rendered":"https:\/\/scc-export.com\/garden-of-the-muse-jasmine\/"},"modified":"2024-10-16T07:12:22","modified_gmt":"2024-10-16T07:12:22","slug":"nuoc-hoa-garden-of-the-muse-jasmine","status":"publish","type":"product","link":"https:\/\/scc-export.com\/vi\/nuoc-hoa-garden-of-the-muse-jasmine\/","title":{"rendered":"N\u01b0\u1edbc hoa Garden of The Muse Jasmine"},"content":{"rendered":"<p>&nbsp;<\/p>\n<div id=\"eJOY__extension_root\" class=\"eJOY__extension_root_class\" style=\"all: unset;\"><\/div>\n","protected":false},"excerpt":{"rendered":"<p>M\u00f9i h\u01b0\u01a1ng c\u1ee7a n\u01b0\u1edbc hoa Garden of The Muse Jasmine \u0111\u01a1n gi\u1ea3n nh\u01b0ng kh\u00f4ng \u0111\u01a1n \u0111i\u1ec7u, nh\u1eb9 nh\u00e0ng, duy\u00ean d\u00e1ng v\u00e0 s\u00e2u l\u1eafng. Ph\u00f9 h\u1ee3p v\u1edbi nh\u1eefng c\u00f4 n\u00e0ng y\u00eau th\u00edch s\u1ef1 duy\u00ean d\u00e1ng, d\u1ecbu d\u00e0ng v\u00e0 sang tr\u1ecdng.<\/p>\n<div id=\"eJOY__extension_root\" class=\"eJOY__extension_root_class\" style=\"all: unset;\"><\/div>\n","protected":false},"featured_media":1033,"comment_status":"closed","ping_status":"closed","template":"","meta":{"_acf_changed":false,"seo_booster_metabox":""},"product_brand":[],"product_cat":[206],"product_tag":[202],"products":[235],"fragrance":[],"capacity":[277],"class_list":{"0":"post-4792","1":"product","2":"type-product","3":"status-publish","4":"has-post-thumbnail","6":"product_cat-garden-of-the-muse","7":"product_tag-nuoc-hoa-cao-cap","8":"products-nuoc-hoa-garden-of-the-muse","9":"capacity-danh-muc-nuoc-hoa-50ml","11":"first","12":"instock","13":"shipping-taxable","14":"purchasable","15":"product-type-simple"},"acf":[],"_links":{"self":[{"href":"https:\/\/scc-export.com\/vi\/wp-json\/wp\/v2\/product\/4792","targetHints":{"allow":["GET"]}}],"collection":[{"href":"https:\/\/scc-export.com\/vi\/wp-json\/wp\/v2\/product"}],"about":[{"href":"https:\/\/scc-export.com\/vi\/wp-json\/wp\/v2\/types\/product"}],"replies":[{"embeddable":true,"href":"https:\/\/scc-export.com\/vi\/wp-json\/wp\/v2\/comments?post=4792"}],"version-history":[{"count":0,"href":"https:\/\/scc-export.com\/vi\/wp-json\/wp\/v2\/product\/4792\/revisions"}],"wp:featuredmedia":[{"embeddable":true,"href":"https:\/\/scc-export.com\/vi\/wp-json\/wp\/v2\/media\/1033"}],"wp:attachment":[{"href":"https:\/\/scc-export.com\/vi\/wp-json\/wp\/v2\/media?parent=4792"}],"wp:term":[{"taxonomy":"product_brand","embeddable":true,"href":"https:\/\/scc-export.com\/vi\/wp-json\/wp\/v2\/product_brand?post=4792"},{"taxonomy":"product_cat","embeddable":true,"href":"https:\/\/scc-export.com\/vi\/wp-json\/wp\/v2\/product_cat?post=4792"},{"taxonomy":"product_tag","embeddable":true,"href":"https:\/\/scc-export.com\/vi\/wp-json\/wp\/v2\/product_tag?post=4792"},{"taxonomy":"products","embeddable":true,"href":"https:\/\/scc-export.com\/vi\/wp-json\/wp\/v2\/products?post=4792"},{"taxonomy":"fragrance","embeddable":true,"href":"https:\/\/scc-export.com\/vi\/wp-json\/wp\/v2\/fragrance?post=4792"},{"taxonomy":"capacity","embeddable":true,"href":"https:\/\/scc-export.com\/vi\/wp-json\/wp\/v2\/capacity?post=4792"}],"curies":[{"name":"wp","href":"https:\/\/api.w.org\/{rel}","templated":true}]}}