{"id":4797,"date":"2024-02-26T09:42:52","date_gmt":"2024-02-26T09:42:52","guid":{"rendered":"https:\/\/scc-export.com\/red-saigon-n1\/"},"modified":"2024-10-16T07:12:23","modified_gmt":"2024-10-16T07:12:23","slug":"nuoc-hoa-red-saigon-n1","status":"publish","type":"product","link":"https:\/\/scc-export.com\/vi\/nuoc-hoa-red-saigon-n1\/","title":{"rendered":"N\u01b0\u1edbc hoa Red Saigon N1"},"content":{"rendered":"<p>&nbsp;<\/p>\n<div id=\"eJOY__extension_root\" class=\"eJOY__extension_root_class\" style=\"all: unset;\"><\/div>\n","protected":false},"excerpt":{"rendered":"<p>N\u01b0\u1edbc hoa Red Saigon N1 mang h\u01b0\u01a1ng th\u01a1m thanh l\u1ecbch, k\u1ebft h\u1ee3p gi\u1eefa c\u00e1c th\u00e0nh ph\u1ea7n nh\u01b0 hoa c\u1ecf, g\u1ed7 v\u00e0 x\u1ea1 h\u01b0\u01a1ng. \u0110\u1eb7c t\u00ednh \u0111a d\u1ea1ng v\u00e0 quy\u1ebfn r\u0169 c\u1ee7a n\u00f3 ph\u00f9 h\u1ee3p cho nhi\u1ec1u d\u1ecbp kh\u00e1c nhau, t\u1eeb trang ph\u1ee5c h\u00e0ng ng\u00e0y \u0111\u1ebfn nh\u1eefng bu\u1ed5i t\u1ed1i \u0111\u1eb7c bi\u1ec7t.<\/p>\n<div id=\"eJOY__extension_root\" class=\"eJOY__extension_root_class\" style=\"all: unset;\"><\/div>\n","protected":false},"featured_media":987,"comment_status":"open","ping_status":"closed","template":"","meta":{"_acf_changed":false,"seo_booster_metabox":""},"product_brand":[],"product_cat":[210],"product_tag":[208],"products":[267],"fragrance":[],"capacity":[287],"class_list":{"0":"post-4797","1":"product","2":"type-product","3":"status-publish","4":"has-post-thumbnail","6":"product_cat-saigon-perfume","7":"product_tag-nuoc-hoa-trung-cap","8":"products-nuoc-hoa-saigon","9":"capacity-danh-muc-nuoc-hoa-27ml","11":"first","12":"instock","13":"shipping-taxable","14":"purchasable","15":"product-type-simple"},"acf":[],"_links":{"self":[{"href":"https:\/\/scc-export.com\/vi\/wp-json\/wp\/v2\/product\/4797","targetHints":{"allow":["GET"]}}],"collection":[{"href":"https:\/\/scc-export.com\/vi\/wp-json\/wp\/v2\/product"}],"about":[{"href":"https:\/\/scc-export.com\/vi\/wp-json\/wp\/v2\/types\/product"}],"replies":[{"embeddable":true,"href":"https:\/\/scc-export.com\/vi\/wp-json\/wp\/v2\/comments?post=4797"}],"version-history":[{"count":0,"href":"https:\/\/scc-export.com\/vi\/wp-json\/wp\/v2\/product\/4797\/revisions"}],"wp:featuredmedia":[{"embeddable":true,"href":"https:\/\/scc-export.com\/vi\/wp-json\/wp\/v2\/media\/987"}],"wp:attachment":[{"href":"https:\/\/scc-export.com\/vi\/wp-json\/wp\/v2\/media?parent=4797"}],"wp:term":[{"taxonomy":"product_brand","embeddable":true,"href":"https:\/\/scc-export.com\/vi\/wp-json\/wp\/v2\/product_brand?post=4797"},{"taxonomy":"product_cat","embeddable":true,"href":"https:\/\/scc-export.com\/vi\/wp-json\/wp\/v2\/product_cat?post=4797"},{"taxonomy":"product_tag","embeddable":true,"href":"https:\/\/scc-export.com\/vi\/wp-json\/wp\/v2\/product_tag?post=4797"},{"taxonomy":"products","embeddable":true,"href":"https:\/\/scc-export.com\/vi\/wp-json\/wp\/v2\/products?post=4797"},{"taxonomy":"fragrance","embeddable":true,"href":"https:\/\/scc-export.com\/vi\/wp-json\/wp\/v2\/fragrance?post=4797"},{"taxonomy":"capacity","embeddable":true,"href":"https:\/\/scc-export.com\/vi\/wp-json\/wp\/v2\/capacity?post=4797"}],"curies":[{"name":"wp","href":"https:\/\/api.w.org\/{rel}","templated":true}]}}