{"id":4799,"date":"2024-02-26T09:42:52","date_gmt":"2024-02-26T09:42:52","guid":{"rendered":"https:\/\/scc-export.com\/fantasy-crystal-rain\/"},"modified":"2024-10-16T07:12:23","modified_gmt":"2024-10-16T07:12:23","slug":"nuoc-hoa-fantasy-crystal-rain","status":"publish","type":"product","link":"https:\/\/scc-export.com\/vi\/nuoc-hoa-fantasy-crystal-rain\/","title":{"rendered":"N\u01b0\u1edbc hoa Fantasy Crystal Rain"},"content":{"rendered":"<p>&nbsp;<\/p>\n<div id=\"eJOY__extension_root\" class=\"eJOY__extension_root_class\" style=\"all: unset;\"><\/div>\n","protected":false},"excerpt":{"rendered":"<p>N\u01b0\u1edbc hoa Fantasy Crystal Rain mang m\u00f9i h\u01b0\u01a1ng th\u01a1m m\u00e1t, ng\u1ecdt ng\u00e0o g\u1ee3i l\u00ean h\u00ecnh \u1ea3nh m\u00f9a xu\u00e2n t\u01b0\u01a1i \u0111\u1eb9p, ho\u00e0n h\u1ea3o cho nh\u1eefng ai \u0111\u1ec1 cao s\u1ef1 t\u01b0\u01a1i m\u1edbi, tr\u1ebb trung v\u00e0 n\u0103ng \u0111\u1ed9ng<\/p>\n<div id=\"eJOY__extension_root\" class=\"eJOY__extension_root_class\" style=\"all: unset;\"><\/div>\n","protected":false},"featured_media":997,"comment_status":"open","ping_status":"closed","template":"","meta":{"_acf_changed":false,"seo_booster_metabox":""},"product_brand":[],"product_cat":[181],"product_tag":[208],"products":[257],"fragrance":[],"capacity":[293],"class_list":{"0":"post-4799","1":"product","2":"type-product","3":"status-publish","4":"has-post-thumbnail","6":"product_cat-fantasy","7":"product_tag-nuoc-hoa-trung-cap","8":"products-nuoc-hoa-genz-fantasy","9":"capacity-danh-muc-nuoc-hoa-30ml","11":"first","12":"instock","13":"shipping-taxable","14":"purchasable","15":"product-type-simple"},"acf":[],"_links":{"self":[{"href":"https:\/\/scc-export.com\/vi\/wp-json\/wp\/v2\/product\/4799","targetHints":{"allow":["GET"]}}],"collection":[{"href":"https:\/\/scc-export.com\/vi\/wp-json\/wp\/v2\/product"}],"about":[{"href":"https:\/\/scc-export.com\/vi\/wp-json\/wp\/v2\/types\/product"}],"replies":[{"embeddable":true,"href":"https:\/\/scc-export.com\/vi\/wp-json\/wp\/v2\/comments?post=4799"}],"version-history":[{"count":0,"href":"https:\/\/scc-export.com\/vi\/wp-json\/wp\/v2\/product\/4799\/revisions"}],"wp:featuredmedia":[{"embeddable":true,"href":"https:\/\/scc-export.com\/vi\/wp-json\/wp\/v2\/media\/997"}],"wp:attachment":[{"href":"https:\/\/scc-export.com\/vi\/wp-json\/wp\/v2\/media?parent=4799"}],"wp:term":[{"taxonomy":"product_brand","embeddable":true,"href":"https:\/\/scc-export.com\/vi\/wp-json\/wp\/v2\/product_brand?post=4799"},{"taxonomy":"product_cat","embeddable":true,"href":"https:\/\/scc-export.com\/vi\/wp-json\/wp\/v2\/product_cat?post=4799"},{"taxonomy":"product_tag","embeddable":true,"href":"https:\/\/scc-export.com\/vi\/wp-json\/wp\/v2\/product_tag?post=4799"},{"taxonomy":"products","embeddable":true,"href":"https:\/\/scc-export.com\/vi\/wp-json\/wp\/v2\/products?post=4799"},{"taxonomy":"fragrance","embeddable":true,"href":"https:\/\/scc-export.com\/vi\/wp-json\/wp\/v2\/fragrance?post=4799"},{"taxonomy":"capacity","embeddable":true,"href":"https:\/\/scc-export.com\/vi\/wp-json\/wp\/v2\/capacity?post=4799"}],"curies":[{"name":"wp","href":"https:\/\/api.w.org\/{rel}","templated":true}]}}