{"id":4810,"date":"2024-02-26T09:42:51","date_gmt":"2024-02-26T09:42:51","guid":{"rendered":"https:\/\/scc-export.com\/swimming-at-riverside\/"},"modified":"2024-10-16T07:12:24","modified_gmt":"2024-10-16T07:12:24","slug":"nuoc-hoa-dynik-swimming-at-riverside","status":"publish","type":"product","link":"https:\/\/scc-export.com\/vi\/nuoc-hoa-dynik-swimming-at-riverside\/","title":{"rendered":"N\u01b0\u1edbc hoa Dynik Swimming At Riverside"},"content":{"rendered":"<p>&nbsp;<\/p>\n<div id=\"eJOY__extension_root\" class=\"eJOY__extension_root_class\" style=\"all: unset;\"><\/div>\n","protected":false},"excerpt":{"rendered":"<p>N\u01b0\u1edbc hoa Dynik Swimming At Riverside mang h\u01b0\u01a1ng th\u01a1m k\u1ebft h\u1ee3p gi\u1eefa s\u1ef1 t\u01b0\u01a1i m\u00e1t, thu\u1ea7n khi\u1ebft v\u00e0 \u0111\u1ed9c \u0111\u00e1o, khi\u1ebfn b\u1ea1n nh\u01b0 \u0111ang \u0111\u1eafm ch\u00ecm trong l\u00e0n su\u1ed1i trong r\u1eebng, huy\u1ec1n b\u00ed v\u00e0 \u0111\u1ea7y s\u1ee9c s\u1ed1ng<\/p>\n<div id=\"eJOY__extension_root\" class=\"eJOY__extension_root_class\" style=\"all: unset;\"><\/div>\n","protected":false},"featured_media":977,"comment_status":"open","ping_status":"closed","template":"","meta":{"_acf_changed":false,"seo_booster_metabox":""},"product_brand":[],"product_cat":[191],"product_tag":[208],"products":[261],"fragrance":[],"capacity":[277],"class_list":{"0":"post-4810","1":"product","2":"type-product","3":"status-publish","4":"has-post-thumbnail","6":"product_cat-dynik","7":"product_tag-nuoc-hoa-trung-cap","8":"products-nuoc-hoa-dynik","9":"capacity-danh-muc-nuoc-hoa-50ml","11":"first","12":"instock","13":"shipping-taxable","14":"purchasable","15":"product-type-simple"},"acf":[],"_links":{"self":[{"href":"https:\/\/scc-export.com\/vi\/wp-json\/wp\/v2\/product\/4810","targetHints":{"allow":["GET"]}}],"collection":[{"href":"https:\/\/scc-export.com\/vi\/wp-json\/wp\/v2\/product"}],"about":[{"href":"https:\/\/scc-export.com\/vi\/wp-json\/wp\/v2\/types\/product"}],"replies":[{"embeddable":true,"href":"https:\/\/scc-export.com\/vi\/wp-json\/wp\/v2\/comments?post=4810"}],"version-history":[{"count":0,"href":"https:\/\/scc-export.com\/vi\/wp-json\/wp\/v2\/product\/4810\/revisions"}],"wp:featuredmedia":[{"embeddable":true,"href":"https:\/\/scc-export.com\/vi\/wp-json\/wp\/v2\/media\/977"}],"wp:attachment":[{"href":"https:\/\/scc-export.com\/vi\/wp-json\/wp\/v2\/media?parent=4810"}],"wp:term":[{"taxonomy":"product_brand","embeddable":true,"href":"https:\/\/scc-export.com\/vi\/wp-json\/wp\/v2\/product_brand?post=4810"},{"taxonomy":"product_cat","embeddable":true,"href":"https:\/\/scc-export.com\/vi\/wp-json\/wp\/v2\/product_cat?post=4810"},{"taxonomy":"product_tag","embeddable":true,"href":"https:\/\/scc-export.com\/vi\/wp-json\/wp\/v2\/product_tag?post=4810"},{"taxonomy":"products","embeddable":true,"href":"https:\/\/scc-export.com\/vi\/wp-json\/wp\/v2\/products?post=4810"},{"taxonomy":"fragrance","embeddable":true,"href":"https:\/\/scc-export.com\/vi\/wp-json\/wp\/v2\/fragrance?post=4810"},{"taxonomy":"capacity","embeddable":true,"href":"https:\/\/scc-export.com\/vi\/wp-json\/wp\/v2\/capacity?post=4810"}],"curies":[{"name":"wp","href":"https:\/\/api.w.org\/{rel}","templated":true}]}}