{"id":4811,"date":"2024-02-26T09:42:51","date_gmt":"2024-02-26T09:42:51","guid":{"rendered":"https:\/\/scc-export.com\/cindy-n1-perfume\/"},"modified":"2024-10-16T07:12:24","modified_gmt":"2024-10-16T07:12:24","slug":"nuoc-hoa-cindy-n1","status":"publish","type":"product","link":"https:\/\/scc-export.com\/vi\/nuoc-hoa-cindy-n1\/","title":{"rendered":"N\u01b0\u1edbc hoa Cindy N1"},"content":{"rendered":"<p>&nbsp;<\/p>\n<div id=\"eJOY__extension_root\" class=\"eJOY__extension_root_class\" style=\"all: unset;\"><\/div>\n","protected":false},"excerpt":{"rendered":"<p>N\u01b0\u1edbc hoa Cindy N1 mang h\u01b0\u01a1ng th\u01a1m quy\u1ebfn r\u0169, s\u1ef1 k\u1ebft h\u1ee3p th\u00fa v\u1ecb gi\u1eefa h\u01b0\u01a1ng hoa v\u00e0 h\u01b0\u01a1ng g\u1ed7, t\u1ea1o n\u00ean tr\u1ea3i nghi\u1ec7m h\u01b0\u01a1ng th\u01a1m h\u00e0i h\u00f2a v\u00e0 cu\u1ed1n h\u00fat<\/p>\n<div id=\"eJOY__extension_root\" class=\"eJOY__extension_root_class\" style=\"all: unset;\"><\/div>\n","protected":false},"featured_media":983,"comment_status":"open","ping_status":"closed","template":"","meta":{"_acf_changed":false,"seo_booster_metabox":""},"product_brand":[],"product_cat":[212],"product_tag":[208],"products":[269],"fragrance":[],"capacity":[281],"class_list":{"0":"post-4811","1":"product","2":"type-product","3":"status-publish","4":"has-post-thumbnail","6":"product_cat-cindy","7":"product_tag-nuoc-hoa-trung-cap","8":"products-nuoc-hoa-cindy-co-dien","9":"capacity-danh-muc-nuoc-hoa-100ml","11":"first","12":"instock","13":"shipping-taxable","14":"purchasable","15":"product-type-simple"},"acf":[],"_links":{"self":[{"href":"https:\/\/scc-export.com\/vi\/wp-json\/wp\/v2\/product\/4811","targetHints":{"allow":["GET"]}}],"collection":[{"href":"https:\/\/scc-export.com\/vi\/wp-json\/wp\/v2\/product"}],"about":[{"href":"https:\/\/scc-export.com\/vi\/wp-json\/wp\/v2\/types\/product"}],"replies":[{"embeddable":true,"href":"https:\/\/scc-export.com\/vi\/wp-json\/wp\/v2\/comments?post=4811"}],"version-history":[{"count":0,"href":"https:\/\/scc-export.com\/vi\/wp-json\/wp\/v2\/product\/4811\/revisions"}],"wp:featuredmedia":[{"embeddable":true,"href":"https:\/\/scc-export.com\/vi\/wp-json\/wp\/v2\/media\/983"}],"wp:attachment":[{"href":"https:\/\/scc-export.com\/vi\/wp-json\/wp\/v2\/media?parent=4811"}],"wp:term":[{"taxonomy":"product_brand","embeddable":true,"href":"https:\/\/scc-export.com\/vi\/wp-json\/wp\/v2\/product_brand?post=4811"},{"taxonomy":"product_cat","embeddable":true,"href":"https:\/\/scc-export.com\/vi\/wp-json\/wp\/v2\/product_cat?post=4811"},{"taxonomy":"product_tag","embeddable":true,"href":"https:\/\/scc-export.com\/vi\/wp-json\/wp\/v2\/product_tag?post=4811"},{"taxonomy":"products","embeddable":true,"href":"https:\/\/scc-export.com\/vi\/wp-json\/wp\/v2\/products?post=4811"},{"taxonomy":"fragrance","embeddable":true,"href":"https:\/\/scc-export.com\/vi\/wp-json\/wp\/v2\/fragrance?post=4811"},{"taxonomy":"capacity","embeddable":true,"href":"https:\/\/scc-export.com\/vi\/wp-json\/wp\/v2\/capacity?post=4811"}],"curies":[{"name":"wp","href":"https:\/\/api.w.org\/{rel}","templated":true}]}}