{"id":4812,"date":"2024-02-26T09:42:51","date_gmt":"2024-02-26T09:42:51","guid":{"rendered":"https:\/\/scc-export.com\/cindy-n2-perfume\/"},"modified":"2024-10-16T07:12:24","modified_gmt":"2024-10-16T07:12:24","slug":"nuoc-hoa-cindy-n2","status":"publish","type":"product","link":"https:\/\/scc-export.com\/vi\/nuoc-hoa-cindy-n2\/","title":{"rendered":"N\u01b0\u1edbc hoa Cindy N2"},"content":{"rendered":"<p>&nbsp;<\/p>\n<div id=\"eJOY__extension_root\" class=\"eJOY__extension_root_class\" style=\"all: unset;\"><\/div>\n","protected":false},"excerpt":{"rendered":"<p>N\u01b0\u1edbc hoa Cindy N2 mang h\u01b0\u01a1ng th\u01a1m c\u00e2n b\u1eb1ng gi\u1eefa s\u1ef1 pha tr\u1ed9n h\u01b0\u01a1ng hoa v\u00e0 g\u1ed7. S\u1ef1 k\u1ebft h\u1ee3p c\u1ee7a c\u00e1c n\u1ed1t h\u01b0\u01a1ng kh\u00e1c nhau t\u1ea1o n\u00ean m\u1ed9t m\u00f9i h\u01b0\u01a1ng quy\u1ebfn r\u0169 v\u00e0 l\u00e2u d\u00e0i, l\u00e0 m\u1ed9t s\u1ef1 l\u1ef1a ch\u1ecdn linh ho\u1ea1t v\u00e0 l\u00f4i cu\u1ed1n cho nhi\u1ec1u d\u1ecbp kh\u00e1c nhau<\/p>\n<div id=\"eJOY__extension_root\" class=\"eJOY__extension_root_class\" style=\"all: unset;\"><\/div>\n","protected":false},"featured_media":985,"comment_status":"open","ping_status":"closed","template":"","meta":{"_acf_changed":false,"seo_booster_metabox":""},"product_brand":[],"product_cat":[212],"product_tag":[208],"products":[269],"fragrance":[],"capacity":[281],"class_list":{"0":"post-4812","1":"product","2":"type-product","3":"status-publish","4":"has-post-thumbnail","6":"product_cat-cindy","7":"product_tag-nuoc-hoa-trung-cap","8":"products-nuoc-hoa-cindy-co-dien","9":"capacity-danh-muc-nuoc-hoa-100ml","11":"first","12":"instock","13":"shipping-taxable","14":"purchasable","15":"product-type-simple"},"acf":[],"_links":{"self":[{"href":"https:\/\/scc-export.com\/vi\/wp-json\/wp\/v2\/product\/4812","targetHints":{"allow":["GET"]}}],"collection":[{"href":"https:\/\/scc-export.com\/vi\/wp-json\/wp\/v2\/product"}],"about":[{"href":"https:\/\/scc-export.com\/vi\/wp-json\/wp\/v2\/types\/product"}],"replies":[{"embeddable":true,"href":"https:\/\/scc-export.com\/vi\/wp-json\/wp\/v2\/comments?post=4812"}],"version-history":[{"count":0,"href":"https:\/\/scc-export.com\/vi\/wp-json\/wp\/v2\/product\/4812\/revisions"}],"wp:featuredmedia":[{"embeddable":true,"href":"https:\/\/scc-export.com\/vi\/wp-json\/wp\/v2\/media\/985"}],"wp:attachment":[{"href":"https:\/\/scc-export.com\/vi\/wp-json\/wp\/v2\/media?parent=4812"}],"wp:term":[{"taxonomy":"product_brand","embeddable":true,"href":"https:\/\/scc-export.com\/vi\/wp-json\/wp\/v2\/product_brand?post=4812"},{"taxonomy":"product_cat","embeddable":true,"href":"https:\/\/scc-export.com\/vi\/wp-json\/wp\/v2\/product_cat?post=4812"},{"taxonomy":"product_tag","embeddable":true,"href":"https:\/\/scc-export.com\/vi\/wp-json\/wp\/v2\/product_tag?post=4812"},{"taxonomy":"products","embeddable":true,"href":"https:\/\/scc-export.com\/vi\/wp-json\/wp\/v2\/products?post=4812"},{"taxonomy":"fragrance","embeddable":true,"href":"https:\/\/scc-export.com\/vi\/wp-json\/wp\/v2\/fragrance?post=4812"},{"taxonomy":"capacity","embeddable":true,"href":"https:\/\/scc-export.com\/vi\/wp-json\/wp\/v2\/capacity?post=4812"}],"curies":[{"name":"wp","href":"https:\/\/api.w.org\/{rel}","templated":true}]}}