{"id":4816,"date":"2024-02-26T09:42:27","date_gmt":"2024-02-26T02:42:27","guid":{"rendered":"https:\/\/scc-export.com\/cindy-bloom-urban-vibes-deodorant-roll\/"},"modified":"2024-10-16T07:15:14","modified_gmt":"2024-10-16T07:15:14","slug":"lan-khu-mui-cindy-bloom-urban-vibes","status":"publish","type":"product","link":"https:\/\/scc-export.com\/vi\/lan-khu-mui-cindy-bloom-urban-vibes\/","title":{"rendered":"L\u0103n kh\u1eed m\u00f9i Cindy Bloom Urban Vibes"},"content":{"rendered":"<p>&nbsp;<\/p>\n<div id=\"eJOY__extension_root\" class=\"eJOY__extension_root_class\" style=\"all: unset;\"><\/div>\n","protected":false},"excerpt":{"rendered":"<div class=\"Voila__Block Voila__Block--Chat\">\n<div class=\"Voila__ChatMessage\" dir=\"ltr\">\n<div class=\"\">\n<p>L\u0103n kh\u1eed m\u00f9i Cindy Bloom Urban Vibes mang l\u1ea1i m\u00f9i h\u01b0\u01a1ng t\u1ef1 tin, n\u0103ng \u0111\u1ed9ng, ch\u1ee9a ion b\u1ea1c ki\u1ec3m so\u00e1t m\u00f9i, c\u00f9ng Vitamin E v\u00e0 C nu\u00f4i d\u01b0\u1ee1ng v\u00f9ng da d\u01b0\u1edbi c\u00e1nh tay, mang l\u1ea1i c\u1ea3m gi\u00e1c t\u01b0\u01a1i m\u00e1t su\u1ed1t ng\u00e0y.<\/p>\n<\/div>\n<div class=\"Voila__Flex\">\n<div class=\"Voila__Flex\"><\/div>\n<div class=\"Voila__Flex\"><\/div>\n<\/div>\n<\/div>\n<\/div>\n<div class=\"Voila__Block Voila__Block--ResponseActions\">\n<div>\n<div class=\"Voila__Block Voila__Block--Prompt\"><\/div>\n<\/div>\n<\/div>\n<div id=\"eJOY__extension_root\" class=\"eJOY__extension_root_class\" style=\"all: unset;\"><\/div>\n","protected":false},"featured_media":949,"comment_status":"open","ping_status":"closed","template":"","meta":{"_acf_changed":false,"seo_booster_metabox":""},"product_brand":[],"product_cat":[196],"product_tag":[192],"products":[227],"fragrance":[],"capacity":[303],"class_list":{"0":"post-4816","1":"product","2":"type-product","3":"status-publish","4":"has-post-thumbnail","6":"product_cat-cindy-bloom","7":"product_tag-lan-khu-mui","8":"products-lan-khu-mui-cindy-bloom","9":"capacity-danh-muc-lan-khu-mui-50ml","11":"first","12":"instock","13":"shipping-taxable","14":"purchasable","15":"product-type-simple"},"acf":[],"_links":{"self":[{"href":"https:\/\/scc-export.com\/vi\/wp-json\/wp\/v2\/product\/4816","targetHints":{"allow":["GET"]}}],"collection":[{"href":"https:\/\/scc-export.com\/vi\/wp-json\/wp\/v2\/product"}],"about":[{"href":"https:\/\/scc-export.com\/vi\/wp-json\/wp\/v2\/types\/product"}],"replies":[{"embeddable":true,"href":"https:\/\/scc-export.com\/vi\/wp-json\/wp\/v2\/comments?post=4816"}],"version-history":[{"count":0,"href":"https:\/\/scc-export.com\/vi\/wp-json\/wp\/v2\/product\/4816\/revisions"}],"wp:featuredmedia":[{"embeddable":true,"href":"https:\/\/scc-export.com\/vi\/wp-json\/wp\/v2\/media\/949"}],"wp:attachment":[{"href":"https:\/\/scc-export.com\/vi\/wp-json\/wp\/v2\/media?parent=4816"}],"wp:term":[{"taxonomy":"product_brand","embeddable":true,"href":"https:\/\/scc-export.com\/vi\/wp-json\/wp\/v2\/product_brand?post=4816"},{"taxonomy":"product_cat","embeddable":true,"href":"https:\/\/scc-export.com\/vi\/wp-json\/wp\/v2\/product_cat?post=4816"},{"taxonomy":"product_tag","embeddable":true,"href":"https:\/\/scc-export.com\/vi\/wp-json\/wp\/v2\/product_tag?post=4816"},{"taxonomy":"products","embeddable":true,"href":"https:\/\/scc-export.com\/vi\/wp-json\/wp\/v2\/products?post=4816"},{"taxonomy":"fragrance","embeddable":true,"href":"https:\/\/scc-export.com\/vi\/wp-json\/wp\/v2\/fragrance?post=4816"},{"taxonomy":"capacity","embeddable":true,"href":"https:\/\/scc-export.com\/vi\/wp-json\/wp\/v2\/capacity?post=4816"}],"curies":[{"name":"wp","href":"https:\/\/api.w.org\/{rel}","templated":true}]}}