{"id":4823,"date":"2024-02-26T09:42:27","date_gmt":"2024-02-26T09:42:27","guid":{"rendered":"https:\/\/scc-export.com\/breathing-mountain-air\/"},"modified":"2024-10-16T07:12:26","modified_gmt":"2024-10-16T07:12:26","slug":"nuoc-hoa-dynik-breathing-mountain-air","status":"publish","type":"product","link":"https:\/\/scc-export.com\/vi\/nuoc-hoa-dynik-breathing-mountain-air\/","title":{"rendered":"N\u01b0\u1edbc hoa Dynik Breathing Mountain Air"},"content":{"rendered":"<p>&nbsp;<\/p>\n<div id=\"eJOY__extension_root\" class=\"eJOY__extension_root_class\" style=\"all: unset;\"><\/div>\n","protected":false},"excerpt":{"rendered":"<p>N\u01b0\u1edbc hoa Dynik Breathing Mountain Air mang m\u00f9i h\u01b0\u01a1ng \u1ea5n t\u01b0\u1ee3ng v\u1edbi s\u1ef1 k\u1ebft h\u1ee3p gi\u1eefa \u0111\u1eadu Tonka tr\u1ee9 danh c\u00f9ng g\u1ed7 tuy\u1ebft t\u00f9ng v\u00e0 x\u1ea1 h\u01b0\u01a1ng. H\u01b0\u01a1ng th\u01a1m n\u00e0y kh\u00f4ng ch\u1ec9 d\u1eebng l\u1ea1i \u1edf phong v\u1ecb tr\u1ea7m t\u0129nh nam t\u00ednh m\u00e0 c\u00f2n t\u1ea1o c\u1ea3m gi\u00e1c \u0111\u01b0\u1ee3c h\u00edt th\u1edf kh\u00f4ng kh\u00ed kh\u00f4 tho\u00e1ng v\u00e0 trong l\u00e0nh tr\u00ean h\u1ebbm n\u00fai cao \u0111\u1ecf r\u1ef1c l\u1eeda.<\/p>\n<div id=\"eJOY__extension_root\" class=\"eJOY__extension_root_class\" style=\"all: unset;\"><\/div>\n","protected":false},"featured_media":953,"comment_status":"open","ping_status":"closed","template":"","meta":{"_acf_changed":false,"seo_booster_metabox":""},"product_brand":[],"product_cat":[191],"product_tag":[208],"products":[261],"fragrance":[],"capacity":[277],"class_list":{"0":"post-4823","1":"product","2":"type-product","3":"status-publish","4":"has-post-thumbnail","6":"product_cat-dynik","7":"product_tag-nuoc-hoa-trung-cap","8":"products-nuoc-hoa-dynik","9":"capacity-danh-muc-nuoc-hoa-50ml","11":"first","12":"instock","13":"shipping-taxable","14":"purchasable","15":"product-type-simple"},"acf":[],"_links":{"self":[{"href":"https:\/\/scc-export.com\/vi\/wp-json\/wp\/v2\/product\/4823","targetHints":{"allow":["GET"]}}],"collection":[{"href":"https:\/\/scc-export.com\/vi\/wp-json\/wp\/v2\/product"}],"about":[{"href":"https:\/\/scc-export.com\/vi\/wp-json\/wp\/v2\/types\/product"}],"replies":[{"embeddable":true,"href":"https:\/\/scc-export.com\/vi\/wp-json\/wp\/v2\/comments?post=4823"}],"version-history":[{"count":0,"href":"https:\/\/scc-export.com\/vi\/wp-json\/wp\/v2\/product\/4823\/revisions"}],"wp:featuredmedia":[{"embeddable":true,"href":"https:\/\/scc-export.com\/vi\/wp-json\/wp\/v2\/media\/953"}],"wp:attachment":[{"href":"https:\/\/scc-export.com\/vi\/wp-json\/wp\/v2\/media?parent=4823"}],"wp:term":[{"taxonomy":"product_brand","embeddable":true,"href":"https:\/\/scc-export.com\/vi\/wp-json\/wp\/v2\/product_brand?post=4823"},{"taxonomy":"product_cat","embeddable":true,"href":"https:\/\/scc-export.com\/vi\/wp-json\/wp\/v2\/product_cat?post=4823"},{"taxonomy":"product_tag","embeddable":true,"href":"https:\/\/scc-export.com\/vi\/wp-json\/wp\/v2\/product_tag?post=4823"},{"taxonomy":"products","embeddable":true,"href":"https:\/\/scc-export.com\/vi\/wp-json\/wp\/v2\/products?post=4823"},{"taxonomy":"fragrance","embeddable":true,"href":"https:\/\/scc-export.com\/vi\/wp-json\/wp\/v2\/fragrance?post=4823"},{"taxonomy":"capacity","embeddable":true,"href":"https:\/\/scc-export.com\/vi\/wp-json\/wp\/v2\/capacity?post=4823"}],"curies":[{"name":"wp","href":"https:\/\/api.w.org\/{rel}","templated":true}]}}