{"id":4824,"date":"2024-02-26T09:42:26","date_gmt":"2024-02-26T09:42:26","guid":{"rendered":"https:\/\/scc-export.com\/cindy-bloom-aroma-flower-deodorant-roll\/"},"modified":"2024-10-16T07:15:15","modified_gmt":"2024-10-16T07:15:15","slug":"lan-khu-mui-cindy-bloom-aroma-flower","status":"publish","type":"product","link":"https:\/\/scc-export.com\/vi\/lan-khu-mui-cindy-bloom-aroma-flower\/","title":{"rendered":"L\u0103n kh\u1eed m\u00f9i Cindy Bloom Aroma Flower"},"content":{"rendered":"<p>&nbsp;<\/p>\n<div id=\"eJOY__extension_root\" class=\"eJOY__extension_root_class\" style=\"all: unset;\"><\/div>\n","protected":false},"excerpt":{"rendered":"<p>L\u0103n kh\u1eed m\u00f9i Cindy Bloom Aroma Flower l\u00e0 s\u1ea3n ph\u1ea9m kh\u1eed m\u00f9i mang m\u00f9i h\u01b0\u01a1ng tinh t\u1ebf v\u00e0 ng\u1ecdt ng\u00e0o, gi\u00fap v\u00f9ng da d\u01b0\u1edbi c\u00e1nh tay kh\u00f4 r\u00e1o, d\u1ec5 ch\u1ecbu su\u1ed1t c\u1ea3 ng\u00e0y.<\/p>\n<div id=\"eJOY__extension_root\" class=\"eJOY__extension_root_class\" style=\"all: unset;\"><\/div>\n","protected":false},"featured_media":937,"comment_status":"open","ping_status":"closed","template":"","meta":{"_acf_changed":false,"seo_booster_metabox":""},"product_brand":[],"product_cat":[196],"product_tag":[192],"products":[227],"fragrance":[],"capacity":[303],"class_list":{"0":"post-4824","1":"product","2":"type-product","3":"status-publish","4":"has-post-thumbnail","6":"product_cat-cindy-bloom","7":"product_tag-lan-khu-mui","8":"products-lan-khu-mui-cindy-bloom","9":"capacity-danh-muc-lan-khu-mui-50ml","11":"first","12":"instock","13":"shipping-taxable","14":"purchasable","15":"product-type-simple"},"acf":[],"_links":{"self":[{"href":"https:\/\/scc-export.com\/vi\/wp-json\/wp\/v2\/product\/4824","targetHints":{"allow":["GET"]}}],"collection":[{"href":"https:\/\/scc-export.com\/vi\/wp-json\/wp\/v2\/product"}],"about":[{"href":"https:\/\/scc-export.com\/vi\/wp-json\/wp\/v2\/types\/product"}],"replies":[{"embeddable":true,"href":"https:\/\/scc-export.com\/vi\/wp-json\/wp\/v2\/comments?post=4824"}],"version-history":[{"count":0,"href":"https:\/\/scc-export.com\/vi\/wp-json\/wp\/v2\/product\/4824\/revisions"}],"wp:featuredmedia":[{"embeddable":true,"href":"https:\/\/scc-export.com\/vi\/wp-json\/wp\/v2\/media\/937"}],"wp:attachment":[{"href":"https:\/\/scc-export.com\/vi\/wp-json\/wp\/v2\/media?parent=4824"}],"wp:term":[{"taxonomy":"product_brand","embeddable":true,"href":"https:\/\/scc-export.com\/vi\/wp-json\/wp\/v2\/product_brand?post=4824"},{"taxonomy":"product_cat","embeddable":true,"href":"https:\/\/scc-export.com\/vi\/wp-json\/wp\/v2\/product_cat?post=4824"},{"taxonomy":"product_tag","embeddable":true,"href":"https:\/\/scc-export.com\/vi\/wp-json\/wp\/v2\/product_tag?post=4824"},{"taxonomy":"products","embeddable":true,"href":"https:\/\/scc-export.com\/vi\/wp-json\/wp\/v2\/products?post=4824"},{"taxonomy":"fragrance","embeddable":true,"href":"https:\/\/scc-export.com\/vi\/wp-json\/wp\/v2\/fragrance?post=4824"},{"taxonomy":"capacity","embeddable":true,"href":"https:\/\/scc-export.com\/vi\/wp-json\/wp\/v2\/capacity?post=4824"}],"curies":[{"name":"wp","href":"https:\/\/api.w.org\/{rel}","templated":true}]}}