{"id":4827,"date":"2024-02-26T09:42:26","date_gmt":"2024-02-26T09:42:26","guid":{"rendered":"https:\/\/scc-export.com\/cindy-bloom-fresh-ocean\/"},"modified":"2024-10-16T07:15:15","modified_gmt":"2024-10-16T07:15:15","slug":"nuoc-hoa-cindy-bloom-fresh-ocean","status":"publish","type":"product","link":"https:\/\/scc-export.com\/vi\/nuoc-hoa-cindy-bloom-fresh-ocean\/","title":{"rendered":"N\u01b0\u1edbc hoa Cindy Bloom Fresh Ocean"},"content":{"rendered":"<p>&nbsp;<\/p>\n<div id=\"eJOY__extension_root\" class=\"eJOY__extension_root_class\" style=\"all: unset;\"><\/div>\n","protected":false},"excerpt":{"rendered":"<p>H\u01b0\u01a1ng th\u01a1m c\u1ee7a n\u01b0\u1edbc hoa Cindy Bloom Fresh Ocean \u0111\u01b0\u1ee3c thi\u1ebft k\u1ebf cho nh\u1eefng ai y\u00eau s\u1ef1 t\u1ef1 do, kh\u00e1m ph\u00e1 thi\u00ean nhi\u00ean, v\u00e0 v\u1ebb \u0111\u1eb9p c\u1ee7a \u0111\u1ea1i d\u01b0\u01a1ng. V\u1edbi s\u1ef1 t\u01b0\u01a1i m\u00e1t, quy\u1ebfn r\u0169 v\u00e0 tinh khi\u1ebft, n\u01b0\u1edbc hoa Cindy Bloom Fresh Ocean mang l\u1ea1i m\u1ed9t m\u00f9i h\u01b0\u01a1ng quy\u1ebfn r\u0169 v\u00e0 l\u00f4i cu\u1ed1n, nh\u01b0 \u0111ang d\u1ea1o b\u1ed9 tr\u00ean b\u1edd bi\u1ec3n d\u00e0i v\u00e0o ng\u00e0y n\u1eafng \u0111\u1eb9p<\/p>\n<div id=\"eJOY__extension_root\" class=\"eJOY__extension_root_class\" style=\"all: unset;\"><\/div>\n","protected":false},"featured_media":919,"comment_status":"open","ping_status":"closed","template":"","meta":{"_acf_changed":false,"seo_booster_metabox":""},"product_brand":[],"product_cat":[196],"product_tag":[208],"products":[229],"fragrance":[],"capacity":[277],"class_list":{"0":"post-4827","1":"product","2":"type-product","3":"status-publish","4":"has-post-thumbnail","6":"product_cat-cindy-bloom","7":"product_tag-nuoc-hoa-trung-cap","8":"products-nuoc-hoa-cindy-bloom","9":"capacity-danh-muc-nuoc-hoa-50ml","11":"first","12":"instock","13":"shipping-taxable","14":"purchasable","15":"product-type-simple"},"acf":[],"_links":{"self":[{"href":"https:\/\/scc-export.com\/vi\/wp-json\/wp\/v2\/product\/4827","targetHints":{"allow":["GET"]}}],"collection":[{"href":"https:\/\/scc-export.com\/vi\/wp-json\/wp\/v2\/product"}],"about":[{"href":"https:\/\/scc-export.com\/vi\/wp-json\/wp\/v2\/types\/product"}],"replies":[{"embeddable":true,"href":"https:\/\/scc-export.com\/vi\/wp-json\/wp\/v2\/comments?post=4827"}],"version-history":[{"count":0,"href":"https:\/\/scc-export.com\/vi\/wp-json\/wp\/v2\/product\/4827\/revisions"}],"wp:featuredmedia":[{"embeddable":true,"href":"https:\/\/scc-export.com\/vi\/wp-json\/wp\/v2\/media\/919"}],"wp:attachment":[{"href":"https:\/\/scc-export.com\/vi\/wp-json\/wp\/v2\/media?parent=4827"}],"wp:term":[{"taxonomy":"product_brand","embeddable":true,"href":"https:\/\/scc-export.com\/vi\/wp-json\/wp\/v2\/product_brand?post=4827"},{"taxonomy":"product_cat","embeddable":true,"href":"https:\/\/scc-export.com\/vi\/wp-json\/wp\/v2\/product_cat?post=4827"},{"taxonomy":"product_tag","embeddable":true,"href":"https:\/\/scc-export.com\/vi\/wp-json\/wp\/v2\/product_tag?post=4827"},{"taxonomy":"products","embeddable":true,"href":"https:\/\/scc-export.com\/vi\/wp-json\/wp\/v2\/products?post=4827"},{"taxonomy":"fragrance","embeddable":true,"href":"https:\/\/scc-export.com\/vi\/wp-json\/wp\/v2\/fragrance?post=4827"},{"taxonomy":"capacity","embeddable":true,"href":"https:\/\/scc-export.com\/vi\/wp-json\/wp\/v2\/capacity?post=4827"}],"curies":[{"name":"wp","href":"https:\/\/api.w.org\/{rel}","templated":true}]}}