{"id":4829,"date":"2024-02-26T09:42:26","date_gmt":"2024-02-26T09:42:26","guid":{"rendered":"https:\/\/scc-export.com\/cindy-bloom-romantic-muse\/"},"modified":"2024-10-16T07:15:15","modified_gmt":"2024-10-16T07:15:15","slug":"nuoc-hoa-cindy-bloom-romantic-muse","status":"publish","type":"product","link":"https:\/\/scc-export.com\/vi\/nuoc-hoa-cindy-bloom-romantic-muse\/","title":{"rendered":"N\u01b0\u1edbc hoa Cindy Bloom Romantic Muse"},"content":{"rendered":"<p>&nbsp;<\/p>\n<div id=\"eJOY__extension_root\" class=\"eJOY__extension_root_class\" style=\"all: unset;\"><\/div>\n","protected":false},"excerpt":{"rendered":"<p>N\u01b0\u1edbc hoa Cindy Bloom Romantic Muse mang m\u00f9i h\u01b0\u01a1ng k\u1ebft h\u1ee3p ho\u00e0n h\u1ea3o gi\u1eefa s\u1ef1 t\u01b0\u01a1i m\u00e1t, quy\u1ebfn r\u0169, tinh t\u1ebf v\u00e0 \u1ea5m \u00e1p. \u0110\u00e2y l\u00e0 m\u00f9i h\u01b0\u01a1ng \u0111\u1ed9c \u0111\u00e1o v\u00e0 quy\u1ebfn r\u0169 cho nh\u1eefng ai y\u00eau s\u1ef1 n\u1eef t\u00ednh v\u00e0 l\u00e3ng m\u1ea1n<\/p>\n<div id=\"eJOY__extension_root\" class=\"eJOY__extension_root_class\" style=\"all: unset;\"><\/div>\n","protected":false},"featured_media":925,"comment_status":"open","ping_status":"closed","template":"","meta":{"_acf_changed":false,"seo_booster_metabox":""},"product_brand":[],"product_cat":[196],"product_tag":[208],"products":[229],"fragrance":[],"capacity":[277],"class_list":{"0":"post-4829","1":"product","2":"type-product","3":"status-publish","4":"has-post-thumbnail","6":"product_cat-cindy-bloom","7":"product_tag-nuoc-hoa-trung-cap","8":"products-nuoc-hoa-cindy-bloom","9":"capacity-danh-muc-nuoc-hoa-50ml","11":"first","12":"instock","13":"shipping-taxable","14":"purchasable","15":"product-type-simple"},"acf":[],"_links":{"self":[{"href":"https:\/\/scc-export.com\/vi\/wp-json\/wp\/v2\/product\/4829","targetHints":{"allow":["GET"]}}],"collection":[{"href":"https:\/\/scc-export.com\/vi\/wp-json\/wp\/v2\/product"}],"about":[{"href":"https:\/\/scc-export.com\/vi\/wp-json\/wp\/v2\/types\/product"}],"replies":[{"embeddable":true,"href":"https:\/\/scc-export.com\/vi\/wp-json\/wp\/v2\/comments?post=4829"}],"version-history":[{"count":0,"href":"https:\/\/scc-export.com\/vi\/wp-json\/wp\/v2\/product\/4829\/revisions"}],"wp:featuredmedia":[{"embeddable":true,"href":"https:\/\/scc-export.com\/vi\/wp-json\/wp\/v2\/media\/925"}],"wp:attachment":[{"href":"https:\/\/scc-export.com\/vi\/wp-json\/wp\/v2\/media?parent=4829"}],"wp:term":[{"taxonomy":"product_brand","embeddable":true,"href":"https:\/\/scc-export.com\/vi\/wp-json\/wp\/v2\/product_brand?post=4829"},{"taxonomy":"product_cat","embeddable":true,"href":"https:\/\/scc-export.com\/vi\/wp-json\/wp\/v2\/product_cat?post=4829"},{"taxonomy":"product_tag","embeddable":true,"href":"https:\/\/scc-export.com\/vi\/wp-json\/wp\/v2\/product_tag?post=4829"},{"taxonomy":"products","embeddable":true,"href":"https:\/\/scc-export.com\/vi\/wp-json\/wp\/v2\/products?post=4829"},{"taxonomy":"fragrance","embeddable":true,"href":"https:\/\/scc-export.com\/vi\/wp-json\/wp\/v2\/fragrance?post=4829"},{"taxonomy":"capacity","embeddable":true,"href":"https:\/\/scc-export.com\/vi\/wp-json\/wp\/v2\/capacity?post=4829"}],"curies":[{"name":"wp","href":"https:\/\/api.w.org\/{rel}","templated":true}]}}