{"id":4832,"date":"2024-02-26T09:42:26","date_gmt":"2024-02-26T02:42:26","guid":{"rendered":"https:\/\/scc-export.com\/cindy-bloom-urban-vibes\/"},"modified":"2024-10-16T07:15:15","modified_gmt":"2024-10-16T07:15:15","slug":"nuoc-hoa-cindy-bloom-urban-vibes","status":"publish","type":"product","link":"https:\/\/scc-export.com\/vi\/nuoc-hoa-cindy-bloom-urban-vibes\/","title":{"rendered":"N\u01b0\u1edbc hoa Cindy Bloom Urban Vibes"},"content":{"rendered":"<p>&nbsp;<\/p>\n<div id=\"eJOY__extension_root\" class=\"eJOY__extension_root_class\" style=\"all: unset;\"><\/div>\n","protected":false},"excerpt":{"rendered":"<p>N\u01b0\u1edbc hoa Cindy Bloom Urban Vibes mang h\u01b0\u01a1ng th\u01a1m l\u00f4i cu\u1ed1n ph\u00f9 h\u1ee3p cho nh\u1eefng c\u00f4 g\u00e1i t\u1ef1 tin, y\u00eau th\u00edch s\u1ef1 quy\u1ebfn r\u0169 v\u00e0 b\u00ed \u1ea9n, lu\u00f4n mu\u1ed1n th\u1ec3 hi\u1ec7n c\u00e1 t\u00ednh, s\u1ee9c h\u1ea5p d\u1eabn c\u1ee7a m\u00ecnh.<\/p>\n<div id=\"eJOY__extension_root\" class=\"eJOY__extension_root_class\" style=\"all: unset;\"><\/div>\n","protected":false},"featured_media":931,"comment_status":"open","ping_status":"closed","template":"","meta":{"_acf_changed":false,"seo_booster_metabox":""},"product_brand":[],"product_cat":[196],"product_tag":[208],"products":[229],"fragrance":[],"capacity":[277],"class_list":{"0":"post-4832","1":"product","2":"type-product","3":"status-publish","4":"has-post-thumbnail","6":"product_cat-cindy-bloom","7":"product_tag-nuoc-hoa-trung-cap","8":"products-nuoc-hoa-cindy-bloom","9":"capacity-danh-muc-nuoc-hoa-50ml","11":"first","12":"instock","13":"shipping-taxable","14":"purchasable","15":"product-type-simple"},"acf":[],"_links":{"self":[{"href":"https:\/\/scc-export.com\/vi\/wp-json\/wp\/v2\/product\/4832","targetHints":{"allow":["GET"]}}],"collection":[{"href":"https:\/\/scc-export.com\/vi\/wp-json\/wp\/v2\/product"}],"about":[{"href":"https:\/\/scc-export.com\/vi\/wp-json\/wp\/v2\/types\/product"}],"replies":[{"embeddable":true,"href":"https:\/\/scc-export.com\/vi\/wp-json\/wp\/v2\/comments?post=4832"}],"version-history":[{"count":0,"href":"https:\/\/scc-export.com\/vi\/wp-json\/wp\/v2\/product\/4832\/revisions"}],"wp:featuredmedia":[{"embeddable":true,"href":"https:\/\/scc-export.com\/vi\/wp-json\/wp\/v2\/media\/931"}],"wp:attachment":[{"href":"https:\/\/scc-export.com\/vi\/wp-json\/wp\/v2\/media?parent=4832"}],"wp:term":[{"taxonomy":"product_brand","embeddable":true,"href":"https:\/\/scc-export.com\/vi\/wp-json\/wp\/v2\/product_brand?post=4832"},{"taxonomy":"product_cat","embeddable":true,"href":"https:\/\/scc-export.com\/vi\/wp-json\/wp\/v2\/product_cat?post=4832"},{"taxonomy":"product_tag","embeddable":true,"href":"https:\/\/scc-export.com\/vi\/wp-json\/wp\/v2\/product_tag?post=4832"},{"taxonomy":"products","embeddable":true,"href":"https:\/\/scc-export.com\/vi\/wp-json\/wp\/v2\/products?post=4832"},{"taxonomy":"fragrance","embeddable":true,"href":"https:\/\/scc-export.com\/vi\/wp-json\/wp\/v2\/fragrance?post=4832"},{"taxonomy":"capacity","embeddable":true,"href":"https:\/\/scc-export.com\/vi\/wp-json\/wp\/v2\/capacity?post=4832"}],"curies":[{"name":"wp","href":"https:\/\/api.w.org\/{rel}","templated":true}]}}