{"id":4839,"date":"2024-02-26T09:42:25","date_gmt":"2024-02-26T09:42:25","guid":{"rendered":"https:\/\/scc-export.com\/cindy-pinky-sweet\/"},"modified":"2024-10-16T07:15:16","modified_gmt":"2024-10-16T07:15:16","slug":"nuoc-hoa-cindy-pinky-sweet","status":"publish","type":"product","link":"https:\/\/scc-export.com\/vi\/nuoc-hoa-cindy-pinky-sweet\/","title":{"rendered":"N\u01b0\u1edbc hoa Cindy Pinky Sweet"},"content":{"rendered":"<p>&nbsp;<\/p>\n<div id=\"eJOY__extension_root\" class=\"eJOY__extension_root_class\" style=\"all: unset;\"><\/div>\n","protected":false},"excerpt":{"rendered":"<p>N\u01b0\u1edbc hoa Cindy Pinky Sweet mang \u0111\u1ebfn s\u1ef1 k\u1ebft h\u1ee3p ho\u00e0n h\u1ea3o gi\u1eefa m\u00f9i h\u01b0\u01a1ng t\u01b0\u01a1i m\u00e1t, quy\u1ebfn r\u0169 v\u00e0 \u1ea5m \u00e1p, t\u1ea1o n\u00ean tr\u1ea3i nghi\u1ec7m kh\u1ee9u gi\u00e1c \u0111a chi\u1ec1u, cu\u1ed1n h\u00fat \u0111\u1eb7c bi\u1ec7t. H\u01b0\u01a1ng th\u01a1m n\u00e0y ph\u00f9 h\u1ee3p cho nh\u1eefng c\u00f4 n\u00e0ng n\u0103ng \u0111\u1ed9ng v\u00e0 vui t\u01b0\u01a1i, v\u1eabn th\u1ec3 hi\u1ec7n \u0111\u01b0\u1ee3c s\u1ef1 ng\u1ecdt ng\u00e0o v\u00e0 n\u1eef t\u00ednh m\u1ed9t c\u00e1ch t\u1ef1 tin.<\/p>\n<div id=\"eJOY__extension_root\" class=\"eJOY__extension_root_class\" style=\"all: unset;\"><\/div>\n","protected":false},"featured_media":897,"comment_status":"open","ping_status":"closed","template":"","meta":{"_acf_changed":false,"seo_booster_metabox":""},"product_brand":[],"product_cat":[212],"product_tag":[208],"products":[249],"fragrance":[],"capacity":[277],"class_list":{"0":"post-4839","1":"product","2":"type-product","3":"status-publish","4":"has-post-thumbnail","6":"product_cat-cindy","7":"product_tag-nuoc-hoa-trung-cap","8":"products-nuoc-hoa-cindy","9":"capacity-danh-muc-nuoc-hoa-50ml","11":"first","12":"instock","13":"shipping-taxable","14":"purchasable","15":"product-type-simple"},"acf":[],"_links":{"self":[{"href":"https:\/\/scc-export.com\/vi\/wp-json\/wp\/v2\/product\/4839","targetHints":{"allow":["GET"]}}],"collection":[{"href":"https:\/\/scc-export.com\/vi\/wp-json\/wp\/v2\/product"}],"about":[{"href":"https:\/\/scc-export.com\/vi\/wp-json\/wp\/v2\/types\/product"}],"replies":[{"embeddable":true,"href":"https:\/\/scc-export.com\/vi\/wp-json\/wp\/v2\/comments?post=4839"}],"version-history":[{"count":0,"href":"https:\/\/scc-export.com\/vi\/wp-json\/wp\/v2\/product\/4839\/revisions"}],"wp:featuredmedia":[{"embeddable":true,"href":"https:\/\/scc-export.com\/vi\/wp-json\/wp\/v2\/media\/897"}],"wp:attachment":[{"href":"https:\/\/scc-export.com\/vi\/wp-json\/wp\/v2\/media?parent=4839"}],"wp:term":[{"taxonomy":"product_brand","embeddable":true,"href":"https:\/\/scc-export.com\/vi\/wp-json\/wp\/v2\/product_brand?post=4839"},{"taxonomy":"product_cat","embeddable":true,"href":"https:\/\/scc-export.com\/vi\/wp-json\/wp\/v2\/product_cat?post=4839"},{"taxonomy":"product_tag","embeddable":true,"href":"https:\/\/scc-export.com\/vi\/wp-json\/wp\/v2\/product_tag?post=4839"},{"taxonomy":"products","embeddable":true,"href":"https:\/\/scc-export.com\/vi\/wp-json\/wp\/v2\/products?post=4839"},{"taxonomy":"fragrance","embeddable":true,"href":"https:\/\/scc-export.com\/vi\/wp-json\/wp\/v2\/fragrance?post=4839"},{"taxonomy":"capacity","embeddable":true,"href":"https:\/\/scc-export.com\/vi\/wp-json\/wp\/v2\/capacity?post=4839"}],"curies":[{"name":"wp","href":"https:\/\/api.w.org\/{rel}","templated":true}]}}