{"id":4848,"date":"2024-02-26T09:42:24","date_gmt":"2024-02-26T09:42:24","guid":{"rendered":"https:\/\/scc-export.com\/miss-vietnam-saigon\/"},"modified":"2024-10-16T07:15:19","modified_gmt":"2024-10-16T07:15:19","slug":"nuoc-hoa-miss-vietnam-saigon","status":"publish","type":"product","link":"https:\/\/scc-export.com\/vi\/nuoc-hoa-miss-vietnam-saigon\/","title":{"rendered":"N\u01b0\u1edbc hoa Miss Vietnam Saigon"},"content":{"rendered":"<p>&nbsp;<\/p>\n<div id=\"eJOY__extension_root\" class=\"eJOY__extension_root_class\" style=\"all: unset;\"><\/div>\n","protected":false},"excerpt":{"rendered":"<div class=\"Voila__Block Voila__Block--Chat\">\n<div class=\"Voila__ChatMessage\" dir=\"ltr\">\n<div class=\"\">\n<p>N\u01b0\u1edbc hoa Miss Vietnam Saigon kh\u00f4ng ch\u1ec9 \u0111\u01a1n thu\u1ea7n l\u00e0 m\u1ed9t lo\u1ea1i n\u01b0\u1edbc hoa, m\u00e0 c\u00f2n l\u00e0 bi\u1ec3u t\u01b0\u1ee3ng c\u1ee7a v\u1ebb \u0111\u1eb9p v\u00e0 s\u1ef1 quy\u1ebfn r\u0169 \u0111\u1eb7c tr\u01b0ng c\u1ee7a ph\u1ee5 n\u1eef S\u00e0i G\u00f2n. H\u01b0\u01a1ng th\u01a1m n\u00e0y \u0111\u01b0\u1ee3c l\u1ea5y c\u1ea3m h\u1ee9ng t\u1eeb s\u1ef1 n\u0103ng \u0111\u1ed9ng v\u00e0 duy\u00ean d\u00e1ng c\u1ee7a h\u1ecd, t\u1ea1o ra tr\u1ea3i nghi\u1ec7m quy\u1ebfn r\u0169 v\u00e0 l\u00f4i cu\u1ed1n.<\/p>\n<\/div>\n<\/div>\n<\/div>\n<div id=\"eJOY__extension_root\" class=\"eJOY__extension_root_class\" style=\"all: unset;\"><\/div>\n","protected":false},"featured_media":865,"comment_status":"open","ping_status":"closed","template":"","meta":{"_acf_changed":false,"seo_booster_metabox":""},"product_brand":[],"product_cat":[214],"product_tag":[202],"products":[221],"fragrance":[],"capacity":[297],"class_list":{"0":"post-4848","1":"product","2":"type-product","3":"status-publish","4":"has-post-thumbnail","6":"product_cat-miss-vietnam","7":"product_tag-nuoc-hoa-cao-cap","8":"products-nuoc-hoa-miss-vietnam","9":"capacity-danh-muc-nuoc-hoa-35ml","11":"first","12":"instock","13":"shipping-taxable","14":"purchasable","15":"product-type-simple"},"acf":[],"_links":{"self":[{"href":"https:\/\/scc-export.com\/vi\/wp-json\/wp\/v2\/product\/4848","targetHints":{"allow":["GET"]}}],"collection":[{"href":"https:\/\/scc-export.com\/vi\/wp-json\/wp\/v2\/product"}],"about":[{"href":"https:\/\/scc-export.com\/vi\/wp-json\/wp\/v2\/types\/product"}],"replies":[{"embeddable":true,"href":"https:\/\/scc-export.com\/vi\/wp-json\/wp\/v2\/comments?post=4848"}],"version-history":[{"count":0,"href":"https:\/\/scc-export.com\/vi\/wp-json\/wp\/v2\/product\/4848\/revisions"}],"wp:featuredmedia":[{"embeddable":true,"href":"https:\/\/scc-export.com\/vi\/wp-json\/wp\/v2\/media\/865"}],"wp:attachment":[{"href":"https:\/\/scc-export.com\/vi\/wp-json\/wp\/v2\/media?parent=4848"}],"wp:term":[{"taxonomy":"product_brand","embeddable":true,"href":"https:\/\/scc-export.com\/vi\/wp-json\/wp\/v2\/product_brand?post=4848"},{"taxonomy":"product_cat","embeddable":true,"href":"https:\/\/scc-export.com\/vi\/wp-json\/wp\/v2\/product_cat?post=4848"},{"taxonomy":"product_tag","embeddable":true,"href":"https:\/\/scc-export.com\/vi\/wp-json\/wp\/v2\/product_tag?post=4848"},{"taxonomy":"products","embeddable":true,"href":"https:\/\/scc-export.com\/vi\/wp-json\/wp\/v2\/products?post=4848"},{"taxonomy":"fragrance","embeddable":true,"href":"https:\/\/scc-export.com\/vi\/wp-json\/wp\/v2\/fragrance?post=4848"},{"taxonomy":"capacity","embeddable":true,"href":"https:\/\/scc-export.com\/vi\/wp-json\/wp\/v2\/capacity?post=4848"}],"curies":[{"name":"wp","href":"https:\/\/api.w.org\/{rel}","templated":true}]}}