{"id":4851,"date":"2024-02-26T09:42:24","date_gmt":"2024-02-26T09:42:24","guid":{"rendered":"https:\/\/scc-export.com\/miss-vietnam-platinum-saigon\/"},"modified":"2024-10-16T07:15:18","modified_gmt":"2024-10-16T07:15:18","slug":"nuoc-hoa-miss-vietnam-platinum-saigon","status":"publish","type":"product","link":"https:\/\/scc-export.com\/vi\/nuoc-hoa-miss-vietnam-platinum-saigon\/","title":{"rendered":"N\u01b0\u1edbc hoa Miss Vietnam Platinum Saigon"},"content":{"rendered":"<p>&nbsp;<\/p>\n<div id=\"eJOY__extension_root\" class=\"eJOY__extension_root_class\" style=\"all: unset;\"><\/div>\n","protected":false},"excerpt":{"rendered":"<p>N\u01b0\u1edbc hoa Miss Vietnam Platinum Saigon mang h\u01b0\u01a1ng th\u01a1m t\u01b0\u01a1i m\u1edbi, k\u1ebft h\u1ee3p ho\u00e0n h\u1ea3o gi\u1eefa s\u1ef1 t\u01b0\u01a1i m\u00e1t c\u1ee7a hoa v\u00e0 s\u1ef1 \u1ea5m \u00e1p c\u1ee7a h\u01b0\u01a1ng g\u1ed7, th\u1ec3 hi\u1ec7n nh\u01b0 tinh th\u1ea7n c\u1ee7a con ng\u01b0\u1eddi S\u00e0i Th\u00e0nh, s\u00f4i \u0111\u1ed9ng v\u00e0 tr\u00e0n \u0111\u1ea7y s\u1ee9c s\u1ed1ng.<\/p>\n<div id=\"eJOY__extension_root\" class=\"eJOY__extension_root_class\" style=\"all: unset;\"><\/div>\n","protected":false},"featured_media":873,"comment_status":"open","ping_status":"closed","template":"","meta":{"_acf_changed":false,"seo_booster_metabox":""},"product_brand":[],"product_cat":[214],"product_tag":[202],"products":[223],"fragrance":[],"capacity":[297],"class_list":{"0":"post-4851","1":"product","2":"type-product","3":"status-publish","4":"has-post-thumbnail","6":"product_cat-miss-vietnam","7":"product_tag-nuoc-hoa-cao-cap","8":"products-nuoc-hoa-miss-vietnam-platinum","9":"capacity-danh-muc-nuoc-hoa-35ml","11":"first","12":"instock","13":"shipping-taxable","14":"purchasable","15":"product-type-simple"},"acf":[],"_links":{"self":[{"href":"https:\/\/scc-export.com\/vi\/wp-json\/wp\/v2\/product\/4851","targetHints":{"allow":["GET"]}}],"collection":[{"href":"https:\/\/scc-export.com\/vi\/wp-json\/wp\/v2\/product"}],"about":[{"href":"https:\/\/scc-export.com\/vi\/wp-json\/wp\/v2\/types\/product"}],"replies":[{"embeddable":true,"href":"https:\/\/scc-export.com\/vi\/wp-json\/wp\/v2\/comments?post=4851"}],"version-history":[{"count":0,"href":"https:\/\/scc-export.com\/vi\/wp-json\/wp\/v2\/product\/4851\/revisions"}],"wp:featuredmedia":[{"embeddable":true,"href":"https:\/\/scc-export.com\/vi\/wp-json\/wp\/v2\/media\/873"}],"wp:attachment":[{"href":"https:\/\/scc-export.com\/vi\/wp-json\/wp\/v2\/media?parent=4851"}],"wp:term":[{"taxonomy":"product_brand","embeddable":true,"href":"https:\/\/scc-export.com\/vi\/wp-json\/wp\/v2\/product_brand?post=4851"},{"taxonomy":"product_cat","embeddable":true,"href":"https:\/\/scc-export.com\/vi\/wp-json\/wp\/v2\/product_cat?post=4851"},{"taxonomy":"product_tag","embeddable":true,"href":"https:\/\/scc-export.com\/vi\/wp-json\/wp\/v2\/product_tag?post=4851"},{"taxonomy":"products","embeddable":true,"href":"https:\/\/scc-export.com\/vi\/wp-json\/wp\/v2\/products?post=4851"},{"taxonomy":"fragrance","embeddable":true,"href":"https:\/\/scc-export.com\/vi\/wp-json\/wp\/v2\/fragrance?post=4851"},{"taxonomy":"capacity","embeddable":true,"href":"https:\/\/scc-export.com\/vi\/wp-json\/wp\/v2\/capacity?post=4851"}],"curies":[{"name":"wp","href":"https:\/\/api.w.org\/{rel}","templated":true}]}}