{"id":4855,"date":"2024-02-26T09:42:24","date_gmt":"2024-02-26T09:42:24","guid":{"rendered":"https:\/\/scc-export.com\/miss-vietnam-platinum-hanoi\/"},"modified":"2024-10-16T07:15:18","modified_gmt":"2024-10-16T07:15:18","slug":"nuoc-hoa-miss-vietnam-platinum-hanoi","status":"publish","type":"product","link":"https:\/\/scc-export.com\/vi\/nuoc-hoa-miss-vietnam-platinum-hanoi\/","title":{"rendered":"N\u01b0\u1edbc hoa Miss Vietnam Platinum Hanoi"},"content":{"rendered":"<p>&nbsp;<\/p>\n<div id=\"eJOY__extension_root\" class=\"eJOY__extension_root_class\" style=\"all: unset;\"><\/div>\n","protected":false},"excerpt":{"rendered":"<p>N\u01b0\u1edbc hoa Miss Vietnam Platinum Hanoi k\u1ebft h\u1ee3p gi\u1eefa nh\u1eefng n\u1ed1t h\u01b0\u01a1ng ng\u1ecdt ng\u00e0o, h\u01b0\u01a1ng tr\u00e1i c\u00e2y v\u00e0 s\u1ef1 \u1ea5m \u00e1p, th\u1ec3 hi\u1ec7n v\u0103n h\u00f3a truy\u1ec1n th\u1ed1ng v\u00e0 b\u1ea3n ch\u1ea5t d\u1ecbu d\u00e0ng, thanh l\u1ecbch c\u1ee7a ng\u01b0\u1eddi con g\u00e1i Th\u1ee7 \u0111\u00f4 H\u00e0 N\u1ed9i trong m\u1ed7i gi\u1ecdt n\u01b0\u1edbc hoa.<\/p>\n<div id=\"eJOY__extension_root\" class=\"eJOY__extension_root_class\" style=\"all: unset;\"><\/div>\n","protected":false},"featured_media":881,"comment_status":"open","ping_status":"closed","template":"","meta":{"_acf_changed":false,"seo_booster_metabox":""},"product_brand":[],"product_cat":[214],"product_tag":[202],"products":[223],"fragrance":[],"capacity":[297],"class_list":{"0":"post-4855","1":"product","2":"type-product","3":"status-publish","4":"has-post-thumbnail","6":"product_cat-miss-vietnam","7":"product_tag-nuoc-hoa-cao-cap","8":"products-nuoc-hoa-miss-vietnam-platinum","9":"capacity-danh-muc-nuoc-hoa-35ml","11":"first","12":"instock","13":"shipping-taxable","14":"purchasable","15":"product-type-simple"},"acf":[],"_links":{"self":[{"href":"https:\/\/scc-export.com\/vi\/wp-json\/wp\/v2\/product\/4855","targetHints":{"allow":["GET"]}}],"collection":[{"href":"https:\/\/scc-export.com\/vi\/wp-json\/wp\/v2\/product"}],"about":[{"href":"https:\/\/scc-export.com\/vi\/wp-json\/wp\/v2\/types\/product"}],"replies":[{"embeddable":true,"href":"https:\/\/scc-export.com\/vi\/wp-json\/wp\/v2\/comments?post=4855"}],"version-history":[{"count":0,"href":"https:\/\/scc-export.com\/vi\/wp-json\/wp\/v2\/product\/4855\/revisions"}],"wp:featuredmedia":[{"embeddable":true,"href":"https:\/\/scc-export.com\/vi\/wp-json\/wp\/v2\/media\/881"}],"wp:attachment":[{"href":"https:\/\/scc-export.com\/vi\/wp-json\/wp\/v2\/media?parent=4855"}],"wp:term":[{"taxonomy":"product_brand","embeddable":true,"href":"https:\/\/scc-export.com\/vi\/wp-json\/wp\/v2\/product_brand?post=4855"},{"taxonomy":"product_cat","embeddable":true,"href":"https:\/\/scc-export.com\/vi\/wp-json\/wp\/v2\/product_cat?post=4855"},{"taxonomy":"product_tag","embeddable":true,"href":"https:\/\/scc-export.com\/vi\/wp-json\/wp\/v2\/product_tag?post=4855"},{"taxonomy":"products","embeddable":true,"href":"https:\/\/scc-export.com\/vi\/wp-json\/wp\/v2\/products?post=4855"},{"taxonomy":"fragrance","embeddable":true,"href":"https:\/\/scc-export.com\/vi\/wp-json\/wp\/v2\/fragrance?post=4855"},{"taxonomy":"capacity","embeddable":true,"href":"https:\/\/scc-export.com\/vi\/wp-json\/wp\/v2\/capacity?post=4855"}],"curies":[{"name":"wp","href":"https:\/\/api.w.org\/{rel}","templated":true}]}}