{"id":4861,"date":"2024-02-26T09:42:24","date_gmt":"2024-02-26T09:42:24","guid":{"rendered":"https:\/\/scc-export.com\/cindy-classic\/"},"modified":"2024-10-16T07:15:18","modified_gmt":"2024-10-16T07:15:18","slug":"nuoc-hoa-cindy-classic","status":"publish","type":"product","link":"https:\/\/scc-export.com\/vi\/nuoc-hoa-cindy-classic\/","title":{"rendered":"N\u01b0\u1edbc hoa Cindy Classic"},"content":{"rendered":"<p>&nbsp;<\/p>\n<div id=\"eJOY__extension_root\" class=\"eJOY__extension_root_class\" style=\"all: unset;\"><\/div>\n","protected":false},"excerpt":{"rendered":"<div class=\"Voila__Block Voila__Block--Chat\">\n<div class=\"Voila__ChatMessage\" dir=\"ltr\">\n<div class=\"\">\n<p>N\u01b0\u1edbc hoa Cindy Classic k\u1ebft h\u1ee3p ho\u00e0n h\u1ea3o gi\u1eefa s\u1ef1 t\u01b0\u01a1i m\u00e1t, quy\u1ebfn r\u0169 v\u00e0 h\u01b0\u01a1ng \u1ea5m \u00e1p. \u0110\u00e2y l\u00e0 m\u1ed9t h\u01b0\u01a1ng th\u01a1m tinh t\u1ebf, d\u1ecbu d\u00e0ng v\u00e0 cu\u1ed1n h\u00fat, ph\u00f9 h\u1ee3p cho ph\u1ee5 n\u1eef theo \u0111u\u1ed5i phong c\u00e1ch thanh l\u1ecbch, m\u00ea ho\u1eb7c v\u00e0 quy\u1ebfn r\u0169.<\/p>\n<\/div>\n<\/div>\n<\/div>\n<div id=\"eJOY__extension_root\" class=\"eJOY__extension_root_class\" style=\"all: unset;\"><\/div>\n","protected":false},"featured_media":885,"comment_status":"open","ping_status":"closed","template":"","meta":{"_acf_changed":false,"seo_booster_metabox":""},"product_brand":[],"product_cat":[212],"product_tag":[208],"products":[249],"fragrance":[],"capacity":[277],"class_list":{"0":"post-4861","1":"product","2":"type-product","3":"status-publish","4":"has-post-thumbnail","6":"product_cat-cindy","7":"product_tag-nuoc-hoa-trung-cap","8":"products-nuoc-hoa-cindy","9":"capacity-danh-muc-nuoc-hoa-50ml","11":"first","12":"instock","13":"shipping-taxable","14":"purchasable","15":"product-type-simple"},"acf":[],"_links":{"self":[{"href":"https:\/\/scc-export.com\/vi\/wp-json\/wp\/v2\/product\/4861","targetHints":{"allow":["GET"]}}],"collection":[{"href":"https:\/\/scc-export.com\/vi\/wp-json\/wp\/v2\/product"}],"about":[{"href":"https:\/\/scc-export.com\/vi\/wp-json\/wp\/v2\/types\/product"}],"replies":[{"embeddable":true,"href":"https:\/\/scc-export.com\/vi\/wp-json\/wp\/v2\/comments?post=4861"}],"version-history":[{"count":0,"href":"https:\/\/scc-export.com\/vi\/wp-json\/wp\/v2\/product\/4861\/revisions"}],"wp:featuredmedia":[{"embeddable":true,"href":"https:\/\/scc-export.com\/vi\/wp-json\/wp\/v2\/media\/885"}],"wp:attachment":[{"href":"https:\/\/scc-export.com\/vi\/wp-json\/wp\/v2\/media?parent=4861"}],"wp:term":[{"taxonomy":"product_brand","embeddable":true,"href":"https:\/\/scc-export.com\/vi\/wp-json\/wp\/v2\/product_brand?post=4861"},{"taxonomy":"product_cat","embeddable":true,"href":"https:\/\/scc-export.com\/vi\/wp-json\/wp\/v2\/product_cat?post=4861"},{"taxonomy":"product_tag","embeddable":true,"href":"https:\/\/scc-export.com\/vi\/wp-json\/wp\/v2\/product_tag?post=4861"},{"taxonomy":"products","embeddable":true,"href":"https:\/\/scc-export.com\/vi\/wp-json\/wp\/v2\/products?post=4861"},{"taxonomy":"fragrance","embeddable":true,"href":"https:\/\/scc-export.com\/vi\/wp-json\/wp\/v2\/fragrance?post=4861"},{"taxonomy":"capacity","embeddable":true,"href":"https:\/\/scc-export.com\/vi\/wp-json\/wp\/v2\/capacity?post=4861"}],"curies":[{"name":"wp","href":"https:\/\/api.w.org\/{rel}","templated":true}]}}