{"id":4863,"date":"2024-02-26T09:42:23","date_gmt":"2024-02-26T09:42:23","guid":{"rendered":"https:\/\/scc-export.com\/miss-saigon-the-essence-oriental-pearl\/"},"modified":"2024-10-16T07:15:19","modified_gmt":"2024-10-16T07:15:19","slug":"nuoc-hoa-miss-saigon-the-essence-oriental-pearl","status":"publish","type":"product","link":"https:\/\/scc-export.com\/vi\/nuoc-hoa-miss-saigon-the-essence-oriental-pearl\/","title":{"rendered":"N\u01b0\u1edbc hoa Miss Saigon The Essence Oriental Pearl"},"content":{"rendered":"<p>&nbsp;<\/p>\n<div id=\"eJOY__extension_root\" class=\"eJOY__extension_root_class\" style=\"all: unset;\"><\/div>\n","protected":false},"excerpt":{"rendered":"<p>N\u01b0\u1edbc hoa Miss Saigon The Essence Oriental Pearl mang m\u00f9i h\u01b0\u01a1ng quy\u1ebfn r\u0169, cu\u1ed1n h\u00fat nh\u01b0 vi\u00ean ng\u1ecdc trai s\u00e1ng trong tr\u00e1i tim c\u1ee7a th\u00e0nh ph\u1ed1 hi\u1ec7n \u0111\u1ea1i v\u00e0 sang tr\u1ecdng.\u00a0 \u0110\u00e2y ch\u00ednh l\u00e0 l\u1ef1a ch\u1ecdn ho\u00e0n h\u1ea3o cho nh\u1eefng ng\u01b0\u1eddi ph\u1ee5 n\u1eef t\u1ef1 tin, lu\u00f4n bi\u1ebft c\u00e1ch t\u00f4n l\u00ean v\u1ebb \u0111\u1eb9p ri\u00eang c\u1ee7a m\u00ecnh.<\/p>\n<div id=\"eJOY__extension_root\" class=\"eJOY__extension_root_class\" style=\"all: unset;\"><\/div>\n","protected":false},"featured_media":837,"comment_status":"open","ping_status":"closed","template":"","meta":{"_acf_changed":false,"seo_booster_metabox":""},"product_brand":[],"product_cat":[216],"product_tag":[202],"products":[265,237],"fragrance":[],"capacity":[277],"class_list":{"0":"post-4863","1":"product","2":"type-product","3":"status-publish","4":"has-post-thumbnail","6":"product_cat-miss-saigon-the-essence","7":"product_tag-nuoc-hoa-cao-cap","8":"products-nuoc-hoa-miss-saigon","9":"products-nuoc-hoa-miss-saigon-the-essence","10":"capacity-danh-muc-nuoc-hoa-50ml","12":"first","13":"instock","14":"shipping-taxable","15":"purchasable","16":"product-type-simple"},"acf":[],"_links":{"self":[{"href":"https:\/\/scc-export.com\/vi\/wp-json\/wp\/v2\/product\/4863","targetHints":{"allow":["GET"]}}],"collection":[{"href":"https:\/\/scc-export.com\/vi\/wp-json\/wp\/v2\/product"}],"about":[{"href":"https:\/\/scc-export.com\/vi\/wp-json\/wp\/v2\/types\/product"}],"replies":[{"embeddable":true,"href":"https:\/\/scc-export.com\/vi\/wp-json\/wp\/v2\/comments?post=4863"}],"version-history":[{"count":0,"href":"https:\/\/scc-export.com\/vi\/wp-json\/wp\/v2\/product\/4863\/revisions"}],"wp:featuredmedia":[{"embeddable":true,"href":"https:\/\/scc-export.com\/vi\/wp-json\/wp\/v2\/media\/837"}],"wp:attachment":[{"href":"https:\/\/scc-export.com\/vi\/wp-json\/wp\/v2\/media?parent=4863"}],"wp:term":[{"taxonomy":"product_brand","embeddable":true,"href":"https:\/\/scc-export.com\/vi\/wp-json\/wp\/v2\/product_brand?post=4863"},{"taxonomy":"product_cat","embeddable":true,"href":"https:\/\/scc-export.com\/vi\/wp-json\/wp\/v2\/product_cat?post=4863"},{"taxonomy":"product_tag","embeddable":true,"href":"https:\/\/scc-export.com\/vi\/wp-json\/wp\/v2\/product_tag?post=4863"},{"taxonomy":"products","embeddable":true,"href":"https:\/\/scc-export.com\/vi\/wp-json\/wp\/v2\/products?post=4863"},{"taxonomy":"fragrance","embeddable":true,"href":"https:\/\/scc-export.com\/vi\/wp-json\/wp\/v2\/fragrance?post=4863"},{"taxonomy":"capacity","embeddable":true,"href":"https:\/\/scc-export.com\/vi\/wp-json\/wp\/v2\/capacity?post=4863"}],"curies":[{"name":"wp","href":"https:\/\/api.w.org\/{rel}","templated":true}]}}