{"id":4866,"date":"2024-02-26T09:42:23","date_gmt":"2024-02-26T09:42:23","guid":{"rendered":"https:\/\/scc-export.com\/miss-saigon-the-essence-the-lover\/"},"modified":"2024-10-16T07:15:20","modified_gmt":"2024-10-16T07:15:20","slug":"nuoc-hoa-miss-saigon-the-essence-the-lover","status":"publish","type":"product","link":"https:\/\/scc-export.com\/vi\/nuoc-hoa-miss-saigon-the-essence-the-lover\/","title":{"rendered":"N\u01b0\u1edbc hoa Miss Saigon The Essence The Lover"},"content":{"rendered":"<p>&nbsp;<\/p>\n<div id=\"eJOY__extension_root\" class=\"eJOY__extension_root_class\" style=\"all: unset;\"><\/div>\n","protected":false},"excerpt":{"rendered":"<p>N\u01b0\u1edbc hoa Miss Saigon The Essence The Lover l\u00e0 s\u1ef1 k\u1ebft h\u1ee3p h\u00e0i h\u00f2a gi\u1eefa h\u01b0\u01a1ng hoa v\u00e0 h\u01b0\u01a1ng tr\u00e1i c\u00e2y, c\u00f9ng v\u1edbi t\u1ea7ng h\u01b0\u01a1ng \u1ea5m \u00e1p v\u00e0 quy\u1ebfn r\u0169 t\u1eeb g\u1ed7 c\u00e2y. \u0110\u00e2y c\u00f3 th\u1ec3 l\u00e0 lo\u1ea1i n\u01b0\u1edbc hoa \u0111a n\u0103ng, ph\u00f9 h\u1ee3p cho nh\u1eefng c\u00f4 n\u00e0ng ng\u1ecdt ng\u00e0o trong nhi\u1ec1u d\u1ecbp kh\u00e1c nhau.<\/p>\n<div id=\"eJOY__extension_root\" class=\"eJOY__extension_root_class\" style=\"all: unset;\"><\/div>\n","protected":false},"featured_media":843,"comment_status":"open","ping_status":"closed","template":"","meta":{"_acf_changed":false,"seo_booster_metabox":""},"product_brand":[],"product_cat":[216],"product_tag":[202],"products":[237],"fragrance":[],"capacity":[277],"class_list":{"0":"post-4866","1":"product","2":"type-product","3":"status-publish","4":"has-post-thumbnail","6":"product_cat-miss-saigon-the-essence","7":"product_tag-nuoc-hoa-cao-cap","8":"products-nuoc-hoa-miss-saigon-the-essence","9":"capacity-danh-muc-nuoc-hoa-50ml","11":"first","12":"instock","13":"shipping-taxable","14":"purchasable","15":"product-type-simple"},"acf":[],"_links":{"self":[{"href":"https:\/\/scc-export.com\/vi\/wp-json\/wp\/v2\/product\/4866","targetHints":{"allow":["GET"]}}],"collection":[{"href":"https:\/\/scc-export.com\/vi\/wp-json\/wp\/v2\/product"}],"about":[{"href":"https:\/\/scc-export.com\/vi\/wp-json\/wp\/v2\/types\/product"}],"replies":[{"embeddable":true,"href":"https:\/\/scc-export.com\/vi\/wp-json\/wp\/v2\/comments?post=4866"}],"version-history":[{"count":0,"href":"https:\/\/scc-export.com\/vi\/wp-json\/wp\/v2\/product\/4866\/revisions"}],"wp:featuredmedia":[{"embeddable":true,"href":"https:\/\/scc-export.com\/vi\/wp-json\/wp\/v2\/media\/843"}],"wp:attachment":[{"href":"https:\/\/scc-export.com\/vi\/wp-json\/wp\/v2\/media?parent=4866"}],"wp:term":[{"taxonomy":"product_brand","embeddable":true,"href":"https:\/\/scc-export.com\/vi\/wp-json\/wp\/v2\/product_brand?post=4866"},{"taxonomy":"product_cat","embeddable":true,"href":"https:\/\/scc-export.com\/vi\/wp-json\/wp\/v2\/product_cat?post=4866"},{"taxonomy":"product_tag","embeddable":true,"href":"https:\/\/scc-export.com\/vi\/wp-json\/wp\/v2\/product_tag?post=4866"},{"taxonomy":"products","embeddable":true,"href":"https:\/\/scc-export.com\/vi\/wp-json\/wp\/v2\/products?post=4866"},{"taxonomy":"fragrance","embeddable":true,"href":"https:\/\/scc-export.com\/vi\/wp-json\/wp\/v2\/fragrance?post=4866"},{"taxonomy":"capacity","embeddable":true,"href":"https:\/\/scc-export.com\/vi\/wp-json\/wp\/v2\/capacity?post=4866"}],"curies":[{"name":"wp","href":"https:\/\/api.w.org\/{rel}","templated":true}]}}