{"id":4871,"date":"2024-02-26T09:42:22","date_gmt":"2024-02-26T09:42:22","guid":{"rendered":"https:\/\/scc-export.com\/miss-saigon-elegance-jade\/"},"modified":"2024-10-16T07:15:21","modified_gmt":"2024-10-16T07:15:21","slug":"nuoc-hoa-miss-saigon-elegance-jade","status":"publish","type":"product","link":"https:\/\/scc-export.com\/vi\/nuoc-hoa-miss-saigon-elegance-jade\/","title":{"rendered":"N\u01b0\u1edbc hoa Miss Saigon Elegance Jade"},"content":{"rendered":"<p>&nbsp;<\/p>\n<div id=\"eJOY__extension_root\" class=\"eJOY__extension_root_class\" style=\"all: unset;\"><\/div>\n","protected":false},"excerpt":{"rendered":"<p>N\u01b0\u1edbc hoa Miss Saigon Elegance Jade mang \u0111\u1ebfn m\u00f9i h\u01b0\u01a1ng thanh m\u00e1t, ng\u1ecdt ng\u00e0o, l\u00e0m n\u1ed5i b\u1eadt n\u00e9t quy\u1ebfn r\u0169 v\u00e0 \u0111\u1ec3 l\u1ea1i \u1ea5n t\u01b0\u1ee3ng kh\u00f3 qu\u00ean trong l\u00f2ng nh\u1eefng ng\u01b0\u1eddi xung quanh.<\/p>\n<div id=\"eJOY__extension_root\" class=\"eJOY__extension_root_class\" style=\"all: unset;\"><\/div>\n","protected":false},"featured_media":827,"comment_status":"open","ping_status":"closed","template":"","meta":{"_acf_changed":false,"seo_booster_metabox":""},"product_brand":[],"product_cat":[218],"product_tag":[202],"products":[265,245],"fragrance":[],"capacity":[277],"class_list":{"0":"post-4871","1":"product","2":"type-product","3":"status-publish","4":"has-post-thumbnail","6":"product_cat-miss-saigon-elegance","7":"product_tag-nuoc-hoa-cao-cap","8":"products-nuoc-hoa-miss-saigon","9":"products-nuoc-hoa-miss-saigon-elegance","10":"capacity-danh-muc-nuoc-hoa-50ml","12":"first","13":"instock","14":"shipping-taxable","15":"purchasable","16":"product-type-simple"},"acf":[],"_links":{"self":[{"href":"https:\/\/scc-export.com\/vi\/wp-json\/wp\/v2\/product\/4871","targetHints":{"allow":["GET"]}}],"collection":[{"href":"https:\/\/scc-export.com\/vi\/wp-json\/wp\/v2\/product"}],"about":[{"href":"https:\/\/scc-export.com\/vi\/wp-json\/wp\/v2\/types\/product"}],"replies":[{"embeddable":true,"href":"https:\/\/scc-export.com\/vi\/wp-json\/wp\/v2\/comments?post=4871"}],"version-history":[{"count":0,"href":"https:\/\/scc-export.com\/vi\/wp-json\/wp\/v2\/product\/4871\/revisions"}],"wp:featuredmedia":[{"embeddable":true,"href":"https:\/\/scc-export.com\/vi\/wp-json\/wp\/v2\/media\/827"}],"wp:attachment":[{"href":"https:\/\/scc-export.com\/vi\/wp-json\/wp\/v2\/media?parent=4871"}],"wp:term":[{"taxonomy":"product_brand","embeddable":true,"href":"https:\/\/scc-export.com\/vi\/wp-json\/wp\/v2\/product_brand?post=4871"},{"taxonomy":"product_cat","embeddable":true,"href":"https:\/\/scc-export.com\/vi\/wp-json\/wp\/v2\/product_cat?post=4871"},{"taxonomy":"product_tag","embeddable":true,"href":"https:\/\/scc-export.com\/vi\/wp-json\/wp\/v2\/product_tag?post=4871"},{"taxonomy":"products","embeddable":true,"href":"https:\/\/scc-export.com\/vi\/wp-json\/wp\/v2\/products?post=4871"},{"taxonomy":"fragrance","embeddable":true,"href":"https:\/\/scc-export.com\/vi\/wp-json\/wp\/v2\/fragrance?post=4871"},{"taxonomy":"capacity","embeddable":true,"href":"https:\/\/scc-export.com\/vi\/wp-json\/wp\/v2\/capacity?post=4871"}],"curies":[{"name":"wp","href":"https:\/\/api.w.org\/{rel}","templated":true}]}}