{"id":4879,"date":"2024-02-26T09:42:21","date_gmt":"2024-02-26T09:42:21","guid":{"rendered":"https:\/\/scc-export.com\/miss-saigon-elegance-amethyst\/"},"modified":"2024-10-16T07:15:22","modified_gmt":"2024-10-16T07:15:22","slug":"nuoc-hoa-miss-saigon-elegance-amethyst","status":"publish","type":"product","link":"https:\/\/scc-export.com\/vi\/nuoc-hoa-miss-saigon-elegance-amethyst\/","title":{"rendered":"N\u01b0\u1edbc hoa Miss Saigon Elegance Amethyst"},"content":{"rendered":"<p>&nbsp;<\/p>\n<div id=\"eJOY__extension_root\" class=\"eJOY__extension_root_class\" style=\"all: unset;\"><\/div>\n","protected":false},"excerpt":{"rendered":"<p>N\u01b0\u1edbc hoa Miss Saigon Elegance Amethyst h\u00f2a quy\u1ec7n tinh t\u1ebf gi\u1eefa h\u01b0\u01a1ng t\u01b0\u01a1i m\u00e1t, h\u01b0\u01a1ng tr\u00e1i c\u00e2y, g\u1ed7 v\u00e0 \u0111\u1ea5t, t\u1ea1o n\u00ean m\u00f9i h\u01b0\u01a1ng quy\u1ebfn r\u0169 v\u00e0 \u0111\u1eb7c bi\u1ec7t. \u0110\u00e2y l\u00e0 s\u1ef1 l\u1ef1a ch\u1ecdn tuy\u1ec7t v\u1eddi cho nh\u1eefng qu\u00fd c\u00f4 y\u00eau th\u00edch s\u1ef1 thanh l\u1ecbch v\u00e0 cu\u1ed1n h\u00fat.<\/p>\n<div id=\"eJOY__extension_root\" class=\"eJOY__extension_root_class\" style=\"all: unset;\"><\/div>\n","protected":false},"featured_media":809,"comment_status":"open","ping_status":"closed","template":"","meta":{"_acf_changed":false,"seo_booster_metabox":""},"product_brand":[],"product_cat":[218],"product_tag":[202],"products":[265,245],"fragrance":[],"capacity":[277],"class_list":{"0":"post-4879","1":"product","2":"type-product","3":"status-publish","4":"has-post-thumbnail","6":"product_cat-miss-saigon-elegance","7":"product_tag-nuoc-hoa-cao-cap","8":"products-nuoc-hoa-miss-saigon","9":"products-nuoc-hoa-miss-saigon-elegance","10":"capacity-danh-muc-nuoc-hoa-50ml","12":"first","13":"instock","14":"shipping-taxable","15":"purchasable","16":"product-type-simple"},"acf":[],"_links":{"self":[{"href":"https:\/\/scc-export.com\/vi\/wp-json\/wp\/v2\/product\/4879","targetHints":{"allow":["GET"]}}],"collection":[{"href":"https:\/\/scc-export.com\/vi\/wp-json\/wp\/v2\/product"}],"about":[{"href":"https:\/\/scc-export.com\/vi\/wp-json\/wp\/v2\/types\/product"}],"replies":[{"embeddable":true,"href":"https:\/\/scc-export.com\/vi\/wp-json\/wp\/v2\/comments?post=4879"}],"version-history":[{"count":0,"href":"https:\/\/scc-export.com\/vi\/wp-json\/wp\/v2\/product\/4879\/revisions"}],"wp:featuredmedia":[{"embeddable":true,"href":"https:\/\/scc-export.com\/vi\/wp-json\/wp\/v2\/media\/809"}],"wp:attachment":[{"href":"https:\/\/scc-export.com\/vi\/wp-json\/wp\/v2\/media?parent=4879"}],"wp:term":[{"taxonomy":"product_brand","embeddable":true,"href":"https:\/\/scc-export.com\/vi\/wp-json\/wp\/v2\/product_brand?post=4879"},{"taxonomy":"product_cat","embeddable":true,"href":"https:\/\/scc-export.com\/vi\/wp-json\/wp\/v2\/product_cat?post=4879"},{"taxonomy":"product_tag","embeddable":true,"href":"https:\/\/scc-export.com\/vi\/wp-json\/wp\/v2\/product_tag?post=4879"},{"taxonomy":"products","embeddable":true,"href":"https:\/\/scc-export.com\/vi\/wp-json\/wp\/v2\/products?post=4879"},{"taxonomy":"fragrance","embeddable":true,"href":"https:\/\/scc-export.com\/vi\/wp-json\/wp\/v2\/fragrance?post=4879"},{"taxonomy":"capacity","embeddable":true,"href":"https:\/\/scc-export.com\/vi\/wp-json\/wp\/v2\/capacity?post=4879"}],"curies":[{"name":"wp","href":"https:\/\/api.w.org\/{rel}","templated":true}]}}