{"id":4882,"date":"2024-02-26T09:42:26","date_gmt":"2024-02-26T09:42:26","guid":{"rendered":"https:\/\/scc-export.com\/cindy-bloom-aroma-flower\/"},"modified":"2024-10-16T07:15:15","modified_gmt":"2024-10-16T07:15:15","slug":"nuoc-hoa-cindy-bloom-aroma-flower","status":"publish","type":"product","link":"https:\/\/scc-export.com\/vi\/nuoc-hoa-cindy-bloom-aroma-flower\/","title":{"rendered":"N\u01b0\u1edbc hoa Cindy Bloom Aroma Flower"},"content":{"rendered":"<p>&nbsp;<\/p>\n<div id=\"eJOY__extension_root\" class=\"eJOY__extension_root_class\" style=\"all: unset;\"><\/div>\n","protected":false},"excerpt":{"rendered":"<p>N\u01b0\u1edbc hoa Cindy Bloom Aroma Flower mang m\u1ed9t m\u00f9i h\u01b0\u01a1ng \u0111\u1ed9c \u0111\u00e1o v\u00e0 m\u00ea ho\u1eb7c, r\u1ea5t ph\u00f9 h\u1ee3p cho ai y\u00eau th\u00edch s\u1ef1 h\u00f2a quy\u1ec7n gi\u1eefa thi\u00ean nhi\u00ean v\u00e0 th\u1eddi trang th\u00e0nh th\u1ecb<\/p>\n<div id=\"eJOY__extension_root\" class=\"eJOY__extension_root_class\" style=\"all: unset;\"><\/div>\n","protected":false},"featured_media":913,"comment_status":"open","ping_status":"closed","template":"","meta":{"_acf_changed":false,"seo_booster_metabox":""},"product_brand":[],"product_cat":[196],"product_tag":[208],"products":[229],"fragrance":[],"capacity":[277],"class_list":{"0":"post-4882","1":"product","2":"type-product","3":"status-publish","4":"has-post-thumbnail","6":"product_cat-cindy-bloom","7":"product_tag-nuoc-hoa-trung-cap","8":"products-nuoc-hoa-cindy-bloom","9":"capacity-danh-muc-nuoc-hoa-50ml","11":"first","12":"instock","13":"shipping-taxable","14":"purchasable","15":"product-type-simple"},"acf":[],"_links":{"self":[{"href":"https:\/\/scc-export.com\/vi\/wp-json\/wp\/v2\/product\/4882","targetHints":{"allow":["GET"]}}],"collection":[{"href":"https:\/\/scc-export.com\/vi\/wp-json\/wp\/v2\/product"}],"about":[{"href":"https:\/\/scc-export.com\/vi\/wp-json\/wp\/v2\/types\/product"}],"replies":[{"embeddable":true,"href":"https:\/\/scc-export.com\/vi\/wp-json\/wp\/v2\/comments?post=4882"}],"version-history":[{"count":0,"href":"https:\/\/scc-export.com\/vi\/wp-json\/wp\/v2\/product\/4882\/revisions"}],"wp:featuredmedia":[{"embeddable":true,"href":"https:\/\/scc-export.com\/vi\/wp-json\/wp\/v2\/media\/913"}],"wp:attachment":[{"href":"https:\/\/scc-export.com\/vi\/wp-json\/wp\/v2\/media?parent=4882"}],"wp:term":[{"taxonomy":"product_brand","embeddable":true,"href":"https:\/\/scc-export.com\/vi\/wp-json\/wp\/v2\/product_brand?post=4882"},{"taxonomy":"product_cat","embeddable":true,"href":"https:\/\/scc-export.com\/vi\/wp-json\/wp\/v2\/product_cat?post=4882"},{"taxonomy":"product_tag","embeddable":true,"href":"https:\/\/scc-export.com\/vi\/wp-json\/wp\/v2\/product_tag?post=4882"},{"taxonomy":"products","embeddable":true,"href":"https:\/\/scc-export.com\/vi\/wp-json\/wp\/v2\/products?post=4882"},{"taxonomy":"fragrance","embeddable":true,"href":"https:\/\/scc-export.com\/vi\/wp-json\/wp\/v2\/fragrance?post=4882"},{"taxonomy":"capacity","embeddable":true,"href":"https:\/\/scc-export.com\/vi\/wp-json\/wp\/v2\/capacity?post=4882"}],"curies":[{"name":"wp","href":"https:\/\/api.w.org\/{rel}","templated":true}]}}